{"id":11,"date":"2025-03-24T16:30:04","date_gmt":"2025-03-24T16:30:04","guid":{"rendered":"https:\/\/relane.org.mx\/web25\/?page_id=11"},"modified":"2025-08-13T20:23:34","modified_gmt":"2025-08-13T20:23:34","slug":"inicio","status":"publish","type":"page","link":"https:\/\/relane.org.mx\/web25\/","title":{"rendered":"Inicio"},"content":{"rendered":"\t\t<div data-elementor-type=\"wp-page\" data-elementor-id=\"11\" class=\"elementor elementor-11\">\n\t\t\t\t<div class=\"elementor-element elementor-element-59ffd607 e-flex e-con-boxed e-con e-parent\" data-id=\"59ffd607\" data-element_type=\"container\">\n\t\t\t\t\t<div class=\"e-con-inner\">\n\t\t\t\t<div class=\"elementor-element elementor-element-c77ac4f elementor-widget elementor-widget-text-editor\" data-id=\"c77ac4f\" data-element_type=\"widget\" data-widget_type=\"text-editor.default\">\n\t\t\t\t<div class=\"elementor-widget-container\">\n\t\t\t\t\t\t\t\t\t<p><\/p>\n<h1 style=\"text-align: center;\" data-start=\"0\" data-end=\"37\"><strong><span class=\"relative -mx-px my-[-0.2rem] rounded px-px py-[0.2rem] transition-colors duration-100 ease-in-out\">Bienvenidos al sitio oficial de la Red Latinoamericana de Negocios (RELANE)<\/span><\/strong><\/h1>\n<p data-start=\"39\" data-end=\"76\"><span class=\"relative -mx-px my-[-0.2rem] rounded px-px py-[0.2rem] transition-colors duration-100 ease-in-out\">Desde RELANE nos complace recibirte en este espacio virtual dise\u00f1ado para fortalecer el v\u00ednculo entre estudiantes, investigadores, profesionales y autoridades del \u00e1mbito de las ciencias econ\u00f3mico\u2011administrativas. Aqu\u00ed encontrar\u00e1s toda la informaci\u00f3n necesaria para participar en nuestro evento anual.<\/span><\/p>\n<p data-start=\"39\" data-end=\"76\">\n<\/p><h3 data-start=\"83\" data-end=\"105\">\u00bfQu\u00e9 es RELANE?<\/h3>\n<p data-start=\"107\" data-end=\"221\"><span class=\"relative -mx-px my-[-0.2rem] rounded px-px py-[0.2rem] transition-colors duration-100 ease-in-out\">RELANE es un foro acad\u00e9mico y profesional que busca <strong data-start=\"52\" data-end=\"121\">impulsar el intercambio de conocimiento, innovaci\u00f3n y experiencia<\/strong> en diversas \u00e1reas de las ciencias econ\u00f3mico\u2011administrativas<\/span> <span class=\"relative -mx-px my-[-0.2rem] rounded px-px py-[0.2rem] transition-colors duration-100 ease-in-out\">Nuestra meta es:<\/span><\/p>\n<ul data-start=\"223\" data-end=\"515\">\n<li data-start=\"223\" data-end=\"264\">\n<p data-start=\"225\" data-end=\"264\"><span class=\"relative -mx-px my-[-0.2rem] rounded px-px py-[0.2rem] transition-colors duration-100 ease-in-out\">Conectar estudiantes, acad\u00e9micos, expertos y profesionales de Am\u00e9rica Latina.<\/span><\/p>\n<\/li>\n<li data-start=\"265\" data-end=\"306\">\n<p data-start=\"267\" data-end=\"306\"><span class=\"relative -mx-px my-[-0.2rem] rounded px-px py-[0.2rem] transition-colors duration-100 ease-in-out\">Actualizar a los asistentes sobre tendencias y buenas pr\u00e1cticas.<\/span><\/p>\n<\/li>\n<li data-start=\"307\" data-end=\"348\">\n<p data-start=\"309\" data-end=\"348\"><span class=\"relative -mx-px my-[-0.2rem] rounded px-px py-[0.2rem] transition-colors duration-100 ease-in-out\">Desarrollar habilidades clave (negociaci\u00f3n, liderazgo, emprendimiento, an\u00e1lisis de datos, marketing digital).<\/span><\/p>\n<\/li>\n<li data-start=\"349\" data-end=\"390\">\n<p data-start=\"351\" data-end=\"390\"><span class=\"relative -mx-px my-[-0.2rem] rounded px-px py-[0.2rem] transition-colors duration-100 ease-in-out\">Fomentar el networking profesional y generar oportunidades de colaboraci\u00f3n.<\/span><\/p>\n<\/li>\n<li data-start=\"391\" data-end=\"432\">\n<p data-start=\"393\" data-end=\"432\"><span class=\"relative -mx-px my-[-0.2rem] rounded px-px py-[0.2rem] transition-colors duration-100 ease-in-out\">Promover el desarrollo profesional y contribuir al crecimiento econ\u00f3mico y social.<\/span><\/p>\n<\/li>\n<li data-start=\"433\" data-end=\"515\">\n<p data-start=\"435\" data-end=\"515\"><span class=\"relative -mx-px my-[-0.2rem] rounded px-px py-[0.2rem] transition-colors duration-100 ease-in-out\">Mostrar a Manzanillo (Colima) como destino ideal para encuentros acad\u00e9micos<\/span><\/p>\n<\/li>\n<\/ul>\n<h3 data-start=\"522\" data-end=\"564\">RELANE 2025 \u2013 Virtual en Manzanillo<\/h3>\n<ul data-start=\"566\" data-end=\"902\">\n<li data-start=\"566\" data-end=\"609\">\n<p data-start=\"568\" data-end=\"609\"><span class=\"relative -mx-px my-[-0.2rem] rounded px-px py-[0.2rem] transition-colors duration-100 ease-in-out\"><strong data-start=\"0\" data-end=\"10\" data-is-only-node=\"\">Fechas<\/strong>: 20 y 21 de octubre de 2025<\/span><\/p>\n<\/li>\n<li data-start=\"610\" data-end=\"694\">\n<p data-start=\"612\" data-end=\"694\"><span class=\"relative -mx-px my-[-0.2rem] rounded px-px py-[0.2rem] transition-colors duration-100 ease-in-out\"><strong data-start=\"0\" data-end=\"13\" data-is-only-node=\"\">Modalidad<\/strong>: virtual, desde la Facultad de Comercio Exterior de la Universidad de Colima<\/span><\/p>\n<\/li>\n<li data-start=\"695\" data-end=\"902\">\n<p data-start=\"697\" data-end=\"728\"><strong data-start=\"697\" data-end=\"725\">Conferencias magistrales<\/strong>:<\/p>\n<\/li>\n<\/ul>\n<p><\/p>\t\t\t\t\t\t\t\t<\/div>\n\t\t\t\t<\/div>\n\t\t\t\t\t<\/div>\n\t\t\t\t<\/div>\n\t\t<div class=\"elementor-element elementor-element-3273437 e-flex e-con-boxed e-con e-parent\" data-id=\"3273437\" data-element_type=\"container\">\n\t\t\t\t\t<div class=\"e-con-inner\">\n\t\t\t\t<div class=\"elementor-element elementor-element-430d198 elementor-view-default elementor-widget elementor-widget-icon\" data-id=\"430d198\" data-element_type=\"widget\" data-widget_type=\"icon.default\">\n\t\t\t\t<div class=\"elementor-widget-container\">\n\t\t\t\t\t\t\t<div class=\"elementor-icon-wrapper\">\n\t\t\t<div class=\"elementor-icon\">\n\t\t\t<svg aria-hidden=\"true\" class=\"e-font-icon-svg e-fas-star\" viewBox=\"0 0 576 512\" xmlns=\"http:\/\/www.w3.org\/2000\/svg\"><path d=\"M259.3 17.8L194 150.2 47.9 171.5c-26.2 3.8-36.7 36.1-17.7 54.6l105.7 103-25 145.5c-4.5 26.3 23.2 46 46.4 33.7L288 439.6l130.7 68.7c23.2 12.2 50.9-7.4 46.4-33.7l-25-145.5 105.7-103c19-18.5 8.5-50.8-17.7-54.6L382 150.2 316.7 17.8c-11.7-23.6-45.6-23.9-57.4 0z\"><\/path><\/svg>\t\t\t<\/div>\n\t\t<\/div>\n\t\t\t\t\t\t<\/div>\n\t\t\t\t<\/div>\n\t\t\t\t\t<\/div>\n\t\t\t\t<\/div>\n\t\t<div class=\"elementor-element elementor-element-35c07ce e-flex e-con-boxed e-con e-parent\" data-id=\"35c07ce\" data-element_type=\"container\">\n\t\t\t\t\t<div class=\"e-con-inner\">\n\t\t\t\t\t<\/div>\n\t\t\t\t<\/div>\n\t\t\t\t<\/div>\n\t\t","protected":false},"excerpt":{"rendered":"<p>Bienvenidos al sitio oficial de la Red Latinoamericana de Negocios (RELANE) Desde RELANE nos complace recibirte en este espacio virtual dise\u00f1ado para fortalecer el v\u00ednculo entre estudiantes, investigadores, profesionales y autoridades del \u00e1mbito de las ciencias econ\u00f3mico\u2011administrativas. Aqu\u00ed encontrar\u00e1s toda la informaci\u00f3n necesaria para participar en nuestro evento anual. \u00bfQu\u00e9 es RELANE? RELANE es un&hellip;&nbsp;<a href=\"https:\/\/relane.org.mx\/web25\/\" rel=\"bookmark\"><span class=\"screen-reader-text\">Inicio<\/span><\/a><\/p>\n","protected":false},"author":1,"featured_media":0,"parent":0,"menu_order":0,"comment_status":"closed","ping_status":"closed","template":"","meta":{"neve_meta_sidebar":"","neve_meta_container":"","neve_meta_enable_content_width":"off","neve_meta_content_width":100,"neve_meta_title_alignment":"","neve_meta_author_avatar":"","neve_post_elements_order":"","neve_meta_disable_header":"","neve_meta_disable_footer":"","neve_meta_disable_title":"","footnotes":""},"class_list":["post-11","page","type-page","status-publish","hentry"],"yoast_head":"<!-- This site is optimized with the Yoast SEO plugin v24.7 - https:\/\/yoast.com\/wordpress\/plugins\/seo\/ -->\n<title>Inicio - RELANE 2025<\/title>\n<meta name=\"robots\" content=\"index, follow, max-snippet:-1, max-image-preview:large, max-video-preview:-1\" \/>\n<link rel=\"canonical\" href=\"https:\/\/relane.org.mx\/web25\/\" \/>\n<meta property=\"og:locale\" content=\"es_ES\" \/>\n<meta property=\"og:type\" content=\"article\" \/>\n<meta property=\"og:title\" content=\"Inicio - RELANE 2025\" \/>\n<meta property=\"og:description\" content=\"Bienvenidos al sitio oficial de la Red Latinoamericana de Negocios (RELANE) Desde RELANE nos complace recibirte en este espacio virtual dise\u00f1ado para fortalecer el v\u00ednculo entre estudiantes, investigadores, profesionales y autoridades del \u00e1mbito de las ciencias econ\u00f3mico\u2011administrativas. Aqu\u00ed encontrar\u00e1s toda la informaci\u00f3n necesaria para participar en nuestro evento anual. \u00bfQu\u00e9 es RELANE? RELANE es un&hellip;&nbsp;Inicio\" \/>\n<meta property=\"og:url\" content=\"https:\/\/relane.org.mx\/web25\/\" \/>\n<meta property=\"og:site_name\" content=\"RELANE 2025\" \/>\n<meta property=\"article:modified_time\" content=\"2025-08-13T20:23:34+00:00\" \/>\n<meta name=\"twitter:card\" content=\"summary_large_image\" \/>\n<meta name=\"twitter:label1\" content=\"Tiempo de lectura\" \/>\n\t<meta name=\"twitter:data1\" content=\"1 minuto\" \/>\n<script type=\"application\/ld+json\" class=\"yoast-schema-graph\">{\"@context\":\"https:\/\/schema.org\",\"@graph\":[{\"@type\":\"WebPage\",\"@id\":\"https:\/\/relane.org.mx\/web25\/\",\"url\":\"https:\/\/relane.org.mx\/web25\/\",\"name\":\"Inicio - RELANE 2025\",\"isPartOf\":{\"@id\":\"https:\/\/relane.org.mx\/web25\/#website\"},\"datePublished\":\"2025-03-24T16:30:04+00:00\",\"dateModified\":\"2025-08-13T20:23:34+00:00\",\"breadcrumb\":{\"@id\":\"https:\/\/relane.org.mx\/web25\/#breadcrumb\"},\"inLanguage\":\"es\",\"potentialAction\":[{\"@type\":\"ReadAction\",\"target\":[\"https:\/\/relane.org.mx\/web25\/\"]}]},{\"@type\":\"BreadcrumbList\",\"@id\":\"https:\/\/relane.org.mx\/web25\/#breadcrumb\",\"itemListElement\":[{\"@type\":\"ListItem\",\"position\":1,\"name\":\"Portada\",\"item\":\"https:\/\/relane.org.mx\/web25\/\"},{\"@type\":\"ListItem\",\"position\":2,\"name\":\"Inicio\"}]},{\"@type\":\"WebSite\",\"@id\":\"https:\/\/relane.org.mx\/web25\/#website\",\"url\":\"https:\/\/relane.org.mx\/web25\/\",\"name\":\"RELANE 2025\",\"description\":\"\",\"potentialAction\":[{\"@type\":\"SearchAction\",\"target\":{\"@type\":\"EntryPoint\",\"urlTemplate\":\"https:\/\/relane.org.mx\/web25\/?s={search_term_string}\"},\"query-input\":{\"@type\":\"PropertyValueSpecification\",\"valueRequired\":true,\"valueName\":\"search_term_string\"}}],\"inLanguage\":\"es\"}]}<\/script>\n<!-- \/ Yoast SEO plugin. -->","yoast_head_json":{"title":"Inicio - RELANE 2025","robots":{"index":"index","follow":"follow","max-snippet":"max-snippet:-1","max-image-preview":"max-image-preview:large","max-video-preview":"max-video-preview:-1"},"canonical":"https:\/\/relane.org.mx\/web25\/","og_locale":"es_ES","og_type":"article","og_title":"Inicio - RELANE 2025","og_description":"Bienvenidos al sitio oficial de la Red Latinoamericana de Negocios (RELANE) Desde RELANE nos complace recibirte en este espacio virtual dise\u00f1ado para fortalecer el v\u00ednculo entre estudiantes, investigadores, profesionales y autoridades del \u00e1mbito de las ciencias econ\u00f3mico\u2011administrativas. Aqu\u00ed encontrar\u00e1s toda la informaci\u00f3n necesaria para participar en nuestro evento anual. \u00bfQu\u00e9 es RELANE? RELANE es un&hellip;&nbsp;Inicio","og_url":"https:\/\/relane.org.mx\/web25\/","og_site_name":"RELANE 2025","article_modified_time":"2025-08-13T20:23:34+00:00","twitter_card":"summary_large_image","twitter_misc":{"Tiempo de lectura":"1 minuto"},"schema":{"@context":"https:\/\/schema.org","@graph":[{"@type":"WebPage","@id":"https:\/\/relane.org.mx\/web25\/","url":"https:\/\/relane.org.mx\/web25\/","name":"Inicio - RELANE 2025","isPartOf":{"@id":"https:\/\/relane.org.mx\/web25\/#website"},"datePublished":"2025-03-24T16:30:04+00:00","dateModified":"2025-08-13T20:23:34+00:00","breadcrumb":{"@id":"https:\/\/relane.org.mx\/web25\/#breadcrumb"},"inLanguage":"es","potentialAction":[{"@type":"ReadAction","target":["https:\/\/relane.org.mx\/web25\/"]}]},{"@type":"BreadcrumbList","@id":"https:\/\/relane.org.mx\/web25\/#breadcrumb","itemListElement":[{"@type":"ListItem","position":1,"name":"Portada","item":"https:\/\/relane.org.mx\/web25\/"},{"@type":"ListItem","position":2,"name":"Inicio"}]},{"@type":"WebSite","@id":"https:\/\/relane.org.mx\/web25\/#website","url":"https:\/\/relane.org.mx\/web25\/","name":"RELANE 2025","description":"","potentialAction":[{"@type":"SearchAction","target":{"@type":"EntryPoint","urlTemplate":"https:\/\/relane.org.mx\/web25\/?s={search_term_string}"},"query-input":{"@type":"PropertyValueSpecification","valueRequired":true,"valueName":"search_term_string"}}],"inLanguage":"es"}]}},"_links":{"self":[{"href":"https:\/\/relane.org.mx\/web25\/index.php\/wp-json\/wp\/v2\/pages\/11","targetHints":{"allow":["GET"]}}],"collection":[{"href":"https:\/\/relane.org.mx\/web25\/index.php\/wp-json\/wp\/v2\/pages"}],"about":[{"href":"https:\/\/relane.org.mx\/web25\/index.php\/wp-json\/wp\/v2\/types\/page"}],"author":[{"embeddable":true,"href":"https:\/\/relane.org.mx\/web25\/index.php\/wp-json\/wp\/v2\/users\/1"}],"replies":[{"embeddable":true,"href":"https:\/\/relane.org.mx\/web25\/index.php\/wp-json\/wp\/v2\/comments?post=11"}],"version-history":[{"count":5,"href":"https:\/\/relane.org.mx\/web25\/index.php\/wp-json\/wp\/v2\/pages\/11\/revisions"}],"predecessor-version":[{"id":267,"href":"https:\/\/relane.org.mx\/web25\/index.php\/wp-json\/wp\/v2\/pages\/11\/revisions\/267"}],"wp:attachment":[{"href":"https:\/\/relane.org.mx\/web25\/index.php\/wp-json\/wp\/v2\/media?parent=11"}],"curies":[{"name":"wp","href":"https:\/\/api.w.org\/{rel}","templated":true}]}}