{"id":13,"date":"2025-03-24T16:30:04","date_gmt":"2025-03-24T16:30:04","guid":{"rendered":"https:\/\/relane.org.mx\/web25\/?page_id=13"},"modified":"2025-08-14T16:26:27","modified_gmt":"2025-08-14T16:26:27","slug":"contacto","status":"publish","type":"page","link":"https:\/\/relane.org.mx\/web25\/index.php\/contacto\/","title":{"rendered":"Contacto"},"content":{"rendered":"\t\t<div data-elementor-type=\"wp-page\" data-elementor-id=\"13\" class=\"elementor elementor-13\">\n\t\t\t\t<div class=\"elementor-element elementor-element-6a321427 e-flex e-con-boxed e-con e-parent\" data-id=\"6a321427\" data-element_type=\"container\">\n\t\t\t\t\t<div class=\"e-con-inner\">\n\t\t\t\t<div class=\"elementor-element elementor-element-52fb0e24 elementor-widget elementor-widget-text-editor\" data-id=\"52fb0e24\" data-element_type=\"widget\" data-widget_type=\"text-editor.default\">\n\t\t\t\t<div class=\"elementor-widget-container\">\n\t\t\t\t\t\t\t\t\t<p>Para mayor informaci\u00f3n mandar correo a ucolca106<span style=\"color: #1f1f1f; font-family: 'Google Sans Text', 'Google Sans', Roboto, Arial, sans-serif; font-size: 1rem; letter-spacing: 0rem;\">@gmail.com<\/span><\/p><p>\u00a0<\/p><p>Contacto RELANE\u00a0<\/p><p><a href=\"mailto:jlino@ucol.mx\">Dr. Juan Alfredo Lino Gami\u00f1o<\/a><\/p><p>jlino@ucol.mx<\/p><p>Contacto Universidad Cesar Vallejo, Per\u00fa<\/p><p><a href=\"mailto: ecampechano@gmail.com\">Dr. Eduardo Jos\u00e9 Campechano<\/a><a href=\"mailto: ecampechano@gmail.com\"> Escalona<\/a><\/p><p>ecampechano@gmail.com.<\/p>\t\t\t\t\t\t\t\t<\/div>\n\t\t\t\t<\/div>\n\t\t\t\t\t<\/div>\n\t\t\t\t<\/div>\n\t\t<div class=\"elementor-element elementor-element-e795150 e-flex e-con-boxed e-con e-parent\" data-id=\"e795150\" data-element_type=\"container\">\n\t\t\t\t\t<div class=\"e-con-inner\">\n\t\t\t\t\t<\/div>\n\t\t\t\t<\/div>\n\t\t\t\t<\/div>\n\t\t","protected":false},"excerpt":{"rendered":"<p>Para mayor informaci\u00f3n mandar correo a ucolca106@gmail.com \u00a0 Contacto RELANE\u00a0 Dr. Juan Alfredo Lino Gami\u00f1o jlino@ucol.mx Contacto Universidad Cesar Vallejo, Per\u00fa Dr. Eduardo Jos\u00e9 Campechano Escalona ecampechano@gmail.com.<\/p>\n","protected":false},"author":1,"featured_media":8,"parent":0,"menu_order":0,"comment_status":"closed","ping_status":"closed","template":"","meta":{"neve_meta_sidebar":"","neve_meta_container":"","neve_meta_enable_content_width":"","neve_meta_content_width":0,"neve_meta_title_alignment":"","neve_meta_author_avatar":"","neve_post_elements_order":"","neve_meta_disable_header":"","neve_meta_disable_footer":"","neve_meta_disable_title":"","footnotes":""},"class_list":["post-13","page","type-page","status-publish","has-post-thumbnail","hentry"],"yoast_head":"<!-- This site is optimized with the Yoast SEO plugin v24.7 - https:\/\/yoast.com\/wordpress\/plugins\/seo\/ -->\n<title>Contacto - RELANE 2025<\/title>\n<meta name=\"robots\" content=\"index, follow, max-snippet:-1, max-image-preview:large, max-video-preview:-1\" \/>\n<link rel=\"canonical\" href=\"https:\/\/relane.org.mx\/web25\/index.php\/contacto\/\" \/>\n<meta property=\"og:locale\" content=\"es_ES\" \/>\n<meta property=\"og:type\" content=\"article\" \/>\n<meta property=\"og:title\" content=\"Contacto - RELANE 2025\" \/>\n<meta property=\"og:description\" content=\"Para mayor informaci\u00f3n mandar correo a ucolca106@gmail.com \u00a0 Contacto RELANE\u00a0 Dr. Juan Alfredo Lino Gami\u00f1o jlino@ucol.mx Contacto Universidad Cesar Vallejo, Per\u00fa Dr. Eduardo Jos\u00e9 Campechano Escalona ecampechano@gmail.com.\" \/>\n<meta property=\"og:url\" content=\"https:\/\/relane.org.mx\/web25\/index.php\/contacto\/\" \/>\n<meta property=\"og:site_name\" content=\"RELANE 2025\" \/>\n<meta property=\"article:modified_time\" content=\"2025-08-14T16:26:27+00:00\" \/>\n<meta property=\"og:image\" content=\"https:\/\/relane.org.mx\/web25\/wp-content\/uploads\/2025\/03\/espresso.jpg\" \/>\n\t<meta property=\"og:image:width\" content=\"2000\" \/>\n\t<meta property=\"og:image:height\" content=\"1200\" \/>\n\t<meta property=\"og:image:type\" content=\"image\/jpeg\" \/>\n<meta name=\"twitter:card\" content=\"summary_large_image\" \/>\n<meta name=\"twitter:label1\" content=\"Tiempo de lectura\" \/>\n\t<meta name=\"twitter:data1\" content=\"1 minuto\" \/>\n<script type=\"application\/ld+json\" class=\"yoast-schema-graph\">{\"@context\":\"https:\/\/schema.org\",\"@graph\":[{\"@type\":\"WebPage\",\"@id\":\"https:\/\/relane.org.mx\/web25\/index.php\/contacto\/\",\"url\":\"https:\/\/relane.org.mx\/web25\/index.php\/contacto\/\",\"name\":\"Contacto - RELANE 2025\",\"isPartOf\":{\"@id\":\"https:\/\/relane.org.mx\/web25\/#website\"},\"primaryImageOfPage\":{\"@id\":\"https:\/\/relane.org.mx\/web25\/index.php\/contacto\/#primaryimage\"},\"image\":{\"@id\":\"https:\/\/relane.org.mx\/web25\/index.php\/contacto\/#primaryimage\"},\"thumbnailUrl\":\"https:\/\/relane.org.mx\/web25\/wp-content\/uploads\/2025\/03\/espresso.jpg\",\"datePublished\":\"2025-03-24T16:30:04+00:00\",\"dateModified\":\"2025-08-14T16:26:27+00:00\",\"breadcrumb\":{\"@id\":\"https:\/\/relane.org.mx\/web25\/index.php\/contacto\/#breadcrumb\"},\"inLanguage\":\"es\",\"potentialAction\":[{\"@type\":\"ReadAction\",\"target\":[\"https:\/\/relane.org.mx\/web25\/index.php\/contacto\/\"]}]},{\"@type\":\"ImageObject\",\"inLanguage\":\"es\",\"@id\":\"https:\/\/relane.org.mx\/web25\/index.php\/contacto\/#primaryimage\",\"url\":\"https:\/\/relane.org.mx\/web25\/wp-content\/uploads\/2025\/03\/espresso.jpg\",\"contentUrl\":\"https:\/\/relane.org.mx\/web25\/wp-content\/uploads\/2025\/03\/espresso.jpg\",\"width\":2000,\"height\":1200},{\"@type\":\"BreadcrumbList\",\"@id\":\"https:\/\/relane.org.mx\/web25\/index.php\/contacto\/#breadcrumb\",\"itemListElement\":[{\"@type\":\"ListItem\",\"position\":1,\"name\":\"Portada\",\"item\":\"https:\/\/relane.org.mx\/web25\/\"},{\"@type\":\"ListItem\",\"position\":2,\"name\":\"Contacto\"}]},{\"@type\":\"WebSite\",\"@id\":\"https:\/\/relane.org.mx\/web25\/#website\",\"url\":\"https:\/\/relane.org.mx\/web25\/\",\"name\":\"RELANE 2025\",\"description\":\"\",\"potentialAction\":[{\"@type\":\"SearchAction\",\"target\":{\"@type\":\"EntryPoint\",\"urlTemplate\":\"https:\/\/relane.org.mx\/web25\/?s={search_term_string}\"},\"query-input\":{\"@type\":\"PropertyValueSpecification\",\"valueRequired\":true,\"valueName\":\"search_term_string\"}}],\"inLanguage\":\"es\"}]}<\/script>\n<!-- \/ Yoast SEO plugin. -->","yoast_head_json":{"title":"Contacto - RELANE 2025","robots":{"index":"index","follow":"follow","max-snippet":"max-snippet:-1","max-image-preview":"max-image-preview:large","max-video-preview":"max-video-preview:-1"},"canonical":"https:\/\/relane.org.mx\/web25\/index.php\/contacto\/","og_locale":"es_ES","og_type":"article","og_title":"Contacto - RELANE 2025","og_description":"Para mayor informaci\u00f3n mandar correo a ucolca106@gmail.com \u00a0 Contacto RELANE\u00a0 Dr. Juan Alfredo Lino Gami\u00f1o jlino@ucol.mx Contacto Universidad Cesar Vallejo, Per\u00fa Dr. Eduardo Jos\u00e9 Campechano Escalona ecampechano@gmail.com.","og_url":"https:\/\/relane.org.mx\/web25\/index.php\/contacto\/","og_site_name":"RELANE 2025","article_modified_time":"2025-08-14T16:26:27+00:00","og_image":[{"width":2000,"height":1200,"url":"https:\/\/relane.org.mx\/web25\/wp-content\/uploads\/2025\/03\/espresso.jpg","type":"image\/jpeg"}],"twitter_card":"summary_large_image","twitter_misc":{"Tiempo de lectura":"1 minuto"},"schema":{"@context":"https:\/\/schema.org","@graph":[{"@type":"WebPage","@id":"https:\/\/relane.org.mx\/web25\/index.php\/contacto\/","url":"https:\/\/relane.org.mx\/web25\/index.php\/contacto\/","name":"Contacto - RELANE 2025","isPartOf":{"@id":"https:\/\/relane.org.mx\/web25\/#website"},"primaryImageOfPage":{"@id":"https:\/\/relane.org.mx\/web25\/index.php\/contacto\/#primaryimage"},"image":{"@id":"https:\/\/relane.org.mx\/web25\/index.php\/contacto\/#primaryimage"},"thumbnailUrl":"https:\/\/relane.org.mx\/web25\/wp-content\/uploads\/2025\/03\/espresso.jpg","datePublished":"2025-03-24T16:30:04+00:00","dateModified":"2025-08-14T16:26:27+00:00","breadcrumb":{"@id":"https:\/\/relane.org.mx\/web25\/index.php\/contacto\/#breadcrumb"},"inLanguage":"es","potentialAction":[{"@type":"ReadAction","target":["https:\/\/relane.org.mx\/web25\/index.php\/contacto\/"]}]},{"@type":"ImageObject","inLanguage":"es","@id":"https:\/\/relane.org.mx\/web25\/index.php\/contacto\/#primaryimage","url":"https:\/\/relane.org.mx\/web25\/wp-content\/uploads\/2025\/03\/espresso.jpg","contentUrl":"https:\/\/relane.org.mx\/web25\/wp-content\/uploads\/2025\/03\/espresso.jpg","width":2000,"height":1200},{"@type":"BreadcrumbList","@id":"https:\/\/relane.org.mx\/web25\/index.php\/contacto\/#breadcrumb","itemListElement":[{"@type":"ListItem","position":1,"name":"Portada","item":"https:\/\/relane.org.mx\/web25\/"},{"@type":"ListItem","position":2,"name":"Contacto"}]},{"@type":"WebSite","@id":"https:\/\/relane.org.mx\/web25\/#website","url":"https:\/\/relane.org.mx\/web25\/","name":"RELANE 2025","description":"","potentialAction":[{"@type":"SearchAction","target":{"@type":"EntryPoint","urlTemplate":"https:\/\/relane.org.mx\/web25\/?s={search_term_string}"},"query-input":{"@type":"PropertyValueSpecification","valueRequired":true,"valueName":"search_term_string"}}],"inLanguage":"es"}]}},"_links":{"self":[{"href":"https:\/\/relane.org.mx\/web25\/index.php\/wp-json\/wp\/v2\/pages\/13","targetHints":{"allow":["GET"]}}],"collection":[{"href":"https:\/\/relane.org.mx\/web25\/index.php\/wp-json\/wp\/v2\/pages"}],"about":[{"href":"https:\/\/relane.org.mx\/web25\/index.php\/wp-json\/wp\/v2\/types\/page"}],"author":[{"embeddable":true,"href":"https:\/\/relane.org.mx\/web25\/index.php\/wp-json\/wp\/v2\/users\/1"}],"replies":[{"embeddable":true,"href":"https:\/\/relane.org.mx\/web25\/index.php\/wp-json\/wp\/v2\/comments?post=13"}],"version-history":[{"count":10,"href":"https:\/\/relane.org.mx\/web25\/index.php\/wp-json\/wp\/v2\/pages\/13\/revisions"}],"predecessor-version":[{"id":294,"href":"https:\/\/relane.org.mx\/web25\/index.php\/wp-json\/wp\/v2\/pages\/13\/revisions\/294"}],"wp:featuredmedia":[{"embeddable":true,"href":"https:\/\/relane.org.mx\/web25\/index.php\/wp-json\/wp\/v2\/media\/8"}],"wp:attachment":[{"href":"https:\/\/relane.org.mx\/web25\/index.php\/wp-json\/wp\/v2\/media?parent=13"}],"curies":[{"name":"wp","href":"https:\/\/api.w.org\/{rel}","templated":true}]}}