{"id":140,"date":"2025-06-12T19:33:49","date_gmt":"2025-06-12T19:33:49","guid":{"rendered":"https:\/\/relane.org.mx\/web25\/?page_id=140"},"modified":"2025-06-12T19:36:12","modified_gmt":"2025-06-12T19:36:12","slug":"objetivos","status":"publish","type":"page","link":"https:\/\/relane.org.mx\/web25\/index.php\/objetivos\/","title":{"rendered":"Objetivos"},"content":{"rendered":"\t\t<div data-elementor-type=\"wp-page\" data-elementor-id=\"140\" class=\"elementor elementor-140\">\n\t\t\t\t<div class=\"elementor-element elementor-element-4e88e11 e-flex e-con-boxed e-con e-parent\" data-id=\"4e88e11\" data-element_type=\"container\">\n\t\t\t\t\t<div class=\"e-con-inner\">\n\t\t\t\t<div class=\"elementor-element elementor-element-75cdd5a elementor-widget elementor-widget-text-editor\" data-id=\"75cdd5a\" data-element_type=\"widget\" data-widget_type=\"text-editor.default\">\n\t\t\t\t<div class=\"elementor-widget-container\">\n\t\t\t\t\t\t\t\t\t<ul><li data-start=\"208\" data-end=\"264\">Objetivos de RELANE<\/li><\/ul><ol data-start=\"266\" data-end=\"2401\"><li data-start=\"266\" data-end=\"555\"><p data-start=\"269\" data-end=\"555\"><strong data-start=\"269\" data-end=\"348\">Fomentar la producci\u00f3n cient\u00edfica en las ciencias econ\u00f3mico-administrativas<\/strong><br data-start=\"348\" data-end=\"351\" \/>Promover la generaci\u00f3n y difusi\u00f3n de investigaciones originales en las \u00e1reas de administraci\u00f3n, negocios, econom\u00eda, contabilidad, log\u00edstica y disciplinas afines, con impacto regional y latinoamericano.<\/p><\/li><li data-start=\"557\" data-end=\"830\"><p data-start=\"560\" data-end=\"830\"><strong data-start=\"560\" data-end=\"613\">Fortalecer la cooperaci\u00f3n acad\u00e9mica internacional<\/strong><br data-start=\"613\" data-end=\"616\" \/>Impulsar redes de colaboraci\u00f3n entre investigadores, docentes y estudiantes de instituciones de educaci\u00f3n superior de Am\u00e9rica Latina, facilitando la coautor\u00eda, intercambio de experiencias, y proyectos conjuntos.<\/p><\/li><li data-start=\"832\" data-end=\"1089\"><p data-start=\"835\" data-end=\"1089\"><strong data-start=\"835\" data-end=\"910\">Impulsar la formaci\u00f3n investigadora de estudiantes y j\u00f3venes acad\u00e9micos<\/strong><br data-start=\"910\" data-end=\"913\" \/>Ofrecer espacios de participaci\u00f3n activa en seminarios, congresos, clases espejo y redes tem\u00e1ticas que permitan el desarrollo de competencias investigativas y metodol\u00f3gicas.<\/p><\/li><li data-start=\"1091\" data-end=\"1355\"><p data-start=\"1094\" data-end=\"1355\"><strong data-start=\"1094\" data-end=\"1149\">Difundir buenas pr\u00e1cticas docentes e investigativas<\/strong><br data-start=\"1149\" data-end=\"1152\" \/>Establecer un repositorio de experiencias exitosas en innovaci\u00f3n educativa, metodolog\u00edas activas y desarrollo de competencias clave para la docencia universitaria en el campo econ\u00f3mico-administrativo.<\/p><\/li><li data-start=\"1357\" data-end=\"1630\"><p data-start=\"1360\" data-end=\"1630\"><strong data-start=\"1360\" data-end=\"1409\">Organizar eventos cient\u00edficos de alto impacto<\/strong><br data-start=\"1409\" data-end=\"1412\" \/>Consolidar anualmente el Congreso RELANE como un foro multidisciplinario donde se presenten ponencias arbitradas, conferencias magistrales y talleres metodol\u00f3gicos con participaci\u00f3n de especialistas internacionales.<\/p><\/li><li data-start=\"1632\" data-end=\"1869\"><p data-start=\"1635\" data-end=\"1869\"><strong data-start=\"1635\" data-end=\"1696\">Publicar y divulgar resultados de investigaci\u00f3n acad\u00e9mica<\/strong><br data-start=\"1696\" data-end=\"1699\" \/>Generar publicaciones en memorias, libros colectivos y revistas cient\u00edficas asociadas, garantizando procesos de evaluaci\u00f3n por pares y est\u00e1ndares de calidad editorial.<\/p><\/li><li data-start=\"1871\" data-end=\"2147\"><p data-start=\"1874\" data-end=\"2147\"><strong data-start=\"1874\" data-end=\"1948\">Desarrollar capacidades institucionales para la investigaci\u00f3n aplicada<\/strong><br data-start=\"1948\" data-end=\"1951\" \/>Estimular el desarrollo de cuerpos acad\u00e9micos y grupos de investigaci\u00f3n que respondan a los retos regionales, con propuestas innovadoras y soluciones estrat\u00e9gicas para el desarrollo sostenible.<\/p><\/li><li data-start=\"2149\" data-end=\"2401\"><p data-start=\"2152\" data-end=\"2401\"><strong data-start=\"2152\" data-end=\"2210\">Vincular la ciencia con el entorno productivo y social<\/strong><br data-start=\"2210\" data-end=\"2213\" \/>Facilitar la transferencia del conocimiento generado hacia el sector empresarial, gubernamental y social, contribuyendo con propuestas basadas en evidencia y responsabilidad cient\u00edfica.<\/p><\/li><\/ol>\t\t\t\t\t\t\t\t<\/div>\n\t\t\t\t<\/div>\n\t\t\t\t\t<\/div>\n\t\t\t\t<\/div>\n\t\t\t\t<\/div>\n\t\t","protected":false},"excerpt":{"rendered":"<p>Objetivos de RELANE Fomentar la producci\u00f3n cient\u00edfica en las ciencias econ\u00f3mico-administrativasPromover la generaci\u00f3n y difusi\u00f3n de investigaciones originales en las \u00e1reas de administraci\u00f3n, negocios, econom\u00eda, contabilidad, log\u00edstica y disciplinas afines, con impacto regional y latinoamericano. Fortalecer la cooperaci\u00f3n acad\u00e9mica internacionalImpulsar redes de colaboraci\u00f3n entre investigadores, docentes y estudiantes de instituciones de educaci\u00f3n superior de Am\u00e9rica&hellip;&nbsp;<a href=\"https:\/\/relane.org.mx\/web25\/index.php\/objetivos\/\" rel=\"bookmark\"><span class=\"screen-reader-text\">Objetivos<\/span><\/a><\/p>\n","protected":false},"author":1,"featured_media":0,"parent":0,"menu_order":0,"comment_status":"closed","ping_status":"closed","template":"page-templates\/template-pagebuilder-full-width.php","meta":{"neve_meta_sidebar":"","neve_meta_container":"","neve_meta_enable_content_width":"","neve_meta_content_width":0,"neve_meta_title_alignment":"","neve_meta_author_avatar":"","neve_post_elements_order":"","neve_meta_disable_header":"","neve_meta_disable_footer":"","neve_meta_disable_title":"","footnotes":""},"class_list":["post-140","page","type-page","status-publish","hentry"],"yoast_head":"<!-- This site is optimized with the Yoast SEO plugin v24.7 - https:\/\/yoast.com\/wordpress\/plugins\/seo\/ -->\n<title>Objetivos - RELANE 2025<\/title>\n<meta name=\"robots\" content=\"index, follow, max-snippet:-1, max-image-preview:large, max-video-preview:-1\" \/>\n<link rel=\"canonical\" href=\"https:\/\/relane.org.mx\/web25\/index.php\/objetivos\/\" \/>\n<meta property=\"og:locale\" content=\"es_ES\" \/>\n<meta property=\"og:type\" content=\"article\" \/>\n<meta property=\"og:title\" content=\"Objetivos - RELANE 2025\" \/>\n<meta property=\"og:description\" content=\"Objetivos de RELANE Fomentar la producci\u00f3n cient\u00edfica en las ciencias econ\u00f3mico-administrativasPromover la generaci\u00f3n y difusi\u00f3n de investigaciones originales en las \u00e1reas de administraci\u00f3n, negocios, econom\u00eda, contabilidad, log\u00edstica y disciplinas afines, con impacto regional y latinoamericano. Fortalecer la cooperaci\u00f3n acad\u00e9mica internacionalImpulsar redes de colaboraci\u00f3n entre investigadores, docentes y estudiantes de instituciones de educaci\u00f3n superior de Am\u00e9rica&hellip;&nbsp;Objetivos\" \/>\n<meta property=\"og:url\" content=\"https:\/\/relane.org.mx\/web25\/index.php\/objetivos\/\" \/>\n<meta property=\"og:site_name\" content=\"RELANE 2025\" \/>\n<meta property=\"article:modified_time\" content=\"2025-06-12T19:36:12+00:00\" \/>\n<meta name=\"twitter:card\" content=\"summary_large_image\" \/>\n<meta name=\"twitter:label1\" content=\"Tiempo de lectura\" \/>\n\t<meta name=\"twitter:data1\" content=\"2 minutos\" \/>\n<script type=\"application\/ld+json\" class=\"yoast-schema-graph\">{\"@context\":\"https:\/\/schema.org\",\"@graph\":[{\"@type\":\"WebPage\",\"@id\":\"https:\/\/relane.org.mx\/web25\/index.php\/objetivos\/\",\"url\":\"https:\/\/relane.org.mx\/web25\/index.php\/objetivos\/\",\"name\":\"Objetivos - RELANE 2025\",\"isPartOf\":{\"@id\":\"https:\/\/relane.org.mx\/web25\/#website\"},\"datePublished\":\"2025-06-12T19:33:49+00:00\",\"dateModified\":\"2025-06-12T19:36:12+00:00\",\"breadcrumb\":{\"@id\":\"https:\/\/relane.org.mx\/web25\/index.php\/objetivos\/#breadcrumb\"},\"inLanguage\":\"es\",\"potentialAction\":[{\"@type\":\"ReadAction\",\"target\":[\"https:\/\/relane.org.mx\/web25\/index.php\/objetivos\/\"]}]},{\"@type\":\"BreadcrumbList\",\"@id\":\"https:\/\/relane.org.mx\/web25\/index.php\/objetivos\/#breadcrumb\",\"itemListElement\":[{\"@type\":\"ListItem\",\"position\":1,\"name\":\"Portada\",\"item\":\"https:\/\/relane.org.mx\/web25\/\"},{\"@type\":\"ListItem\",\"position\":2,\"name\":\"Objetivos\"}]},{\"@type\":\"WebSite\",\"@id\":\"https:\/\/relane.org.mx\/web25\/#website\",\"url\":\"https:\/\/relane.org.mx\/web25\/\",\"name\":\"RELANE 2025\",\"description\":\"\",\"potentialAction\":[{\"@type\":\"SearchAction\",\"target\":{\"@type\":\"EntryPoint\",\"urlTemplate\":\"https:\/\/relane.org.mx\/web25\/?s={search_term_string}\"},\"query-input\":{\"@type\":\"PropertyValueSpecification\",\"valueRequired\":true,\"valueName\":\"search_term_string\"}}],\"inLanguage\":\"es\"}]}<\/script>\n<!-- \/ Yoast SEO plugin. -->","yoast_head_json":{"title":"Objetivos - RELANE 2025","robots":{"index":"index","follow":"follow","max-snippet":"max-snippet:-1","max-image-preview":"max-image-preview:large","max-video-preview":"max-video-preview:-1"},"canonical":"https:\/\/relane.org.mx\/web25\/index.php\/objetivos\/","og_locale":"es_ES","og_type":"article","og_title":"Objetivos - RELANE 2025","og_description":"Objetivos de RELANE Fomentar la producci\u00f3n cient\u00edfica en las ciencias econ\u00f3mico-administrativasPromover la generaci\u00f3n y difusi\u00f3n de investigaciones originales en las \u00e1reas de administraci\u00f3n, negocios, econom\u00eda, contabilidad, log\u00edstica y disciplinas afines, con impacto regional y latinoamericano. Fortalecer la cooperaci\u00f3n acad\u00e9mica internacionalImpulsar redes de colaboraci\u00f3n entre investigadores, docentes y estudiantes de instituciones de educaci\u00f3n superior de Am\u00e9rica&hellip;&nbsp;Objetivos","og_url":"https:\/\/relane.org.mx\/web25\/index.php\/objetivos\/","og_site_name":"RELANE 2025","article_modified_time":"2025-06-12T19:36:12+00:00","twitter_card":"summary_large_image","twitter_misc":{"Tiempo de lectura":"2 minutos"},"schema":{"@context":"https:\/\/schema.org","@graph":[{"@type":"WebPage","@id":"https:\/\/relane.org.mx\/web25\/index.php\/objetivos\/","url":"https:\/\/relane.org.mx\/web25\/index.php\/objetivos\/","name":"Objetivos - RELANE 2025","isPartOf":{"@id":"https:\/\/relane.org.mx\/web25\/#website"},"datePublished":"2025-06-12T19:33:49+00:00","dateModified":"2025-06-12T19:36:12+00:00","breadcrumb":{"@id":"https:\/\/relane.org.mx\/web25\/index.php\/objetivos\/#breadcrumb"},"inLanguage":"es","potentialAction":[{"@type":"ReadAction","target":["https:\/\/relane.org.mx\/web25\/index.php\/objetivos\/"]}]},{"@type":"BreadcrumbList","@id":"https:\/\/relane.org.mx\/web25\/index.php\/objetivos\/#breadcrumb","itemListElement":[{"@type":"ListItem","position":1,"name":"Portada","item":"https:\/\/relane.org.mx\/web25\/"},{"@type":"ListItem","position":2,"name":"Objetivos"}]},{"@type":"WebSite","@id":"https:\/\/relane.org.mx\/web25\/#website","url":"https:\/\/relane.org.mx\/web25\/","name":"RELANE 2025","description":"","potentialAction":[{"@type":"SearchAction","target":{"@type":"EntryPoint","urlTemplate":"https:\/\/relane.org.mx\/web25\/?s={search_term_string}"},"query-input":{"@type":"PropertyValueSpecification","valueRequired":true,"valueName":"search_term_string"}}],"inLanguage":"es"}]}},"_links":{"self":[{"href":"https:\/\/relane.org.mx\/web25\/index.php\/wp-json\/wp\/v2\/pages\/140","targetHints":{"allow":["GET"]}}],"collection":[{"href":"https:\/\/relane.org.mx\/web25\/index.php\/wp-json\/wp\/v2\/pages"}],"about":[{"href":"https:\/\/relane.org.mx\/web25\/index.php\/wp-json\/wp\/v2\/types\/page"}],"author":[{"embeddable":true,"href":"https:\/\/relane.org.mx\/web25\/index.php\/wp-json\/wp\/v2\/users\/1"}],"replies":[{"embeddable":true,"href":"https:\/\/relane.org.mx\/web25\/index.php\/wp-json\/wp\/v2\/comments?post=140"}],"version-history":[{"count":12,"href":"https:\/\/relane.org.mx\/web25\/index.php\/wp-json\/wp\/v2\/pages\/140\/revisions"}],"predecessor-version":[{"id":152,"href":"https:\/\/relane.org.mx\/web25\/index.php\/wp-json\/wp\/v2\/pages\/140\/revisions\/152"}],"wp:attachment":[{"href":"https:\/\/relane.org.mx\/web25\/index.php\/wp-json\/wp\/v2\/media?parent=140"}],"curies":[{"name":"wp","href":"https:\/\/api.w.org\/{rel}","templated":true}]}}