{"id":156,"date":"2025-06-12T20:16:25","date_gmt":"2025-06-12T20:16:25","guid":{"rendered":"https:\/\/relane.org.mx\/web25\/?page_id=156"},"modified":"2025-06-12T20:19:25","modified_gmt":"2025-06-12T20:19:25","slug":"comite","status":"publish","type":"page","link":"https:\/\/relane.org.mx\/web25\/index.php\/comite\/","title":{"rendered":"Comit\u00e9"},"content":{"rendered":"\t\t<div data-elementor-type=\"wp-page\" data-elementor-id=\"156\" class=\"elementor elementor-156\">\n\t\t\t\t<div class=\"elementor-element elementor-element-131f5db e-flex e-con-boxed e-con e-parent\" data-id=\"131f5db\" data-element_type=\"container\">\n\t\t\t\t\t<div class=\"e-con-inner\">\n\t\t\t\t\t<\/div>\n\t\t\t\t<\/div>\n\t\t<div class=\"elementor-element elementor-element-c70c4a2 e-flex e-con-boxed e-con e-parent\" data-id=\"c70c4a2\" data-element_type=\"container\">\n\t\t\t\t\t<div class=\"e-con-inner\">\n\t\t\t\t<div class=\"elementor-element elementor-element-a984fe7 elementor-widget elementor-widget-text-editor\" data-id=\"a984fe7\" data-element_type=\"widget\" data-widget_type=\"text-editor.default\">\n\t\t\t\t<div class=\"elementor-widget-container\">\n\t\t\t\t\t\t\t\t\t<header style=\"box-sizing: inherit; margin-bottom: 1.5em; overflow-wrap: break-word; color: rgb(51, 65, 85); font-family: -apple-system, BlinkMacSystemFont, &quot;Segoe UI&quot;, Roboto, Oxygen-Sans, Ubuntu, Cantarell, &quot;Helvetica Neue&quot;, sans-serif; text-align: start;\"><h1 itemprop=\"headline\" style=\"box-sizing: inherit; border: 0px; font-size: 2rem; font-style: inherit; font-weight: 600; margin-bottom: 0.6em; outline: 0px; vertical-align: baseline; clear: both; color: rgb(30, 41, 59); line-height: 1.2; display: block;\">Comit\u00e9 Organizador<\/h1><\/header><div itemprop=\"text\" style=\"box-sizing: inherit; overflow-wrap: break-word; counter-reset: footnotes 0; color: rgb(51, 65, 85); font-family: -apple-system, BlinkMacSystemFont, &quot;Segoe UI&quot;, Roboto, Oxygen-Sans, Ubuntu, Cantarell, &quot;Helvetica Neue&quot;, sans-serif;\"><p style=\"box-sizing: inherit; border: 0px; font-style: inherit; font-weight: inherit; margin-bottom: 1.6em; outline: 0px; vertical-align: baseline;\">&nbsp;<\/p><h3 style=\"box-sizing: inherit; border: 0px; font-size: 1.5rem; font-style: inherit; font-weight: 600; margin-bottom: 20px; outline: 0px; vertical-align: baseline; clear: both; color: rgb(30, 41, 59); line-height: 1.3em;\">Comit\u00e9 Honorario.<\/h3><h5 style=\"box-sizing: inherit; border: 0px; font-size: 1rem; font-style: inherit; font-weight: 600; margin-bottom: 20px; outline: 0px; vertical-align: baseline; clear: both; color: rgb(30, 41, 59); line-height: 1.2em;\"><span style=\"box-sizing: inherit;\">D. en E. Christian Jorge Torres Ortiz Zerme\u00f1o,&nbsp; Rector de la Universidad de Colima.<\/span><\/h5><h4 style=\"box-sizing: inherit; border: 0px; font-size: 1.25rem; font-style: inherit; font-weight: 600; margin-bottom: 20px; outline: 0px; vertical-align: baseline; clear: both; color: rgb(30, 41, 59); line-height: 1.2em;\"><\/h4><ul style=\"border: 0px; font-style: inherit; font-weight: inherit; margin: revert; outline: 0px; padding-top: revert; padding-right: revert; padding-bottom: revert; padding-left: 20px; vertical-align: baseline; list-style: disc;\"><li style=\"box-sizing: inherit; border: 0px; font-style: inherit; font-weight: inherit; outline: 0px; vertical-align: baseline;\"><span style=\"box-sizing: inherit; font-weight: 700;\">Dra. Susana Aurelia Preciado Jim\u00e9nez, Coordinaci\u00f3n General de Docencia&nbsp;<\/span><span style=\"box-sizing: inherit; font-weight: 700;\">de la Universidad de Colima.<\/span><\/li><li style=\"box-sizing: inherit; border: 0px; font-style: inherit; font-weight: inherit; outline: 0px; vertical-align: baseline;\"><span style=\"box-sizing: inherit; font-weight: 700;\">Dra. X\u00f3chitl Ang\u00e9lica Ros\u00edo Trujillo Trujillo.&nbsp; &nbsp; Coordinaci\u00f3n General de Investigaci\u00f3n&nbsp;<\/span><span style=\"box-sizing: inherit; font-weight: 700;\">de la Universidad de Colima.<\/span><\/li><li style=\"box-sizing: inherit; border: 0px; font-style: inherit; font-weight: inherit; outline: 0px; vertical-align: baseline;\"><span style=\"box-sizing: inherit; font-weight: 700;\">Mtra. Ana Cecilia Garc\u00eda Valencia,&nbsp; Directora General de Relaciones Internacionales de la Universidad de Colima.<\/span><\/li><\/ul><p style=\"box-sizing: inherit; border: 0px; font-style: inherit; font-weight: inherit; margin-bottom: 1.6em; outline: 0px; vertical-align: baseline;\">&nbsp;<\/p><ul style=\"border: 0px; font-style: inherit; font-weight: inherit; margin: revert; outline: 0px; padding-top: revert; padding-right: revert; padding-bottom: revert; padding-left: 20px; vertical-align: baseline; list-style: disc;\"><li style=\"box-sizing: inherit; border: 0px; font-style: inherit; font-weight: inherit; outline: 0px; vertical-align: baseline;\">Dr. No\u00e9 L\u00f3pez Alvarado&nbsp; &nbsp;Director de la Facultad de Comercio Exterior<\/li><li style=\"box-sizing: inherit; border: 0px; font-style: inherit; font-weight: inherit; outline: 0px; vertical-align: baseline;\">Mtra. Elizabeth Sof\u00eda Alonso Hern\u00e1ndez&nbsp; &nbsp; Directora de la Facultad de Contabilidad y Administraci\u00f3n de Manzanillo.<\/li><\/ul><h5 style=\"box-sizing: inherit; border: 0px; font-size: 1rem; font-style: inherit; font-weight: 600; margin-bottom: 20px; outline: 0px; vertical-align: baseline; clear: both; color: rgb(30, 41, 59); line-height: 1.2em;\">Comite Organizador.<\/h5><ul style=\"border: 0px; font-style: inherit; font-weight: inherit; margin-top: revert; margin-right: revert; margin-left: revert; outline: 0px; padding-top: revert; padding-right: revert; padding-bottom: revert; padding-left: 20px; vertical-align: baseline; list-style: disc;\"><li style=\"box-sizing: inherit; border: 0px; font-style: inherit; font-weight: inherit; outline: 0px; vertical-align: baseline;\">Dr. Juan Alfredo Lino Gami\u00f1o&nbsp; &nbsp; &nbsp;Presidente de Comit\u00e9<\/li><li style=\"box-sizing: inherit; border: 0px; font-style: inherit; font-weight: inherit; outline: 0px; vertical-align: baseline;\">Dr. Carlos M\u00e9ndez Gonz\u00e1lez&nbsp; FACEX UCOL<\/li><li style=\"box-sizing: inherit; border: 0px; font-style: inherit; font-weight: inherit; outline: 0px; vertical-align: baseline;\">Dr. Sergio Iv\u00e1n Ram\u00edrez Cacho.&nbsp; FCAM UCOL<\/li><li style=\"box-sizing: inherit; border: 0px; font-style: inherit; font-weight: inherit; outline: 0px; vertical-align: baseline;\">Mtro. Luis Octavio R\u00edos Silva.&nbsp; FCAM UCOL<\/li><li style=\"box-sizing: inherit; border: 0px; font-style: inherit; font-weight: inherit; outline: 0px; vertical-align: baseline;\">Dra. Mar\u00eda S\u00e1nchez Losoya ITNM sede Colima<\/li><li style=\"box-sizing: inherit; border: 0px; font-style: inherit; font-weight: inherit; outline: 0px; vertical-align: baseline;\">Dr. Eduardo Jos\u00e9 Salazar Araujo USB Colombia<\/li><li style=\"box-sizing: inherit; border: 0px; font-style: inherit; font-weight: inherit; outline: 0px; vertical-align: baseline;\">Dr. Elkyn Rafael Lugo Arias Uniminuto Colombia<\/li><li style=\"box-sizing: inherit; border: 0px; font-style: inherit; font-weight: inherit; outline: 0px; vertical-align: baseline;\">Dr. Sergio Felipe L\u00f3pez Jim\u00e9nez FCAC UCOL<\/li><\/ul><\/div>\t\t\t\t\t\t\t\t<\/div>\n\t\t\t\t<\/div>\n\t\t\t\t\t<\/div>\n\t\t\t\t<\/div>\n\t\t\t\t<\/div>\n\t\t","protected":false},"excerpt":{"rendered":"<p>Comit\u00e9 Organizador &nbsp; Comit\u00e9 Honorario. D. en E. Christian Jorge Torres Ortiz Zerme\u00f1o,&nbsp; Rector de la Universidad de Colima. Dra. Susana Aurelia Preciado Jim\u00e9nez, Coordinaci\u00f3n General de Docencia&nbsp;de la Universidad de Colima. Dra. X\u00f3chitl Ang\u00e9lica Ros\u00edo Trujillo Trujillo.&nbsp; &nbsp; Coordinaci\u00f3n General de Investigaci\u00f3n&nbsp;de la Universidad de Colima. Mtra. Ana Cecilia Garc\u00eda Valencia,&nbsp; Directora General de&hellip;&nbsp;<a href=\"https:\/\/relane.org.mx\/web25\/index.php\/comite\/\" rel=\"bookmark\"><span class=\"screen-reader-text\">Comit\u00e9<\/span><\/a><\/p>\n","protected":false},"author":1,"featured_media":0,"parent":0,"menu_order":0,"comment_status":"closed","ping_status":"closed","template":"page-templates\/template-pagebuilder-full-width.php","meta":{"neve_meta_sidebar":"","neve_meta_container":"","neve_meta_enable_content_width":"off","neve_meta_content_width":100,"neve_meta_title_alignment":"","neve_meta_author_avatar":"","neve_post_elements_order":"","neve_meta_disable_header":"","neve_meta_disable_footer":"","neve_meta_disable_title":"","footnotes":""},"class_list":["post-156","page","type-page","status-publish","hentry"],"yoast_head":"<!-- This site is optimized with the Yoast SEO plugin v24.7 - https:\/\/yoast.com\/wordpress\/plugins\/seo\/ -->\n<title>Comit\u00e9 - RELANE 2025<\/title>\n<meta name=\"robots\" content=\"index, follow, max-snippet:-1, max-image-preview:large, max-video-preview:-1\" \/>\n<link rel=\"canonical\" href=\"https:\/\/relane.org.mx\/web25\/index.php\/comite\/\" \/>\n<meta property=\"og:locale\" content=\"es_ES\" \/>\n<meta property=\"og:type\" content=\"article\" \/>\n<meta property=\"og:title\" content=\"Comit\u00e9 - RELANE 2025\" \/>\n<meta property=\"og:description\" content=\"Comit\u00e9 Organizador &nbsp; Comit\u00e9 Honorario. D. en E. Christian Jorge Torres Ortiz Zerme\u00f1o,&nbsp; Rector de la Universidad de Colima. Dra. Susana Aurelia Preciado Jim\u00e9nez, Coordinaci\u00f3n General de Docencia&nbsp;de la Universidad de Colima. Dra. X\u00f3chitl Ang\u00e9lica Ros\u00edo Trujillo Trujillo.&nbsp; &nbsp; Coordinaci\u00f3n General de Investigaci\u00f3n&nbsp;de la Universidad de Colima. Mtra. Ana Cecilia Garc\u00eda Valencia,&nbsp; Directora General de&hellip;&nbsp;Comit\u00e9\" \/>\n<meta property=\"og:url\" content=\"https:\/\/relane.org.mx\/web25\/index.php\/comite\/\" \/>\n<meta property=\"og:site_name\" content=\"RELANE 2025\" \/>\n<meta property=\"article:modified_time\" content=\"2025-06-12T20:19:25+00:00\" \/>\n<meta name=\"twitter:card\" content=\"summary_large_image\" \/>\n<meta name=\"twitter:label1\" content=\"Tiempo de lectura\" \/>\n\t<meta name=\"twitter:data1\" content=\"1 minuto\" \/>\n<script type=\"application\/ld+json\" class=\"yoast-schema-graph\">{\"@context\":\"https:\/\/schema.org\",\"@graph\":[{\"@type\":\"WebPage\",\"@id\":\"https:\/\/relane.org.mx\/web25\/index.php\/comite\/\",\"url\":\"https:\/\/relane.org.mx\/web25\/index.php\/comite\/\",\"name\":\"Comit\u00e9 - RELANE 2025\",\"isPartOf\":{\"@id\":\"https:\/\/relane.org.mx\/web25\/#website\"},\"datePublished\":\"2025-06-12T20:16:25+00:00\",\"dateModified\":\"2025-06-12T20:19:25+00:00\",\"breadcrumb\":{\"@id\":\"https:\/\/relane.org.mx\/web25\/index.php\/comite\/#breadcrumb\"},\"inLanguage\":\"es\",\"potentialAction\":[{\"@type\":\"ReadAction\",\"target\":[\"https:\/\/relane.org.mx\/web25\/index.php\/comite\/\"]}]},{\"@type\":\"BreadcrumbList\",\"@id\":\"https:\/\/relane.org.mx\/web25\/index.php\/comite\/#breadcrumb\",\"itemListElement\":[{\"@type\":\"ListItem\",\"position\":1,\"name\":\"Portada\",\"item\":\"https:\/\/relane.org.mx\/web25\/\"},{\"@type\":\"ListItem\",\"position\":2,\"name\":\"Comit\u00e9\"}]},{\"@type\":\"WebSite\",\"@id\":\"https:\/\/relane.org.mx\/web25\/#website\",\"url\":\"https:\/\/relane.org.mx\/web25\/\",\"name\":\"RELANE 2025\",\"description\":\"\",\"potentialAction\":[{\"@type\":\"SearchAction\",\"target\":{\"@type\":\"EntryPoint\",\"urlTemplate\":\"https:\/\/relane.org.mx\/web25\/?s={search_term_string}\"},\"query-input\":{\"@type\":\"PropertyValueSpecification\",\"valueRequired\":true,\"valueName\":\"search_term_string\"}}],\"inLanguage\":\"es\"}]}<\/script>\n<!-- \/ Yoast SEO plugin. -->","yoast_head_json":{"title":"Comit\u00e9 - RELANE 2025","robots":{"index":"index","follow":"follow","max-snippet":"max-snippet:-1","max-image-preview":"max-image-preview:large","max-video-preview":"max-video-preview:-1"},"canonical":"https:\/\/relane.org.mx\/web25\/index.php\/comite\/","og_locale":"es_ES","og_type":"article","og_title":"Comit\u00e9 - RELANE 2025","og_description":"Comit\u00e9 Organizador &nbsp; Comit\u00e9 Honorario. D. en E. Christian Jorge Torres Ortiz Zerme\u00f1o,&nbsp; Rector de la Universidad de Colima. Dra. Susana Aurelia Preciado Jim\u00e9nez, Coordinaci\u00f3n General de Docencia&nbsp;de la Universidad de Colima. Dra. X\u00f3chitl Ang\u00e9lica Ros\u00edo Trujillo Trujillo.&nbsp; &nbsp; Coordinaci\u00f3n General de Investigaci\u00f3n&nbsp;de la Universidad de Colima. Mtra. Ana Cecilia Garc\u00eda Valencia,&nbsp; Directora General de&hellip;&nbsp;Comit\u00e9","og_url":"https:\/\/relane.org.mx\/web25\/index.php\/comite\/","og_site_name":"RELANE 2025","article_modified_time":"2025-06-12T20:19:25+00:00","twitter_card":"summary_large_image","twitter_misc":{"Tiempo de lectura":"1 minuto"},"schema":{"@context":"https:\/\/schema.org","@graph":[{"@type":"WebPage","@id":"https:\/\/relane.org.mx\/web25\/index.php\/comite\/","url":"https:\/\/relane.org.mx\/web25\/index.php\/comite\/","name":"Comit\u00e9 - RELANE 2025","isPartOf":{"@id":"https:\/\/relane.org.mx\/web25\/#website"},"datePublished":"2025-06-12T20:16:25+00:00","dateModified":"2025-06-12T20:19:25+00:00","breadcrumb":{"@id":"https:\/\/relane.org.mx\/web25\/index.php\/comite\/#breadcrumb"},"inLanguage":"es","potentialAction":[{"@type":"ReadAction","target":["https:\/\/relane.org.mx\/web25\/index.php\/comite\/"]}]},{"@type":"BreadcrumbList","@id":"https:\/\/relane.org.mx\/web25\/index.php\/comite\/#breadcrumb","itemListElement":[{"@type":"ListItem","position":1,"name":"Portada","item":"https:\/\/relane.org.mx\/web25\/"},{"@type":"ListItem","position":2,"name":"Comit\u00e9"}]},{"@type":"WebSite","@id":"https:\/\/relane.org.mx\/web25\/#website","url":"https:\/\/relane.org.mx\/web25\/","name":"RELANE 2025","description":"","potentialAction":[{"@type":"SearchAction","target":{"@type":"EntryPoint","urlTemplate":"https:\/\/relane.org.mx\/web25\/?s={search_term_string}"},"query-input":{"@type":"PropertyValueSpecification","valueRequired":true,"valueName":"search_term_string"}}],"inLanguage":"es"}]}},"_links":{"self":[{"href":"https:\/\/relane.org.mx\/web25\/index.php\/wp-json\/wp\/v2\/pages\/156","targetHints":{"allow":["GET"]}}],"collection":[{"href":"https:\/\/relane.org.mx\/web25\/index.php\/wp-json\/wp\/v2\/pages"}],"about":[{"href":"https:\/\/relane.org.mx\/web25\/index.php\/wp-json\/wp\/v2\/types\/page"}],"author":[{"embeddable":true,"href":"https:\/\/relane.org.mx\/web25\/index.php\/wp-json\/wp\/v2\/users\/1"}],"replies":[{"embeddable":true,"href":"https:\/\/relane.org.mx\/web25\/index.php\/wp-json\/wp\/v2\/comments?post=156"}],"version-history":[{"count":7,"href":"https:\/\/relane.org.mx\/web25\/index.php\/wp-json\/wp\/v2\/pages\/156\/revisions"}],"predecessor-version":[{"id":213,"href":"https:\/\/relane.org.mx\/web25\/index.php\/wp-json\/wp\/v2\/pages\/156\/revisions\/213"}],"wp:attachment":[{"href":"https:\/\/relane.org.mx\/web25\/index.php\/wp-json\/wp\/v2\/media?parent=156"}],"curies":[{"name":"wp","href":"https:\/\/api.w.org\/{rel}","templated":true}]}}