{"id":157,"date":"2025-06-12T19:43:14","date_gmt":"2025-06-12T19:43:14","guid":{"rendered":"https:\/\/relane.org.mx\/web25\/?page_id=157"},"modified":"2025-06-12T20:21:34","modified_gmt":"2025-06-12T20:21:34","slug":"dr-elkyn-rafael-lugo-arias","status":"publish","type":"page","link":"https:\/\/relane.org.mx\/web25\/index.php\/dr-elkyn-rafael-lugo-arias\/","title":{"rendered":"Dr. Elkyn Rafael Lugo Arias:"},"content":{"rendered":"\t\t<div data-elementor-type=\"wp-page\" data-elementor-id=\"157\" class=\"elementor elementor-157\">\n\t\t\t\t<div class=\"elementor-element elementor-element-d8e55a3 e-flex e-con-boxed e-con e-parent\" data-id=\"d8e55a3\" data-element_type=\"container\">\n\t\t\t\t\t<div class=\"e-con-inner\">\n\t\t\t\t<div class=\"elementor-element elementor-element-0e15524 elementor-widget elementor-widget-text-editor\" data-id=\"0e15524\" data-element_type=\"widget\" data-widget_type=\"text-editor.default\">\n\t\t\t\t<div class=\"elementor-widget-container\">\n\t\t\t\t\t\t\t\t\t<div class=\"nova-legacy-o-pack__item\" style=\"display: table-cell; vertical-align: middle; padding-left: 7.5px; padding-right: 7.5px; color: #111111; font-family: Roboto, Arial, sans-serif; font-size: 14px;\">\n<div class=\"nova-legacy-e-text nova-legacy-e-text--size-xl nova-legacy-e-text--family-display nova-legacy-e-text--spacing-xxs nova-legacy-e-text--color-inherit\" style=\"margin-top: 0px; color: inherit; font-size: 1.375rem; line-height: 1.2; margin-bottom: 5px;\">\n<div class=\"nova-legacy-l-flex__item nova-legacy-l-flex nova-legacy-l-flex--gutter-xxs nova-legacy-l-flex--direction-row@s-up nova-legacy-l-flex--align-items-stretch@s-up nova-legacy-l-flex--justify-content-flex-start@s-up nova-legacy-l-flex--wrap-nowrap@s-up\" style=\"display: flex; margin: -2.5px 0px -2.5px -5px; flex-flow: row; align-items: stretch; justify-content: flex-start; flex-basis: auto;\">\n<h1 class=\"nova-legacy-l-flex__item\" style=\"flex-basis: auto; padding: 2.5px 0px 2.5px 5px;\">Dr. Elkyn Rafael Lugo Arias<\/h1>\n<div class=\"nova-legacy-l-flex__item name-verified-badge\" style=\"flex-basis: auto; padding: 1.25px 2.5px 0px 5px;\">&nbsp;<\/div>\n<\/div>\n<\/div>\n<\/div>\t\t\t\t\t\t\t\t<\/div>\n\t\t\t\t<\/div>\n\t\t\t\t<div class=\"elementor-element elementor-element-aad9f1b elementor-widget elementor-widget-image\" data-id=\"aad9f1b\" data-element_type=\"widget\" data-widget_type=\"image.default\">\n\t\t\t\t<div class=\"elementor-widget-container\">\n\t\t\t\t\t\t\t\t\t\t\t\t\t\t\t<img decoding=\"async\" width=\"150\" height=\"150\" src=\"https:\/\/relane.org.mx\/web25\/wp-content\/uploads\/2025\/06\/Elkin-150x150.jpg\" class=\"attachment-thumbnail size-thumbnail wp-image-214\" alt=\"\" \/>\t\t\t\t\t\t\t\t\t\t\t\t\t\t\t<\/div>\n\t\t\t\t<\/div>\n\t\t\t\t\t<\/div>\n\t\t\t\t<\/div>\n\t\t<div class=\"elementor-element elementor-element-cc10793 e-flex e-con-boxed e-con e-parent\" data-id=\"cc10793\" data-element_type=\"container\">\n\t\t\t\t\t<div class=\"e-con-inner\">\n\t\t\t\t<div class=\"elementor-element elementor-element-2c8aed8 elementor-widget elementor-widget-text-editor\" data-id=\"2c8aed8\" data-element_type=\"widget\" data-widget_type=\"text-editor.default\">\n\t\t\t\t<div class=\"elementor-widget-container\">\n\t\t\t\t\t\t\t\t\t<p><\/p>\n<h2>\ud83c\udf93 Formaci\u00f3n acad\u00e9mica<\/h2>\n<ul>\n<li>\n<p>Nacido el <strong>5 de septiembre de 1982<\/strong> en Santa Marta, Colombia.<\/p>\n<\/li>\n<li>\n<p>Licenciado en <strong>Econom\u00eda<\/strong> por la Universidad del Magdalena, egresado con honores en diciembre de 2006.<\/p>\n<\/li>\n<li>\n<p><strong>Mag\u00edster en Econom\u00eda<\/strong> por la Universidad del Norte (Becado por Colciencias), graduado como el primero de su promoci\u00f3n en julio de 2017.<\/p>\n<\/li>\n<\/ul>\n<p><br><\/p>\n<h2>\ud83c\udfdb Trayectoria profesional<\/h2>\n<ul>\n<li>\n<p>Inici\u00f3 como <strong>jefe de cartera<\/strong> en Almagrario (2007\u20132009), manejando cuentas de BBVA, AMI y almacenes generales .<\/p>\n<\/li>\n<li>\n<p>Ocup\u00f3 cargos de <strong>supervisor comercial y log\u00edstico<\/strong> en Carrefour y Bavaria (2010\u20132011).<\/p>\n<\/li>\n<li>\n<p>Trabaj\u00f3 en programas sociales del DPS y ANSPE\u2013Red Unidos (2014).<\/p>\n<\/li>\n<li>\n<p>Desde 2016 ha sido <strong>docente\u2011investigador<\/strong> en varias instituciones: Universidad del Norte, CUN, Universidad Sergio Arboleda y UNIMINUTO (actualmente).<\/p>\n<\/li>\n<\/ul>\n<p><br><\/p>\n<h2>\ud83d\udd2c Investigaci\u00f3n &amp; direcci\u00f3n acad\u00e9mica<\/h2>\n<ul>\n<li>\n<p>L\u00edder del grupo de investigaci\u00f3n <strong>GalnecA (UNINORTE)<\/strong> en Ciencias Econ\u00f3micas y <strong>DESOGE<\/strong> (UNIMINUTO, categor\u00eda A) desde 2018, adem\u00e1s de dirigir semilleros estudiantiles.<\/p>\n<\/li>\n<li>\n<p>Ha dirigido tesis de pregrado, especializaci\u00f3n y maestr\u00eda, obtenido registro para programas acad\u00e9micos y participado en encuentros investigativos (Redcolsi, Relane, etc.).<\/p>\n<\/li>\n<\/ul>\n<p><br><\/p>\n<h2>\ud83d\udcda Producci\u00f3n acad\u00e9mica<\/h2>\n<ul>\n<li>\n<p>Autor de <strong>45 publicaciones<\/strong> que suman m\u00e1s de 21\u202f000 lecturas y 231 citas en ResearchGate.<\/p>\n<\/li>\n<li>\n<p>Investigaciones en \u00e1reas como innovaci\u00f3n, competitividad, emprendimiento, educaci\u00f3n, pol\u00edtica p\u00fablica y desarrollo social. Ejemplos destacados:<\/p>\n<ul>\n<li>\n<p>\u201cOptimizing capital allocation in microfinance projects\u201d (ago 2024)<\/p>\n<\/li>\n<li>\n<p>Estudios sobre riesgos laborales agr\u00edcolas (sep 2024)<\/p>\n<\/li>\n<li>\n<p>An\u00e1lisis del estereotipo de g\u00e9nero en contadur\u00eda p\u00fablica (abr 2025).<\/p>\n<\/li>\n<\/ul>\n<\/li>\n<li>\n<p>Autor de libros, cap\u00edtulos y art\u00edculos indexados en Scopus, ISI y WOS.<\/p>\n<\/li>\n<li>\n<p>Reconocido como <strong>mejor docente\u2011investigador<\/strong> por su alta productividad, con publicaciones en revistas Q1 y rol como arbitro en <em>International Trade Journal<\/em> (Taylor &amp; Francis).<\/p>\n<\/li>\n<\/ul>\n<p><br><\/p>\n<h2>\ud83c\udf10 Participaci\u00f3n profesional y acad\u00e9mica<\/h2>\n<ul>\n<li>\n<p>Colabora como <strong>analista, capacitador y consultor<\/strong> en CTI, desarrollo organizacional, internacionalizaci\u00f3n y econom\u00eda aplicada.<\/p>\n<\/li>\n<li>\n<p>Responsable del estudio sobre \u201cPerfil competitivo de exportaciones colombianas de petr\u00f3leo y carb\u00f3n (2019\u20112020)\u201d presentado en RELANE 2024.<\/p>\n<\/li>\n<li>\n<p>Director de grupo de investigaci\u00f3n de contadur\u00eda y actividades formativas en modalidad COIL y semilleros (<a title=\"Resumen perfil y curriculum - P\u00e1gina web de clasesdeeconomia\" href=\"https:\/\/clasesdeeconomia.jimdofree.com\/biograf%C3%ADa\/?utm_source=chatgpt.com\">clasesdeeconomia.jimdofree.com<\/a>).<\/p>\n<\/li>\n<\/ul>\n<p><br><\/p>\t\t\t\t\t\t\t\t<\/div>\n\t\t\t\t<\/div>\n\t\t\t\t\t<\/div>\n\t\t\t\t<\/div>\n\t\t<div class=\"elementor-element elementor-element-b0884ce e-flex e-con-boxed e-con e-parent\" data-id=\"b0884ce\" data-element_type=\"container\">\n\t\t\t\t\t<div class=\"e-con-inner\">\n\t\t\t\t\t<\/div>\n\t\t\t\t<\/div>\n\t\t\t\t<\/div>\n\t\t","protected":false},"excerpt":{"rendered":"<p>Dr. Elkyn Rafael Lugo Arias &nbsp; \ud83c\udf93 Formaci\u00f3n acad\u00e9mica Nacido el 5 de septiembre de 1982 en Santa Marta, Colombia. Licenciado en Econom\u00eda por la Universidad del Magdalena, egresado con honores en diciembre de 2006. Mag\u00edster en Econom\u00eda por la Universidad del Norte (Becado por Colciencias), graduado como el primero de su promoci\u00f3n en julio&hellip;&nbsp;<a href=\"https:\/\/relane.org.mx\/web25\/index.php\/dr-elkyn-rafael-lugo-arias\/\" rel=\"bookmark\"><span class=\"screen-reader-text\">Dr. Elkyn Rafael Lugo Arias:<\/span><\/a><\/p>\n","protected":false},"author":1,"featured_media":0,"parent":0,"menu_order":0,"comment_status":"closed","ping_status":"closed","template":"page-templates\/template-pagebuilder-full-width.php","meta":{"neve_meta_sidebar":"","neve_meta_container":"","neve_meta_enable_content_width":"","neve_meta_content_width":0,"neve_meta_title_alignment":"","neve_meta_author_avatar":"","neve_post_elements_order":"","neve_meta_disable_header":"","neve_meta_disable_footer":"","neve_meta_disable_title":"","footnotes":""},"class_list":["post-157","page","type-page","status-publish","hentry"],"yoast_head":"<!-- This site is optimized with the Yoast SEO plugin v24.7 - https:\/\/yoast.com\/wordpress\/plugins\/seo\/ -->\n<title>Dr. Elkyn Rafael Lugo Arias: - RELANE 2025<\/title>\n<meta name=\"robots\" content=\"index, follow, max-snippet:-1, max-image-preview:large, max-video-preview:-1\" \/>\n<link rel=\"canonical\" href=\"https:\/\/relane.org.mx\/web25\/index.php\/dr-elkyn-rafael-lugo-arias\/\" \/>\n<meta property=\"og:locale\" content=\"es_ES\" \/>\n<meta property=\"og:type\" content=\"article\" \/>\n<meta property=\"og:title\" content=\"Dr. Elkyn Rafael Lugo Arias: - RELANE 2025\" \/>\n<meta property=\"og:description\" content=\"Dr. Elkyn Rafael Lugo Arias &nbsp; \ud83c\udf93 Formaci\u00f3n acad\u00e9mica Nacido el 5 de septiembre de 1982 en Santa Marta, Colombia. Licenciado en Econom\u00eda por la Universidad del Magdalena, egresado con honores en diciembre de 2006. Mag\u00edster en Econom\u00eda por la Universidad del Norte (Becado por Colciencias), graduado como el primero de su promoci\u00f3n en julio&hellip;&nbsp;Dr. Elkyn Rafael Lugo Arias:\" \/>\n<meta property=\"og:url\" content=\"https:\/\/relane.org.mx\/web25\/index.php\/dr-elkyn-rafael-lugo-arias\/\" \/>\n<meta property=\"og:site_name\" content=\"RELANE 2025\" \/>\n<meta property=\"article:modified_time\" content=\"2025-06-12T20:21:34+00:00\" \/>\n<meta property=\"og:image\" content=\"https:\/\/relane.org.mx\/web25\/wp-content\/uploads\/2025\/06\/Elkin-150x150.jpg\" \/>\n<meta name=\"twitter:card\" content=\"summary_large_image\" \/>\n<meta name=\"twitter:label1\" content=\"Tiempo de lectura\" \/>\n\t<meta name=\"twitter:data1\" content=\"2 minutos\" \/>\n<script type=\"application\/ld+json\" class=\"yoast-schema-graph\">{\"@context\":\"https:\/\/schema.org\",\"@graph\":[{\"@type\":\"WebPage\",\"@id\":\"https:\/\/relane.org.mx\/web25\/index.php\/dr-elkyn-rafael-lugo-arias\/\",\"url\":\"https:\/\/relane.org.mx\/web25\/index.php\/dr-elkyn-rafael-lugo-arias\/\",\"name\":\"Dr. Elkyn Rafael Lugo Arias: - RELANE 2025\",\"isPartOf\":{\"@id\":\"https:\/\/relane.org.mx\/web25\/#website\"},\"primaryImageOfPage\":{\"@id\":\"https:\/\/relane.org.mx\/web25\/index.php\/dr-elkyn-rafael-lugo-arias\/#primaryimage\"},\"image\":{\"@id\":\"https:\/\/relane.org.mx\/web25\/index.php\/dr-elkyn-rafael-lugo-arias\/#primaryimage\"},\"thumbnailUrl\":\"https:\/\/relane.org.mx\/web25\/wp-content\/uploads\/2025\/06\/Elkin-150x150.jpg\",\"datePublished\":\"2025-06-12T19:43:14+00:00\",\"dateModified\":\"2025-06-12T20:21:34+00:00\",\"breadcrumb\":{\"@id\":\"https:\/\/relane.org.mx\/web25\/index.php\/dr-elkyn-rafael-lugo-arias\/#breadcrumb\"},\"inLanguage\":\"es\",\"potentialAction\":[{\"@type\":\"ReadAction\",\"target\":[\"https:\/\/relane.org.mx\/web25\/index.php\/dr-elkyn-rafael-lugo-arias\/\"]}]},{\"@type\":\"ImageObject\",\"inLanguage\":\"es\",\"@id\":\"https:\/\/relane.org.mx\/web25\/index.php\/dr-elkyn-rafael-lugo-arias\/#primaryimage\",\"url\":\"https:\/\/relane.org.mx\/web25\/wp-content\/uploads\/2025\/06\/Elkin.jpg\",\"contentUrl\":\"https:\/\/relane.org.mx\/web25\/wp-content\/uploads\/2025\/06\/Elkin.jpg\",\"width\":211,\"height\":219},{\"@type\":\"BreadcrumbList\",\"@id\":\"https:\/\/relane.org.mx\/web25\/index.php\/dr-elkyn-rafael-lugo-arias\/#breadcrumb\",\"itemListElement\":[{\"@type\":\"ListItem\",\"position\":1,\"name\":\"Portada\",\"item\":\"https:\/\/relane.org.mx\/web25\/\"},{\"@type\":\"ListItem\",\"position\":2,\"name\":\"Dr. Elkyn Rafael Lugo Arias:\"}]},{\"@type\":\"WebSite\",\"@id\":\"https:\/\/relane.org.mx\/web25\/#website\",\"url\":\"https:\/\/relane.org.mx\/web25\/\",\"name\":\"RELANE 2025\",\"description\":\"\",\"potentialAction\":[{\"@type\":\"SearchAction\",\"target\":{\"@type\":\"EntryPoint\",\"urlTemplate\":\"https:\/\/relane.org.mx\/web25\/?s={search_term_string}\"},\"query-input\":{\"@type\":\"PropertyValueSpecification\",\"valueRequired\":true,\"valueName\":\"search_term_string\"}}],\"inLanguage\":\"es\"}]}<\/script>\n<!-- \/ Yoast SEO plugin. -->","yoast_head_json":{"title":"Dr. Elkyn Rafael Lugo Arias: - RELANE 2025","robots":{"index":"index","follow":"follow","max-snippet":"max-snippet:-1","max-image-preview":"max-image-preview:large","max-video-preview":"max-video-preview:-1"},"canonical":"https:\/\/relane.org.mx\/web25\/index.php\/dr-elkyn-rafael-lugo-arias\/","og_locale":"es_ES","og_type":"article","og_title":"Dr. Elkyn Rafael Lugo Arias: - RELANE 2025","og_description":"Dr. Elkyn Rafael Lugo Arias &nbsp; \ud83c\udf93 Formaci\u00f3n acad\u00e9mica Nacido el 5 de septiembre de 1982 en Santa Marta, Colombia. Licenciado en Econom\u00eda por la Universidad del Magdalena, egresado con honores en diciembre de 2006. Mag\u00edster en Econom\u00eda por la Universidad del Norte (Becado por Colciencias), graduado como el primero de su promoci\u00f3n en julio&hellip;&nbsp;Dr. Elkyn Rafael Lugo Arias:","og_url":"https:\/\/relane.org.mx\/web25\/index.php\/dr-elkyn-rafael-lugo-arias\/","og_site_name":"RELANE 2025","article_modified_time":"2025-06-12T20:21:34+00:00","og_image":[{"url":"https:\/\/relane.org.mx\/web25\/wp-content\/uploads\/2025\/06\/Elkin-150x150.jpg","type":"","width":"","height":""}],"twitter_card":"summary_large_image","twitter_misc":{"Tiempo de lectura":"2 minutos"},"schema":{"@context":"https:\/\/schema.org","@graph":[{"@type":"WebPage","@id":"https:\/\/relane.org.mx\/web25\/index.php\/dr-elkyn-rafael-lugo-arias\/","url":"https:\/\/relane.org.mx\/web25\/index.php\/dr-elkyn-rafael-lugo-arias\/","name":"Dr. Elkyn Rafael Lugo Arias: - RELANE 2025","isPartOf":{"@id":"https:\/\/relane.org.mx\/web25\/#website"},"primaryImageOfPage":{"@id":"https:\/\/relane.org.mx\/web25\/index.php\/dr-elkyn-rafael-lugo-arias\/#primaryimage"},"image":{"@id":"https:\/\/relane.org.mx\/web25\/index.php\/dr-elkyn-rafael-lugo-arias\/#primaryimage"},"thumbnailUrl":"https:\/\/relane.org.mx\/web25\/wp-content\/uploads\/2025\/06\/Elkin-150x150.jpg","datePublished":"2025-06-12T19:43:14+00:00","dateModified":"2025-06-12T20:21:34+00:00","breadcrumb":{"@id":"https:\/\/relane.org.mx\/web25\/index.php\/dr-elkyn-rafael-lugo-arias\/#breadcrumb"},"inLanguage":"es","potentialAction":[{"@type":"ReadAction","target":["https:\/\/relane.org.mx\/web25\/index.php\/dr-elkyn-rafael-lugo-arias\/"]}]},{"@type":"ImageObject","inLanguage":"es","@id":"https:\/\/relane.org.mx\/web25\/index.php\/dr-elkyn-rafael-lugo-arias\/#primaryimage","url":"https:\/\/relane.org.mx\/web25\/wp-content\/uploads\/2025\/06\/Elkin.jpg","contentUrl":"https:\/\/relane.org.mx\/web25\/wp-content\/uploads\/2025\/06\/Elkin.jpg","width":211,"height":219},{"@type":"BreadcrumbList","@id":"https:\/\/relane.org.mx\/web25\/index.php\/dr-elkyn-rafael-lugo-arias\/#breadcrumb","itemListElement":[{"@type":"ListItem","position":1,"name":"Portada","item":"https:\/\/relane.org.mx\/web25\/"},{"@type":"ListItem","position":2,"name":"Dr. Elkyn Rafael Lugo Arias:"}]},{"@type":"WebSite","@id":"https:\/\/relane.org.mx\/web25\/#website","url":"https:\/\/relane.org.mx\/web25\/","name":"RELANE 2025","description":"","potentialAction":[{"@type":"SearchAction","target":{"@type":"EntryPoint","urlTemplate":"https:\/\/relane.org.mx\/web25\/?s={search_term_string}"},"query-input":{"@type":"PropertyValueSpecification","valueRequired":true,"valueName":"search_term_string"}}],"inLanguage":"es"}]}},"_links":{"self":[{"href":"https:\/\/relane.org.mx\/web25\/index.php\/wp-json\/wp\/v2\/pages\/157","targetHints":{"allow":["GET"]}}],"collection":[{"href":"https:\/\/relane.org.mx\/web25\/index.php\/wp-json\/wp\/v2\/pages"}],"about":[{"href":"https:\/\/relane.org.mx\/web25\/index.php\/wp-json\/wp\/v2\/types\/page"}],"author":[{"embeddable":true,"href":"https:\/\/relane.org.mx\/web25\/index.php\/wp-json\/wp\/v2\/users\/1"}],"replies":[{"embeddable":true,"href":"https:\/\/relane.org.mx\/web25\/index.php\/wp-json\/wp\/v2\/comments?post=157"}],"version-history":[{"count":15,"href":"https:\/\/relane.org.mx\/web25\/index.php\/wp-json\/wp\/v2\/pages\/157\/revisions"}],"predecessor-version":[{"id":217,"href":"https:\/\/relane.org.mx\/web25\/index.php\/wp-json\/wp\/v2\/pages\/157\/revisions\/217"}],"wp:attachment":[{"href":"https:\/\/relane.org.mx\/web25\/index.php\/wp-json\/wp\/v2\/media?parent=157"}],"curies":[{"name":"wp","href":"https:\/\/api.w.org\/{rel}","templated":true}]}}