{"id":186,"date":"2025-06-12T20:07:29","date_gmt":"2025-06-12T20:07:29","guid":{"rendered":"https:\/\/relane.org.mx\/web25\/?page_id=186"},"modified":"2025-09-01T16:22:53","modified_gmt":"2025-09-01T16:22:53","slug":"envio-de-ponencias","status":"publish","type":"page","link":"https:\/\/relane.org.mx\/web25\/index.php\/envio-de-ponencias\/","title":{"rendered":"Env\u00edo de ponencias"},"content":{"rendered":"\t\t<div data-elementor-type=\"wp-page\" data-elementor-id=\"186\" class=\"elementor elementor-186\">\n\t\t\t\t<div class=\"elementor-element elementor-element-5124a84 e-flex e-con-boxed e-con e-parent\" data-id=\"5124a84\" data-element_type=\"container\">\n\t\t\t\t\t<div class=\"e-con-inner\">\n\t\t\t\t<div class=\"elementor-element elementor-element-63ffed4 elementor-widget elementor-widget-text-editor\" data-id=\"63ffed4\" data-element_type=\"widget\" data-widget_type=\"text-editor.default\">\n\t\t\t\t<div class=\"elementor-widget-container\">\n\t\t\t\t\t\t\t\t\t<p style=\"box-sizing: inherit; border: 0px; margin-bottom: 1.6em; outline: 0px; vertical-align: baseline; color: #334155; font-family: -apple-system, BlinkMacSystemFont, 'Segoe UI', Roboto, Oxygen-Sans, Ubuntu, Cantarell, 'Helvetica Neue', sans-serif;\">A celebrarse en la Facultad de Comercio Exterior de la Universidad de Colima, los d\u00edas 20 y 21\u00a0 Octubre de 2025. Esta es una reuni\u00f3n de car\u00e1cter cient\u00edfico e internacional, para investigadores, profesores y profesionistas\u00a0 para exponer, de manera\u00a0 virtual los resultados de investigaciones en las \u00e1reas de <span style=\"box-sizing: inherit; font-weight: bold;\">econom\u00eda, administraci\u00f3n, comercio exterior, contadur\u00eda, ciencias inform\u00e1ticas y todas las ciencias administrativas<\/span>\u00a0en general, as\u00ed como para promover el di\u00e1logo entre los diferentes colectivos interesados en estas disciplinas.<\/p><h2 style=\"box-sizing: inherit; border: 0px; margin-bottom: 1.6em; outline: 0px; vertical-align: baseline; color: #334155; font-family: -apple-system, BlinkMacSystemFont, 'Segoe UI', Roboto, Oxygen-Sans, Ubuntu, Cantarell, 'Helvetica Neue', sans-serif;\"><strong><a style=\"color: #2f5aae;\" href=\"https:\/\/forms.gle\/2uskR1mkpUVgTxK96\">Env\u00edo de ponencias en este enlace<\/a><\/strong><\/h2><p style=\"box-sizing: inherit; border: 0px; margin-bottom: 1.6em; outline: 0px; vertical-align: baseline; color: #334155; font-family: -apple-system, BlinkMacSystemFont, 'Segoe UI', Roboto, Oxygen-Sans, Ubuntu, Cantarell, 'Helvetica Neue', sans-serif;\"><span style=\"box-sizing: inherit; font-weight: bold;\">El env\u00edo de trabajos se extiende hasta el 15 de Octubre de 2025 a las 11:59 pm hora de la Ciudad de M\u00e9xico.<\/span><\/p><p style=\"box-sizing: inherit; border: 0px; margin-bottom: 1.6em; outline: 0px; vertical-align: baseline; color: #334155; font-family: -apple-system, BlinkMacSystemFont, 'Segoe UI', Roboto, Oxygen-Sans, Ubuntu, Cantarell, 'Helvetica Neue', sans-serif;\"><span style=\"box-sizing: inherit; font-weight: bold;\">Bases:<\/span><\/p><ol style=\"border: 0px; margin: revert; outline: 0px; vertical-align: baseline; list-style-position: initial; list-style-image: initial; color: #334155; font-family: -apple-system, BlinkMacSystemFont, 'Segoe UI', Roboto, Oxygen-Sans, Ubuntu, Cantarell, 'Helvetica Neue', sans-serif; padding: revert revert revert 20px;\"><li style=\"box-sizing: inherit; border: 0px; font-style: inherit; font-weight: inherit; outline: 0px; vertical-align: baseline;\">\u00a0Las ponencias podr\u00e1n presentarse en forma individual o en coautor\u00eda (m\u00e1ximo 4 integrantes) en idioma espa\u00f1ol o en ingl\u00e9s.<\/li><li style=\"box-sizing: inherit; border: 0px; font-style: inherit; font-weight: inherit; outline: 0px; vertical-align: baseline;\">\u00a0Deben ser in\u00e9ditas y originales, que traten de resolver alguna interrogante de investigaci\u00f3n con evidente aportaci\u00f3n te\u00f3rica, metodol\u00f3gica, emp\u00edrica\u00a0y\/o pr\u00e1ctica al conocimiento cient\u00edfico.<\/li><li style=\"box-sizing: inherit; border: 0px; font-style: inherit; font-weight: inherit; outline: 0px; vertical-align: baseline;\"><strong>\u00a0<\/strong><a href=\"http:\/\/www.relane.org.mx\/web25\/plantilla\/plantilla.docx\" target=\"_blank\" rel=\"noopener\">Mandar un archivo de Word con el trabajo propuesto Plantilla<\/a><\/li><li style=\"box-sizing: inherit; border: 0px; font-style: inherit; font-weight: inherit; outline: 0px; vertical-align: baseline;\">\u00a0Los trabajos ser\u00e1n sometidos a una revisi\u00f3n de similitud con el software Turnitin y a un proceso de arbitraje doble ciego.<\/li><li style=\"box-sizing: inherit; border: 0px; font-style: inherit; font-weight: inherit; outline: 0px; vertical-align: baseline;\">\u00a0Todos los trabajos aceptados optar\u00e1n a un Premio (Reconocimiento) a la mejor ponencia.<\/li><li style=\"box-sizing: inherit; border: 0px; font-style: inherit; font-weight: inherit; outline: 0px; vertical-align: baseline;\">Los trabajos que as\u00ed sean seleccionados por el comit\u00e9 cient\u00edfico se publicar\u00e1n en en un libro patrocinado por la Universidad Cesar Vallejo de Per\u00fa para su difusi\u00f3n.<\/li><li style=\"box-sizing: inherit; border: 0px; font-style: inherit; font-weight: inherit; outline: 0px; vertical-align: baseline;\"><a href=\"http:\/\/www.relane.org.mx\/web25\/plantilla\/Plantilla.pot\">Plantilla de Power Point<\/a><\/li><li style=\"box-sizing: inherit; border: 0px; font-style: inherit; font-weight: inherit; outline: 0px; vertical-align: baseline;\"><a href=\"http:\/\/www.relane.org.mx\/web25\/plantilla\/plantilla.docx\">Plantilla en Word office<\/a><\/li><\/ol><p style=\"box-sizing: inherit; border: 0px; margin-bottom: 1.6em; outline: 0px; vertical-align: baseline; color: #334155; font-family: -apple-system, BlinkMacSystemFont, 'Segoe UI', Roboto, Oxygen-Sans, Ubuntu, Cantarell, 'Helvetica Neue', sans-serif;\">Din\u00e1mica de la presentaci\u00f3n:<\/p><ol style=\"border: 0px; margin: revert; outline: 0px; vertical-align: baseline; list-style-position: initial; list-style-image: initial; color: #334155; font-family: -apple-system, BlinkMacSystemFont, 'Segoe UI', Roboto, Oxygen-Sans, Ubuntu, Cantarell, 'Helvetica Neue', sans-serif; padding: revert revert revert 20px;\"><li style=\"box-sizing: inherit; border: 0px; font-style: inherit; font-weight: inherit; outline: 0px; vertical-align: baseline;\">\u00a0La presentaci\u00f3n de la ponencia se deber\u00e1 realizar en PowerPoint.<\/li><li style=\"box-sizing: inherit; border: 0px; font-style: inherit; font-weight: inherit; outline: 0px; vertical-align: baseline;\">\u00a0El\/los ponente\/s dispondr\u00e1\/n de 15 minutos para su presentaci\u00f3n.<\/li><li style=\"box-sizing: inherit; border: 0px; font-style: inherit; font-weight: inherit; outline: 0px; vertical-align: baseline;\">\u00a0Al final de la exposici\u00f3n, se abrir\u00e1 un tiempo de debate con todos los asistentes.<\/li><li style=\"box-sizing: inherit; border: 0px; font-style: inherit; font-weight: inherit; outline: 0px; vertical-align: baseline;\">Para el llenado del formulario ocupar\u00e1 una cuenta asociada a gmail, ello para subir su archivo<\/li><\/ol>\t\t\t\t\t\t\t\t<\/div>\n\t\t\t\t<\/div>\n\t\t\t\t\t<\/div>\n\t\t\t\t<\/div>\n\t\t\t\t<\/div>\n\t\t","protected":false},"excerpt":{"rendered":"<p>A celebrarse en la Facultad de Comercio Exterior de la Universidad de Colima, los d\u00edas 20 y 21\u00a0 Octubre de 2025. Esta es una reuni\u00f3n de car\u00e1cter cient\u00edfico e internacional, para investigadores, profesores y profesionistas\u00a0 para exponer, de manera\u00a0 virtual los resultados de investigaciones en las \u00e1reas de econom\u00eda, administraci\u00f3n, comercio exterior, contadur\u00eda, ciencias inform\u00e1ticas&hellip;&nbsp;<a href=\"https:\/\/relane.org.mx\/web25\/index.php\/envio-de-ponencias\/\" rel=\"bookmark\"><span class=\"screen-reader-text\">Env\u00edo de ponencias<\/span><\/a><\/p>\n","protected":false},"author":1,"featured_media":0,"parent":0,"menu_order":0,"comment_status":"closed","ping_status":"closed","template":"page-templates\/template-pagebuilder-full-width.php","meta":{"neve_meta_sidebar":"","neve_meta_container":"","neve_meta_enable_content_width":"","neve_meta_content_width":0,"neve_meta_title_alignment":"","neve_meta_author_avatar":"","neve_post_elements_order":"","neve_meta_disable_header":"","neve_meta_disable_footer":"","neve_meta_disable_title":"","footnotes":""},"class_list":["post-186","page","type-page","status-publish","hentry"],"yoast_head":"<!-- This site is optimized with the Yoast SEO plugin v24.7 - https:\/\/yoast.com\/wordpress\/plugins\/seo\/ -->\n<title>Env\u00edo de ponencias - RELANE 2025<\/title>\n<meta name=\"robots\" content=\"index, follow, max-snippet:-1, max-image-preview:large, max-video-preview:-1\" \/>\n<link rel=\"canonical\" href=\"https:\/\/relane.org.mx\/web25\/index.php\/envio-de-ponencias\/\" \/>\n<meta property=\"og:locale\" content=\"es_ES\" \/>\n<meta property=\"og:type\" content=\"article\" \/>\n<meta property=\"og:title\" content=\"Env\u00edo de ponencias - RELANE 2025\" \/>\n<meta property=\"og:description\" content=\"A celebrarse en la Facultad de Comercio Exterior de la Universidad de Colima, los d\u00edas 20 y 21\u00a0 Octubre de 2025. Esta es una reuni\u00f3n de car\u00e1cter cient\u00edfico e internacional, para investigadores, profesores y profesionistas\u00a0 para exponer, de manera\u00a0 virtual los resultados de investigaciones en las \u00e1reas de econom\u00eda, administraci\u00f3n, comercio exterior, contadur\u00eda, ciencias inform\u00e1ticas&hellip;&nbsp;Env\u00edo de ponencias\" \/>\n<meta property=\"og:url\" content=\"https:\/\/relane.org.mx\/web25\/index.php\/envio-de-ponencias\/\" \/>\n<meta property=\"og:site_name\" content=\"RELANE 2025\" \/>\n<meta property=\"article:modified_time\" content=\"2025-09-01T16:22:53+00:00\" \/>\n<meta name=\"twitter:card\" content=\"summary_large_image\" \/>\n<meta name=\"twitter:label1\" content=\"Tiempo de lectura\" \/>\n\t<meta name=\"twitter:data1\" content=\"2 minutos\" \/>\n<script type=\"application\/ld+json\" class=\"yoast-schema-graph\">{\"@context\":\"https:\/\/schema.org\",\"@graph\":[{\"@type\":\"WebPage\",\"@id\":\"https:\/\/relane.org.mx\/web25\/index.php\/envio-de-ponencias\/\",\"url\":\"https:\/\/relane.org.mx\/web25\/index.php\/envio-de-ponencias\/\",\"name\":\"Env\u00edo de ponencias - RELANE 2025\",\"isPartOf\":{\"@id\":\"https:\/\/relane.org.mx\/web25\/#website\"},\"datePublished\":\"2025-06-12T20:07:29+00:00\",\"dateModified\":\"2025-09-01T16:22:53+00:00\",\"breadcrumb\":{\"@id\":\"https:\/\/relane.org.mx\/web25\/index.php\/envio-de-ponencias\/#breadcrumb\"},\"inLanguage\":\"es\",\"potentialAction\":[{\"@type\":\"ReadAction\",\"target\":[\"https:\/\/relane.org.mx\/web25\/index.php\/envio-de-ponencias\/\"]}]},{\"@type\":\"BreadcrumbList\",\"@id\":\"https:\/\/relane.org.mx\/web25\/index.php\/envio-de-ponencias\/#breadcrumb\",\"itemListElement\":[{\"@type\":\"ListItem\",\"position\":1,\"name\":\"Portada\",\"item\":\"https:\/\/relane.org.mx\/web25\/\"},{\"@type\":\"ListItem\",\"position\":2,\"name\":\"Env\u00edo de ponencias\"}]},{\"@type\":\"WebSite\",\"@id\":\"https:\/\/relane.org.mx\/web25\/#website\",\"url\":\"https:\/\/relane.org.mx\/web25\/\",\"name\":\"RELANE 2025\",\"description\":\"\",\"potentialAction\":[{\"@type\":\"SearchAction\",\"target\":{\"@type\":\"EntryPoint\",\"urlTemplate\":\"https:\/\/relane.org.mx\/web25\/?s={search_term_string}\"},\"query-input\":{\"@type\":\"PropertyValueSpecification\",\"valueRequired\":true,\"valueName\":\"search_term_string\"}}],\"inLanguage\":\"es\"}]}<\/script>\n<!-- \/ Yoast SEO plugin. -->","yoast_head_json":{"title":"Env\u00edo de ponencias - RELANE 2025","robots":{"index":"index","follow":"follow","max-snippet":"max-snippet:-1","max-image-preview":"max-image-preview:large","max-video-preview":"max-video-preview:-1"},"canonical":"https:\/\/relane.org.mx\/web25\/index.php\/envio-de-ponencias\/","og_locale":"es_ES","og_type":"article","og_title":"Env\u00edo de ponencias - RELANE 2025","og_description":"A celebrarse en la Facultad de Comercio Exterior de la Universidad de Colima, los d\u00edas 20 y 21\u00a0 Octubre de 2025. Esta es una reuni\u00f3n de car\u00e1cter cient\u00edfico e internacional, para investigadores, profesores y profesionistas\u00a0 para exponer, de manera\u00a0 virtual los resultados de investigaciones en las \u00e1reas de econom\u00eda, administraci\u00f3n, comercio exterior, contadur\u00eda, ciencias inform\u00e1ticas&hellip;&nbsp;Env\u00edo de ponencias","og_url":"https:\/\/relane.org.mx\/web25\/index.php\/envio-de-ponencias\/","og_site_name":"RELANE 2025","article_modified_time":"2025-09-01T16:22:53+00:00","twitter_card":"summary_large_image","twitter_misc":{"Tiempo de lectura":"2 minutos"},"schema":{"@context":"https:\/\/schema.org","@graph":[{"@type":"WebPage","@id":"https:\/\/relane.org.mx\/web25\/index.php\/envio-de-ponencias\/","url":"https:\/\/relane.org.mx\/web25\/index.php\/envio-de-ponencias\/","name":"Env\u00edo de ponencias - RELANE 2025","isPartOf":{"@id":"https:\/\/relane.org.mx\/web25\/#website"},"datePublished":"2025-06-12T20:07:29+00:00","dateModified":"2025-09-01T16:22:53+00:00","breadcrumb":{"@id":"https:\/\/relane.org.mx\/web25\/index.php\/envio-de-ponencias\/#breadcrumb"},"inLanguage":"es","potentialAction":[{"@type":"ReadAction","target":["https:\/\/relane.org.mx\/web25\/index.php\/envio-de-ponencias\/"]}]},{"@type":"BreadcrumbList","@id":"https:\/\/relane.org.mx\/web25\/index.php\/envio-de-ponencias\/#breadcrumb","itemListElement":[{"@type":"ListItem","position":1,"name":"Portada","item":"https:\/\/relane.org.mx\/web25\/"},{"@type":"ListItem","position":2,"name":"Env\u00edo de ponencias"}]},{"@type":"WebSite","@id":"https:\/\/relane.org.mx\/web25\/#website","url":"https:\/\/relane.org.mx\/web25\/","name":"RELANE 2025","description":"","potentialAction":[{"@type":"SearchAction","target":{"@type":"EntryPoint","urlTemplate":"https:\/\/relane.org.mx\/web25\/?s={search_term_string}"},"query-input":{"@type":"PropertyValueSpecification","valueRequired":true,"valueName":"search_term_string"}}],"inLanguage":"es"}]}},"_links":{"self":[{"href":"https:\/\/relane.org.mx\/web25\/index.php\/wp-json\/wp\/v2\/pages\/186","targetHints":{"allow":["GET"]}}],"collection":[{"href":"https:\/\/relane.org.mx\/web25\/index.php\/wp-json\/wp\/v2\/pages"}],"about":[{"href":"https:\/\/relane.org.mx\/web25\/index.php\/wp-json\/wp\/v2\/types\/page"}],"author":[{"embeddable":true,"href":"https:\/\/relane.org.mx\/web25\/index.php\/wp-json\/wp\/v2\/users\/1"}],"replies":[{"embeddable":true,"href":"https:\/\/relane.org.mx\/web25\/index.php\/wp-json\/wp\/v2\/comments?post=186"}],"version-history":[{"count":33,"href":"https:\/\/relane.org.mx\/web25\/index.php\/wp-json\/wp\/v2\/pages\/186\/revisions"}],"predecessor-version":[{"id":327,"href":"https:\/\/relane.org.mx\/web25\/index.php\/wp-json\/wp\/v2\/pages\/186\/revisions\/327"}],"wp:attachment":[{"href":"https:\/\/relane.org.mx\/web25\/index.php\/wp-json\/wp\/v2\/media?parent=186"}],"curies":[{"name":"wp","href":"https:\/\/api.w.org\/{rel}","templated":true}]}}