{"id":191,"date":"2025-06-12T20:10:41","date_gmt":"2025-06-12T20:10:41","guid":{"rendered":"https:\/\/relane.org.mx\/web25\/?page_id=191"},"modified":"2025-10-22T17:42:11","modified_gmt":"2025-10-22T17:42:11","slug":"programa-cientifico","status":"publish","type":"page","link":"https:\/\/relane.org.mx\/web25\/index.php\/programa-cientifico\/","title":{"rendered":"Programa cient\u00edfico d\u00eda 1"},"content":{"rendered":"\t\t<div data-elementor-type=\"wp-page\" data-elementor-id=\"191\" class=\"elementor elementor-191\">\n\t\t\t\t<div class=\"elementor-element elementor-element-896cd1e e-flex e-con-boxed e-con e-parent\" data-id=\"896cd1e\" data-element_type=\"container\">\n\t\t\t\t\t<div class=\"e-con-inner\">\n\t\t\t\t<div class=\"elementor-element elementor-element-91cc202 elementor-widget elementor-widget-text-editor\" data-id=\"91cc202\" data-element_type=\"widget\" data-widget_type=\"text-editor.default\">\n\t\t\t\t<div class=\"elementor-widget-container\">\n\t\t\t\t\t\t\t\t\t<h1>Dra Isabel Felicitas Jover Jim\u00e9nez<\/h1><div><strong>Conferencia Magistral Gesti\u00f3n del Cambio 20 de Octubre de 2025<\/strong><\/div>\t\t\t\t\t\t\t\t<\/div>\n\t\t\t\t<\/div>\n\t\t\t\t\t<\/div>\n\t\t\t\t<\/div>\n\t\t<div class=\"elementor-element elementor-element-f786621 e-flex e-con-boxed e-con e-parent\" data-id=\"f786621\" data-element_type=\"container\">\n\t\t\t\t\t<div class=\"e-con-inner\">\n\t\t\t\t<div class=\"elementor-element elementor-element-49048c2 elementor-widget elementor-widget-image\" data-id=\"49048c2\" data-element_type=\"widget\" data-widget_type=\"image.default\">\n\t\t\t\t<div class=\"elementor-widget-container\">\n\t\t\t\t\t\t\t\t\t\t\t\t\t\t\t<img fetchpriority=\"high\" decoding=\"async\" width=\"300\" height=\"291\" src=\"https:\/\/relane.org.mx\/web25\/wp-content\/uploads\/2025\/10\/Jover-300x291.png\" class=\"attachment-medium size-medium wp-image-348\" alt=\"\" srcset=\"https:\/\/relane.org.mx\/web25\/wp-content\/uploads\/2025\/10\/Jover-300x291.png 300w, https:\/\/relane.org.mx\/web25\/wp-content\/uploads\/2025\/10\/Jover.png 447w\" sizes=\"(max-width: 300px) 100vw, 300px\" \/>\t\t\t\t\t\t\t\t\t\t\t\t\t\t\t<\/div>\n\t\t\t\t<\/div>\n\t\t\t\t<div class=\"elementor-element elementor-element-4faaf35 elementor-widget elementor-widget-text-editor\" data-id=\"4faaf35\" data-element_type=\"widget\" data-widget_type=\"text-editor.default\">\n\t\t\t\t<div class=\"elementor-widget-container\">\n\t\t\t\t\t\t\t\t\t<p><strong>La Dra. Isabel Felicitas Jover Jim\u00e9nez es una destacada acad\u00e9mica y consultora internacional con una trayectoria s\u00f3lida en ciencias administrativas, desarrollo organizacional y formaci\u00f3n gerencial.<\/strong><\/p><p>A lo largo de su carrera, la Dra. Jover Jim\u00e9nez ha combinado la excelencia acad\u00e9mica con una profunda experiencia pr\u00e1ctica en el \u00e1mbito empresarial y educativo. Se gradu\u00f3 como <strong>Licenciada en Espa\u00f1ol y Literatura en 1973 por la Universidad de La Habana<\/strong>, y posteriormente obtuvo una <strong>Maestr\u00eda en Consultor\u00eda y Desarrollo Organizacional en 1998<\/strong>. En 2019, alcanz\u00f3 el grado de <strong>Doctora en Ciencias Administrativas y Negocios Internacionales con menci\u00f3n honor\u00edfica<\/strong> por la Universidad Multit\u00e9cnica Profesional en Colima, M\u00e9xico.<\/p><p>Entre sus contribuciones m\u00e1s notables se encuentran sus publicaciones acad\u00e9micas, incluyendo el libro <em>\u201cInfluencia Causal entre el Desempe\u00f1o y las Competencias Clave. Caso OCUPA\u201d<\/em>, editado en Europa por EAE y More Books, y <em>\u201cEmpleabilidemia\u201d<\/em>, donde analiza fen\u00f3menos contempor\u00e1neos del mercado laboral. Tambi\u00e9n es autora de la <em>\u201cMetodolog\u00eda Jover\u201d<\/em>, una propuesta para el dise\u00f1o e implementaci\u00f3n de proyectos de mejora organizacional.<\/p><p>En el \u00e1mbito profesional, ha ocupado cargos de alta responsabilidad, como <strong>Directora del Centro Trainmar Cuba<\/strong> y <strong>Secretaria Ejecutiva de la Red Trainmar Am\u00e9ricas<\/strong>, una iniciativa auspiciada por la UNCTAD (Naciones Unidas) enfocada en la capacitaci\u00f3n mar\u00edtimo-portuaria. Su labor ha sido reconocida por su enfoque en el desarrollo humano, la formaci\u00f3n de l\u00edderes y la transformaci\u00f3n organizacional.<\/p><p>Adem\u00e1s de su labor acad\u00e9mica y consultiva, la Dra. Jover ha sido una <strong>promotora activa de eventos de capacitaci\u00f3n gerencial<\/strong>, aportando una cartera de cursos y talleres aplicados a sectores estrat\u00e9gicos. Su enfoque integral y humanista la posiciona como una figura influyente en el \u00e1mbito de la educaci\u00f3n superior y la consultor\u00eda organizacional en Am\u00e9rica Latina.<\/p>\t\t\t\t\t\t\t\t<\/div>\n\t\t\t\t<\/div>\n\t\t\t\t\t<\/div>\n\t\t\t\t<\/div>\n\t\t<div class=\"elementor-element elementor-element-f575ee4 e-flex e-con-boxed e-con e-parent\" data-id=\"f575ee4\" data-element_type=\"container\">\n\t\t\t\t\t<div class=\"e-con-inner\">\n\t\t<div class=\"elementor-element elementor-element-afafcb9 e-con-full e-flex e-con e-child\" data-id=\"afafcb9\" data-element_type=\"container\">\n\t\t\t\t<div class=\"elementor-element elementor-element-f70380c elementor-widget elementor-widget-text-editor\" data-id=\"f70380c\" data-element_type=\"widget\" data-widget_type=\"text-editor.default\">\n\t\t\t\t<div class=\"elementor-widget-container\">\n\t\t\t\t\t\t\t\t\t<p><strong>\u00a0\u00a0\u00a0\u00a0\u00a0\u00a0\u00a0\u00a0\u00a0\u00a0\u00a0\u00a0\u00a0\u00a0\u00a0\u00a0\u00a0 RED LATINOAMERICANA DE NEGOCIOS (RELANE)<\/strong><\/p><p><strong>Lugar: <\/strong>Sala Virtual<strong>\u00a0\u00a0\u00a0\u00a0\u00a0\u00a0\u00a0\u00a0\u00a0\u00a0\u00a0\u00a0\u00a0\u00a0\u00a0\u00a0\u00a0\u00a0\u00a0 Organizadores: <\/strong>FCAM, FCAT, FACEX y UCOL-CA-106.<strong>\u00a0\u00a0\u00a0\u00a0\u00a0\u00a0\u00a0\u00a0\u00a0\u00a0\u00a0\u00a0\u00a0\u00a0\u00a0\u00a0\u00a0\u00a0\u00a0\u00a0\u00a0 <\/strong>20 y 21 de octubre de 2025<\/p><p><strong>Moderadores:<\/strong> Dr. Juan Alfredo Lino Gami\u00f1o (20 octubre) y M.F. Luis Octavio R\u00edos Silva (21 de octubre).<\/p><p><strong>Inauguraci\u00f3n<\/strong>: 10:55\u00a0\u00a0\u00a0\u00a0\u00a0\u00a0\u00a0\u00a0\u00a0\u00a0\u00a0\u00a0\u00a0\u00a0\u00a0\u00a0\u00a0\u00a0\u00a0 <strong>PROGRAMA\u00a0\u00a0\u00a0\u00a0\u00a0\u00a0\u00a0\u00a0\u00a0\u00a0\u00a0\u00a0\u00a0\u00a0\u00a0\u00a0\u00a0\u00a0\u00a0\u00a0\u00a0 <\/strong>Lunes 20 de octubre<strong>\u00a0\u00a0\u00a0\u00a0\u00a0\u00a0\u00a0\u00a0\u00a0\u00a0\u00a0 <\/strong><\/p><p><strong>11:00am\u00a0\u00a0\u00a0\u00a0\u00a0\u00a0\u00a0 Conferencia Magistral<\/strong>\u00a0\u00a0\u00a0 Dra. Isabel Felicitas Jover Jim\u00e9nez<\/p><p>Gesti\u00f3n inteligente de proyectos de cambio. \u201cConocimiento con prop\u00f3sito, aprendizaje permanente y emoci\u00f3n con sentido\u201d.<\/p><table width=\"975\"><tbody><tr><td width=\"71\"><p>Hora<\/p><\/td><td width=\"335\"><p>Ponencia<\/p><\/td><td width=\"246\"><p>Ponentes<\/p><\/td><td width=\"323\"><p>Universidad<\/p><\/td><\/tr><tr><td width=\"71\"><p>12:00 &#8211; 12:20<\/p><\/td><td width=\"335\"><p>Aplicaci\u00f3n de la Inteligencia Artificial en los Micronegocios y Negocios Familiares de Santa Marta, Magdalena: Estrategias de Innovaci\u00f3n y Transformaci\u00f3n Digital<\/p><\/td><td width=\"246\"><p>Carmenza Mar\u00eda Caraballo Castro<\/p><\/td><td width=\"323\"><p>Corporaci\u00f3n Universitaria Minuto de Dios<\/p><p>\u00a0<\/p><\/td><\/tr><tr><td width=\"71\"><p>12:20 \u2013 12:40<\/p><\/td><td width=\"335\"><p>Efecto transformador de la IA generativa en Decisiones Estrat\u00e9gicas Organizacionales<\/p><\/td><td width=\"246\"><p>Heidy Margarita Rico Fontalvo<\/p><p>Elkyn Rafael Lugo Arias<\/p><p>Juan Alfredo Lino Gami\u00f1o<\/p><\/td><td width=\"323\"><p>Universidad de Cartagena<\/p><p>Corporaci\u00f3n Universitaria Minuto de Dios<\/p><p>Universidad de Colima<\/p><\/td><\/tr><tr><td width=\"71\"><p>12:40 &#8211; 13:00<\/p><\/td><td width=\"335\"><p>An\u00e1lisis de la situaci\u00f3n financiera de las escuelas en calmar Bol\u00edvar Colombia, 2019-2021.<\/p><\/td><td width=\"246\"><p>Marguerite Adjowoussi Domenon<\/p><p>Elkyn Rafael Lugo Arias<\/p><p>Juan Alfredo Lino Gami\u00f1o<\/p><p>Heidy Margarita Rico Fontalvo<\/p><\/td><td width=\"323\"><p>Corporaci\u00f3n Universitaria Minuto de Dios<\/p><p>Corporaci\u00f3n Universitaria Minuto de Dios<\/p><p>Universidad de Colima<\/p><p>Universidad de Cartagena<\/p><\/td><\/tr><tr><td width=\"71\"><p>13:00 &#8211; 13:20<\/p><\/td><td width=\"335\"><p>Capacidad econ\u00f3mica del impuesto de renta declarado en Colombia, 2019-2021.<\/p><\/td><td width=\"246\"><p>Elkyn Rafael Lugo Arias<\/p><p>Mar\u00eda S\u00e1nchez Losoya<\/p><p>Saira Georgina Moctezuma Gayt\u00e1n<\/p><p>Ang\u00e9lica Mar\u00eda Covarrubias Michel<\/p><\/td><td width=\"323\"><p>Corporaci\u00f3n Universitaria Minuto de Dios<\/p><p>Tecnol\u00f3gico Nacional de M\u00e9xico, Linares y Colima<\/p><p>Universidad Tecnol\u00f3gica de Manzanillo<\/p><p>Universidad Tecnol\u00f3gica de Manzanillo<\/p><\/td><\/tr><tr><td width=\"71\"><p>13:20 \u2013 13:40<\/p><\/td><td width=\"335\"><p>An\u00e1lisis de la inflaci\u00f3n y su relaci\u00f3n con la competitividad en transporte y log\u00edstica de Barranquilla frente a mercados internacionales<\/p><\/td><td width=\"246\"><p>Gabriela Alexandra De la Hoz Fl\u00f3rez<\/p><p>Stacey Daniela Fl\u00f3rez Mozo<\/p><p>Mariaan Paola P\u00e9rez Goenaga<\/p><\/td><td width=\"323\"><p>Instituci\u00f3n Universitaria de Barranquilla<\/p><p>Instituci\u00f3n Universitaria de Barranquilla<\/p><p>Instituci\u00f3n Universitaria de Barranquilla<\/p><\/td><\/tr><tr><td width=\"71\"><p>13:40 &#8211; 14:00<\/p><\/td><td width=\"335\"><p>Impacto de la inflaci\u00f3n en el nivel de bienestar de los hogares en Barranquilla y Colombia<\/p><\/td><td width=\"246\"><p>\u00a0<\/p><p>Elkyn Rafael Lugo Arias<\/p><\/td><td width=\"323\"><p>Corporaci\u00f3n Universitaria Minuto de Dios<\/p><p>Universidad de Colima<\/p><\/td><\/tr><tr><td width=\"71\"><p>14:00-14:20<\/p><\/td><td width=\"335\"><p>Propuesta para la optimizaci\u00f3n de los procesos log\u00edsticos en la exportaci\u00f3n de pulpa de fruta en una empresa del sector de alimentos de Barranquilla aplicando la metodolog\u00eda SCOR<\/p><\/td><td width=\"246\"><p>\u00a0<\/p><p>Cristina Cordero Atencio<\/p><\/td><td width=\"323\"><p>Instituci\u00f3n Universitaria de Barranquilla<\/p><\/td><\/tr><tr><td width=\"71\"><p>14:20-14:40<\/p><\/td><td width=\"335\"><p>IA en Puertos: Manzanillo vs. Shangai<\/p><\/td><td width=\"246\"><p>Itzel Alejandra Lino Robles<\/p><\/td><td width=\"323\"><p>Universidad de Colima<\/p><\/td><\/tr><tr><td width=\"71\"><p>14:40-15:00<\/p><\/td><td width=\"335\"><p>Modelo de gobierno de seguridad de la informaci\u00f3n en IES<\/p><\/td><td width=\"246\"><p>Cesar Luis V\u00e1squez Suarez<\/p><\/td><td width=\"323\"><p>Instituci\u00f3n Universitaria de Barranquilla<\/p><\/td><\/tr><\/tbody><\/table><p>\u00a0<\/p>\t\t\t\t\t\t\t\t<\/div>\n\t\t\t\t<\/div>\n\t\t\t\t<\/div>\n\t\t\t\t\t<\/div>\n\t\t\t\t<\/div>\n\t\t<div class=\"elementor-element elementor-element-9aa2541 e-flex e-con-boxed e-con e-parent\" data-id=\"9aa2541\" data-element_type=\"container\">\n\t\t\t\t\t<div class=\"e-con-inner\">\n\t\t\t\t\t<\/div>\n\t\t\t\t<\/div>\n\t\t\t\t<\/div>\n\t\t","protected":false},"excerpt":{"rendered":"<p>Dra Isabel Felicitas Jover Jim\u00e9nez Conferencia Magistral Gesti\u00f3n del Cambio 20 de Octubre de 2025 La Dra. Isabel Felicitas Jover Jim\u00e9nez es una destacada acad\u00e9mica y consultora internacional con una trayectoria s\u00f3lida en ciencias administrativas, desarrollo organizacional y formaci\u00f3n gerencial. A lo largo de su carrera, la Dra. Jover Jim\u00e9nez ha combinado la excelencia acad\u00e9mica&hellip;&nbsp;<a href=\"https:\/\/relane.org.mx\/web25\/index.php\/programa-cientifico\/\" rel=\"bookmark\"><span class=\"screen-reader-text\">Programa cient\u00edfico d\u00eda 1<\/span><\/a><\/p>\n","protected":false},"author":1,"featured_media":0,"parent":0,"menu_order":0,"comment_status":"closed","ping_status":"closed","template":"","meta":{"neve_meta_sidebar":"","neve_meta_container":"","neve_meta_enable_content_width":"off","neve_meta_content_width":100,"neve_meta_title_alignment":"","neve_meta_author_avatar":"","neve_post_elements_order":"","neve_meta_disable_header":"","neve_meta_disable_footer":"","neve_meta_disable_title":"","footnotes":""},"class_list":["post-191","page","type-page","status-publish","hentry"],"yoast_head":"<!-- This site is optimized with the Yoast SEO plugin v24.7 - https:\/\/yoast.com\/wordpress\/plugins\/seo\/ -->\n<title>Programa cient\u00edfico d\u00eda 1 - RELANE 2025<\/title>\n<meta name=\"robots\" content=\"index, follow, max-snippet:-1, max-image-preview:large, max-video-preview:-1\" \/>\n<link rel=\"canonical\" href=\"https:\/\/relane.org.mx\/web25\/index.php\/programa-cientifico\/\" \/>\n<meta property=\"og:locale\" content=\"es_ES\" \/>\n<meta property=\"og:type\" content=\"article\" \/>\n<meta property=\"og:title\" content=\"Programa cient\u00edfico d\u00eda 1 - RELANE 2025\" \/>\n<meta property=\"og:description\" content=\"Dra Isabel Felicitas Jover Jim\u00e9nez Conferencia Magistral Gesti\u00f3n del Cambio 20 de Octubre de 2025 La Dra. Isabel Felicitas Jover Jim\u00e9nez es una destacada acad\u00e9mica y consultora internacional con una trayectoria s\u00f3lida en ciencias administrativas, desarrollo organizacional y formaci\u00f3n gerencial. A lo largo de su carrera, la Dra. Jover Jim\u00e9nez ha combinado la excelencia acad\u00e9mica&hellip;&nbsp;Programa cient\u00edfico d\u00eda 1\" \/>\n<meta property=\"og:url\" content=\"https:\/\/relane.org.mx\/web25\/index.php\/programa-cientifico\/\" \/>\n<meta property=\"og:site_name\" content=\"RELANE 2025\" \/>\n<meta property=\"article:modified_time\" content=\"2025-10-22T17:42:11+00:00\" \/>\n<meta property=\"og:image\" content=\"https:\/\/relane.org.mx\/web25\/wp-content\/uploads\/2025\/10\/Jover.png\" \/>\n\t<meta property=\"og:image:width\" content=\"447\" \/>\n\t<meta property=\"og:image:height\" content=\"434\" \/>\n\t<meta property=\"og:image:type\" content=\"image\/png\" \/>\n<meta name=\"twitter:card\" content=\"summary_large_image\" \/>\n<meta name=\"twitter:label1\" content=\"Tiempo de lectura\" \/>\n\t<meta name=\"twitter:data1\" content=\"4 minutos\" \/>\n<script type=\"application\/ld+json\" class=\"yoast-schema-graph\">{\"@context\":\"https:\/\/schema.org\",\"@graph\":[{\"@type\":\"WebPage\",\"@id\":\"https:\/\/relane.org.mx\/web25\/index.php\/programa-cientifico\/\",\"url\":\"https:\/\/relane.org.mx\/web25\/index.php\/programa-cientifico\/\",\"name\":\"Programa cient\u00edfico d\u00eda 1 - RELANE 2025\",\"isPartOf\":{\"@id\":\"https:\/\/relane.org.mx\/web25\/#website\"},\"primaryImageOfPage\":{\"@id\":\"https:\/\/relane.org.mx\/web25\/index.php\/programa-cientifico\/#primaryimage\"},\"image\":{\"@id\":\"https:\/\/relane.org.mx\/web25\/index.php\/programa-cientifico\/#primaryimage\"},\"thumbnailUrl\":\"https:\/\/relane.org.mx\/web25\/wp-content\/uploads\/2025\/10\/Jover-300x291.png\",\"datePublished\":\"2025-06-12T20:10:41+00:00\",\"dateModified\":\"2025-10-22T17:42:11+00:00\",\"breadcrumb\":{\"@id\":\"https:\/\/relane.org.mx\/web25\/index.php\/programa-cientifico\/#breadcrumb\"},\"inLanguage\":\"es\",\"potentialAction\":[{\"@type\":\"ReadAction\",\"target\":[\"https:\/\/relane.org.mx\/web25\/index.php\/programa-cientifico\/\"]}]},{\"@type\":\"ImageObject\",\"inLanguage\":\"es\",\"@id\":\"https:\/\/relane.org.mx\/web25\/index.php\/programa-cientifico\/#primaryimage\",\"url\":\"https:\/\/relane.org.mx\/web25\/wp-content\/uploads\/2025\/10\/Jover.png\",\"contentUrl\":\"https:\/\/relane.org.mx\/web25\/wp-content\/uploads\/2025\/10\/Jover.png\",\"width\":447,\"height\":434},{\"@type\":\"BreadcrumbList\",\"@id\":\"https:\/\/relane.org.mx\/web25\/index.php\/programa-cientifico\/#breadcrumb\",\"itemListElement\":[{\"@type\":\"ListItem\",\"position\":1,\"name\":\"Portada\",\"item\":\"https:\/\/relane.org.mx\/web25\/\"},{\"@type\":\"ListItem\",\"position\":2,\"name\":\"Programa cient\u00edfico d\u00eda 1\"}]},{\"@type\":\"WebSite\",\"@id\":\"https:\/\/relane.org.mx\/web25\/#website\",\"url\":\"https:\/\/relane.org.mx\/web25\/\",\"name\":\"RELANE 2025\",\"description\":\"\",\"potentialAction\":[{\"@type\":\"SearchAction\",\"target\":{\"@type\":\"EntryPoint\",\"urlTemplate\":\"https:\/\/relane.org.mx\/web25\/?s={search_term_string}\"},\"query-input\":{\"@type\":\"PropertyValueSpecification\",\"valueRequired\":true,\"valueName\":\"search_term_string\"}}],\"inLanguage\":\"es\"}]}<\/script>\n<!-- \/ Yoast SEO plugin. -->","yoast_head_json":{"title":"Programa cient\u00edfico d\u00eda 1 - RELANE 2025","robots":{"index":"index","follow":"follow","max-snippet":"max-snippet:-1","max-image-preview":"max-image-preview:large","max-video-preview":"max-video-preview:-1"},"canonical":"https:\/\/relane.org.mx\/web25\/index.php\/programa-cientifico\/","og_locale":"es_ES","og_type":"article","og_title":"Programa cient\u00edfico d\u00eda 1 - RELANE 2025","og_description":"Dra Isabel Felicitas Jover Jim\u00e9nez Conferencia Magistral Gesti\u00f3n del Cambio 20 de Octubre de 2025 La Dra. Isabel Felicitas Jover Jim\u00e9nez es una destacada acad\u00e9mica y consultora internacional con una trayectoria s\u00f3lida en ciencias administrativas, desarrollo organizacional y formaci\u00f3n gerencial. A lo largo de su carrera, la Dra. Jover Jim\u00e9nez ha combinado la excelencia acad\u00e9mica&hellip;&nbsp;Programa cient\u00edfico d\u00eda 1","og_url":"https:\/\/relane.org.mx\/web25\/index.php\/programa-cientifico\/","og_site_name":"RELANE 2025","article_modified_time":"2025-10-22T17:42:11+00:00","og_image":[{"width":447,"height":434,"url":"https:\/\/relane.org.mx\/web25\/wp-content\/uploads\/2025\/10\/Jover.png","type":"image\/png"}],"twitter_card":"summary_large_image","twitter_misc":{"Tiempo de lectura":"4 minutos"},"schema":{"@context":"https:\/\/schema.org","@graph":[{"@type":"WebPage","@id":"https:\/\/relane.org.mx\/web25\/index.php\/programa-cientifico\/","url":"https:\/\/relane.org.mx\/web25\/index.php\/programa-cientifico\/","name":"Programa cient\u00edfico d\u00eda 1 - RELANE 2025","isPartOf":{"@id":"https:\/\/relane.org.mx\/web25\/#website"},"primaryImageOfPage":{"@id":"https:\/\/relane.org.mx\/web25\/index.php\/programa-cientifico\/#primaryimage"},"image":{"@id":"https:\/\/relane.org.mx\/web25\/index.php\/programa-cientifico\/#primaryimage"},"thumbnailUrl":"https:\/\/relane.org.mx\/web25\/wp-content\/uploads\/2025\/10\/Jover-300x291.png","datePublished":"2025-06-12T20:10:41+00:00","dateModified":"2025-10-22T17:42:11+00:00","breadcrumb":{"@id":"https:\/\/relane.org.mx\/web25\/index.php\/programa-cientifico\/#breadcrumb"},"inLanguage":"es","potentialAction":[{"@type":"ReadAction","target":["https:\/\/relane.org.mx\/web25\/index.php\/programa-cientifico\/"]}]},{"@type":"ImageObject","inLanguage":"es","@id":"https:\/\/relane.org.mx\/web25\/index.php\/programa-cientifico\/#primaryimage","url":"https:\/\/relane.org.mx\/web25\/wp-content\/uploads\/2025\/10\/Jover.png","contentUrl":"https:\/\/relane.org.mx\/web25\/wp-content\/uploads\/2025\/10\/Jover.png","width":447,"height":434},{"@type":"BreadcrumbList","@id":"https:\/\/relane.org.mx\/web25\/index.php\/programa-cientifico\/#breadcrumb","itemListElement":[{"@type":"ListItem","position":1,"name":"Portada","item":"https:\/\/relane.org.mx\/web25\/"},{"@type":"ListItem","position":2,"name":"Programa cient\u00edfico d\u00eda 1"}]},{"@type":"WebSite","@id":"https:\/\/relane.org.mx\/web25\/#website","url":"https:\/\/relane.org.mx\/web25\/","name":"RELANE 2025","description":"","potentialAction":[{"@type":"SearchAction","target":{"@type":"EntryPoint","urlTemplate":"https:\/\/relane.org.mx\/web25\/?s={search_term_string}"},"query-input":{"@type":"PropertyValueSpecification","valueRequired":true,"valueName":"search_term_string"}}],"inLanguage":"es"}]}},"_links":{"self":[{"href":"https:\/\/relane.org.mx\/web25\/index.php\/wp-json\/wp\/v2\/pages\/191","targetHints":{"allow":["GET"]}}],"collection":[{"href":"https:\/\/relane.org.mx\/web25\/index.php\/wp-json\/wp\/v2\/pages"}],"about":[{"href":"https:\/\/relane.org.mx\/web25\/index.php\/wp-json\/wp\/v2\/types\/page"}],"author":[{"embeddable":true,"href":"https:\/\/relane.org.mx\/web25\/index.php\/wp-json\/wp\/v2\/users\/1"}],"replies":[{"embeddable":true,"href":"https:\/\/relane.org.mx\/web25\/index.php\/wp-json\/wp\/v2\/comments?post=191"}],"version-history":[{"count":40,"href":"https:\/\/relane.org.mx\/web25\/index.php\/wp-json\/wp\/v2\/pages\/191\/revisions"}],"predecessor-version":[{"id":404,"href":"https:\/\/relane.org.mx\/web25\/index.php\/wp-json\/wp\/v2\/pages\/191\/revisions\/404"}],"wp:attachment":[{"href":"https:\/\/relane.org.mx\/web25\/index.php\/wp-json\/wp\/v2\/media?parent=191"}],"curies":[{"name":"wp","href":"https:\/\/api.w.org\/{rel}","templated":true}]}}