{"id":234,"date":"2025-08-07T17:04:30","date_gmt":"2025-08-07T17:04:30","guid":{"rendered":"https:\/\/relane.org.mx\/web25\/?page_id=234"},"modified":"2025-09-01T18:46:26","modified_gmt":"2025-09-01T18:46:26","slug":"elementor-234","status":"publish","type":"page","link":"https:\/\/relane.org.mx\/web25\/index.php\/elementor-234\/","title":{"rendered":"Mtra. Alma Bayardo"},"content":{"rendered":"\t\t<div data-elementor-type=\"wp-page\" data-elementor-id=\"234\" class=\"elementor elementor-234\">\n\t\t\t\t<div class=\"elementor-element elementor-element-374a220 e-flex e-con-boxed e-con e-parent\" data-id=\"374a220\" data-element_type=\"container\">\n\t\t\t\t\t<div class=\"e-con-inner\">\n\t\t\t\t<div class=\"elementor-element elementor-element-9bdd3b3 elementor-widget elementor-widget-heading\" data-id=\"9bdd3b3\" data-element_type=\"widget\" data-widget_type=\"heading.default\">\n\t\t\t\t<div class=\"elementor-widget-container\">\n\t\t\t\t\t<h2 class=\"elementor-heading-title elementor-size-default\">Mtra. Alma Delia Bayardo Gait\u00e1n<\/h2>\t\t\t\t<\/div>\n\t\t\t\t<\/div>\n\t\t\t\t<div class=\"elementor-element elementor-element-4854d94 elementor-widget elementor-widget-image\" data-id=\"4854d94\" data-element_type=\"widget\" data-widget_type=\"image.default\">\n\t\t\t\t<div class=\"elementor-widget-container\">\n\t\t\t\t\t\t\t\t\t\t\t\t\t\t\t<img decoding=\"async\" width=\"150\" height=\"150\" src=\"https:\/\/relane.org.mx\/web25\/wp-content\/uploads\/2025\/08\/ALma-Bayardo-150x150.jpg\" class=\"attachment-thumbnail size-thumbnail wp-image-235\" alt=\"\" \/>\t\t\t\t\t\t\t\t\t\t\t\t\t\t\t<\/div>\n\t\t\t\t<\/div>\n\t\t\t\t\t<\/div>\n\t\t\t\t<\/div>\n\t\t<div class=\"elementor-element elementor-element-6064242 e-flex e-con-boxed e-con e-parent\" data-id=\"6064242\" data-element_type=\"container\">\n\t\t\t\t\t<div class=\"e-con-inner\">\n\t\t\t\t<div class=\"elementor-element elementor-element-17a5f10 elementor-widget elementor-widget-text-editor\" data-id=\"17a5f10\" data-element_type=\"widget\" data-widget_type=\"text-editor.default\">\n\t\t\t\t<div class=\"elementor-widget-container\">\n\t\t\t\t\t\t\t\t\t<p><\/p>\n<hr>\n<h2><img decoding=\"async\" class=\"emoji\" role=\"img\" draggable=\"false\" src=\"https:\/\/s.w.org\/images\/core\/emoji\/16.0.1\/svg\/1f9d1-200d-1f3eb.svg\" alt=\"\ud83e\uddd1\u200d\ud83c\udfeb\"> <strong>Mtra. Alma Delia Bayardo Gait\u00e1n<\/strong><\/h2>\n<h3><img decoding=\"async\" class=\"emoji\" role=\"img\" draggable=\"false\" src=\"https:\/\/s.w.org\/images\/core\/emoji\/16.0.1\/svg\/1f4cd.svg\" alt=\"\ud83d\udccd\"> <strong>Cargo Actual<\/strong><\/h3>\n<ul>\n<li><strong>Jefa del Departamento de Ciencias Econ\u00f3mico-Administrativas<\/strong>\n<ul>\n<li>Instituto Tecnol\u00f3gico de Colima (TecNM-Colima)<\/li>\n<li>Responsable de coordinar docencia, investigaci\u00f3n y vinculaci\u00f3n en \u00e1reas econ\u00f3mico-administrativas<\/li>\n<\/ul>\n<\/li>\n<\/ul>\n<h3><img decoding=\"async\" class=\"emoji\" role=\"img\" draggable=\"false\" src=\"https:\/\/s.w.org\/images\/core\/emoji\/16.0.1\/svg\/1f393.svg\" alt=\"\ud83c\udf93\"> <strong>Formaci\u00f3n Acad\u00e9mica<\/strong><\/h3>\n<ul>\n<li><strong>Licenciatura en Administraci\u00f3n de Empresas<\/strong>\n<ul>\n<li>Universidad de Colima<\/li>\n<li>A\u00f1o de titulaci\u00f3n: 1997<\/li>\n<\/ul>\n<\/li>\n<\/ul>\n<h3><img decoding=\"async\" class=\"emoji\" role=\"img\" draggable=\"false\" src=\"https:\/\/s.w.org\/images\/core\/emoji\/16.0.1\/svg\/1f6e0.svg\" alt=\"\ud83d\udee0\ufe0f\"> <strong>Funciones Principales<\/strong><\/h3>\n<ul>\n<li>Planeaci\u00f3n y evaluaci\u00f3n de actividades acad\u00e9micas<\/li>\n<li>Coordinaci\u00f3n de programas de estudio y materiales did\u00e1cticos<\/li>\n<li>Supervisi\u00f3n de proyectos de investigaci\u00f3n y vinculaci\u00f3n con el sector productivo<\/li>\n<li>Desarrollo profesional docente y apoyo en procesos de titulaci\u00f3n<\/li>\n<\/ul>\n<hr>\n<p><br><\/p>\t\t\t\t\t\t\t\t<\/div>\n\t\t\t\t<\/div>\n\t\t\t\t\t<\/div>\n\t\t\t\t<\/div>\n\t\t\t\t<\/div>\n\t\t","protected":false},"excerpt":{"rendered":"<p>Mtra. Alma Delia Bayardo Gait\u00e1n Mtra. Alma Delia Bayardo Gait\u00e1n Cargo Actual Jefa del Departamento de Ciencias Econ\u00f3mico-Administrativas Instituto Tecnol\u00f3gico de Colima (TecNM-Colima) Responsable de coordinar docencia, investigaci\u00f3n y vinculaci\u00f3n en \u00e1reas econ\u00f3mico-administrativas Formaci\u00f3n Acad\u00e9mica Licenciatura en Administraci\u00f3n de Empresas Universidad de Colima A\u00f1o de titulaci\u00f3n: 1997 Funciones Principales Planeaci\u00f3n y evaluaci\u00f3n de actividades acad\u00e9micas&hellip;&nbsp;<a href=\"https:\/\/relane.org.mx\/web25\/index.php\/elementor-234\/\" rel=\"bookmark\"><span class=\"screen-reader-text\">Mtra. Alma Bayardo<\/span><\/a><\/p>\n","protected":false},"author":1,"featured_media":0,"parent":0,"menu_order":0,"comment_status":"closed","ping_status":"closed","template":"page-templates\/template-pagebuilder-full-width.php","meta":{"neve_meta_sidebar":"","neve_meta_container":"","neve_meta_enable_content_width":"off","neve_meta_content_width":100,"neve_meta_title_alignment":"","neve_meta_author_avatar":"","neve_post_elements_order":"","neve_meta_disable_header":"","neve_meta_disable_footer":"","neve_meta_disable_title":"","footnotes":""},"class_list":["post-234","page","type-page","status-publish","hentry"],"yoast_head":"<!-- This site is optimized with the Yoast SEO plugin v24.7 - https:\/\/yoast.com\/wordpress\/plugins\/seo\/ -->\n<title>Mtra. Alma Bayardo - RELANE 2025<\/title>\n<meta name=\"robots\" content=\"index, follow, max-snippet:-1, max-image-preview:large, max-video-preview:-1\" \/>\n<link rel=\"canonical\" href=\"https:\/\/relane.org.mx\/web25\/index.php\/elementor-234\/\" \/>\n<meta property=\"og:locale\" content=\"es_ES\" \/>\n<meta property=\"og:type\" content=\"article\" \/>\n<meta property=\"og:title\" content=\"Mtra. Alma Bayardo - RELANE 2025\" \/>\n<meta property=\"og:description\" content=\"Mtra. Alma Delia Bayardo Gait\u00e1n Mtra. Alma Delia Bayardo Gait\u00e1n Cargo Actual Jefa del Departamento de Ciencias Econ\u00f3mico-Administrativas Instituto Tecnol\u00f3gico de Colima (TecNM-Colima) Responsable de coordinar docencia, investigaci\u00f3n y vinculaci\u00f3n en \u00e1reas econ\u00f3mico-administrativas Formaci\u00f3n Acad\u00e9mica Licenciatura en Administraci\u00f3n de Empresas Universidad de Colima A\u00f1o de titulaci\u00f3n: 1997 Funciones Principales Planeaci\u00f3n y evaluaci\u00f3n de actividades acad\u00e9micas&hellip;&nbsp;Mtra. Alma Bayardo\" \/>\n<meta property=\"og:url\" content=\"https:\/\/relane.org.mx\/web25\/index.php\/elementor-234\/\" \/>\n<meta property=\"og:site_name\" content=\"RELANE 2025\" \/>\n<meta property=\"article:modified_time\" content=\"2025-09-01T18:46:26+00:00\" \/>\n<meta property=\"og:image\" content=\"https:\/\/relane.org.mx\/web25\/wp-content\/uploads\/2025\/08\/ALma-Bayardo.jpg\" \/>\n\t<meta property=\"og:image:width\" content=\"982\" \/>\n\t<meta property=\"og:image:height\" content=\"1600\" \/>\n\t<meta property=\"og:image:type\" content=\"image\/jpeg\" \/>\n<meta name=\"twitter:card\" content=\"summary_large_image\" \/>\n<meta name=\"twitter:label1\" content=\"Tiempo de lectura\" \/>\n\t<meta name=\"twitter:data1\" content=\"2 minutos\" \/>\n<script type=\"application\/ld+json\" class=\"yoast-schema-graph\">{\"@context\":\"https:\/\/schema.org\",\"@graph\":[{\"@type\":\"WebPage\",\"@id\":\"https:\/\/relane.org.mx\/web25\/index.php\/elementor-234\/\",\"url\":\"https:\/\/relane.org.mx\/web25\/index.php\/elementor-234\/\",\"name\":\"Mtra. Alma Bayardo - RELANE 2025\",\"isPartOf\":{\"@id\":\"https:\/\/relane.org.mx\/web25\/#website\"},\"primaryImageOfPage\":{\"@id\":\"https:\/\/relane.org.mx\/web25\/index.php\/elementor-234\/#primaryimage\"},\"image\":{\"@id\":\"https:\/\/relane.org.mx\/web25\/index.php\/elementor-234\/#primaryimage\"},\"thumbnailUrl\":\"https:\/\/relane.org.mx\/web25\/wp-content\/uploads\/2025\/08\/ALma-Bayardo-150x150.jpg\",\"datePublished\":\"2025-08-07T17:04:30+00:00\",\"dateModified\":\"2025-09-01T18:46:26+00:00\",\"breadcrumb\":{\"@id\":\"https:\/\/relane.org.mx\/web25\/index.php\/elementor-234\/#breadcrumb\"},\"inLanguage\":\"es\",\"potentialAction\":[{\"@type\":\"ReadAction\",\"target\":[\"https:\/\/relane.org.mx\/web25\/index.php\/elementor-234\/\"]}]},{\"@type\":\"ImageObject\",\"inLanguage\":\"es\",\"@id\":\"https:\/\/relane.org.mx\/web25\/index.php\/elementor-234\/#primaryimage\",\"url\":\"https:\/\/relane.org.mx\/web25\/wp-content\/uploads\/2025\/08\/ALma-Bayardo.jpg\",\"contentUrl\":\"https:\/\/relane.org.mx\/web25\/wp-content\/uploads\/2025\/08\/ALma-Bayardo.jpg\",\"width\":982,\"height\":1600},{\"@type\":\"BreadcrumbList\",\"@id\":\"https:\/\/relane.org.mx\/web25\/index.php\/elementor-234\/#breadcrumb\",\"itemListElement\":[{\"@type\":\"ListItem\",\"position\":1,\"name\":\"Portada\",\"item\":\"https:\/\/relane.org.mx\/web25\/\"},{\"@type\":\"ListItem\",\"position\":2,\"name\":\"Mtra. Alma Bayardo\"}]},{\"@type\":\"WebSite\",\"@id\":\"https:\/\/relane.org.mx\/web25\/#website\",\"url\":\"https:\/\/relane.org.mx\/web25\/\",\"name\":\"RELANE 2025\",\"description\":\"\",\"potentialAction\":[{\"@type\":\"SearchAction\",\"target\":{\"@type\":\"EntryPoint\",\"urlTemplate\":\"https:\/\/relane.org.mx\/web25\/?s={search_term_string}\"},\"query-input\":{\"@type\":\"PropertyValueSpecification\",\"valueRequired\":true,\"valueName\":\"search_term_string\"}}],\"inLanguage\":\"es\"}]}<\/script>\n<!-- \/ Yoast SEO plugin. -->","yoast_head_json":{"title":"Mtra. Alma Bayardo - RELANE 2025","robots":{"index":"index","follow":"follow","max-snippet":"max-snippet:-1","max-image-preview":"max-image-preview:large","max-video-preview":"max-video-preview:-1"},"canonical":"https:\/\/relane.org.mx\/web25\/index.php\/elementor-234\/","og_locale":"es_ES","og_type":"article","og_title":"Mtra. Alma Bayardo - RELANE 2025","og_description":"Mtra. Alma Delia Bayardo Gait\u00e1n Mtra. Alma Delia Bayardo Gait\u00e1n Cargo Actual Jefa del Departamento de Ciencias Econ\u00f3mico-Administrativas Instituto Tecnol\u00f3gico de Colima (TecNM-Colima) Responsable de coordinar docencia, investigaci\u00f3n y vinculaci\u00f3n en \u00e1reas econ\u00f3mico-administrativas Formaci\u00f3n Acad\u00e9mica Licenciatura en Administraci\u00f3n de Empresas Universidad de Colima A\u00f1o de titulaci\u00f3n: 1997 Funciones Principales Planeaci\u00f3n y evaluaci\u00f3n de actividades acad\u00e9micas&hellip;&nbsp;Mtra. Alma Bayardo","og_url":"https:\/\/relane.org.mx\/web25\/index.php\/elementor-234\/","og_site_name":"RELANE 2025","article_modified_time":"2025-09-01T18:46:26+00:00","og_image":[{"width":982,"height":1600,"url":"https:\/\/relane.org.mx\/web25\/wp-content\/uploads\/2025\/08\/ALma-Bayardo.jpg","type":"image\/jpeg"}],"twitter_card":"summary_large_image","twitter_misc":{"Tiempo de lectura":"2 minutos"},"schema":{"@context":"https:\/\/schema.org","@graph":[{"@type":"WebPage","@id":"https:\/\/relane.org.mx\/web25\/index.php\/elementor-234\/","url":"https:\/\/relane.org.mx\/web25\/index.php\/elementor-234\/","name":"Mtra. Alma Bayardo - RELANE 2025","isPartOf":{"@id":"https:\/\/relane.org.mx\/web25\/#website"},"primaryImageOfPage":{"@id":"https:\/\/relane.org.mx\/web25\/index.php\/elementor-234\/#primaryimage"},"image":{"@id":"https:\/\/relane.org.mx\/web25\/index.php\/elementor-234\/#primaryimage"},"thumbnailUrl":"https:\/\/relane.org.mx\/web25\/wp-content\/uploads\/2025\/08\/ALma-Bayardo-150x150.jpg","datePublished":"2025-08-07T17:04:30+00:00","dateModified":"2025-09-01T18:46:26+00:00","breadcrumb":{"@id":"https:\/\/relane.org.mx\/web25\/index.php\/elementor-234\/#breadcrumb"},"inLanguage":"es","potentialAction":[{"@type":"ReadAction","target":["https:\/\/relane.org.mx\/web25\/index.php\/elementor-234\/"]}]},{"@type":"ImageObject","inLanguage":"es","@id":"https:\/\/relane.org.mx\/web25\/index.php\/elementor-234\/#primaryimage","url":"https:\/\/relane.org.mx\/web25\/wp-content\/uploads\/2025\/08\/ALma-Bayardo.jpg","contentUrl":"https:\/\/relane.org.mx\/web25\/wp-content\/uploads\/2025\/08\/ALma-Bayardo.jpg","width":982,"height":1600},{"@type":"BreadcrumbList","@id":"https:\/\/relane.org.mx\/web25\/index.php\/elementor-234\/#breadcrumb","itemListElement":[{"@type":"ListItem","position":1,"name":"Portada","item":"https:\/\/relane.org.mx\/web25\/"},{"@type":"ListItem","position":2,"name":"Mtra. Alma Bayardo"}]},{"@type":"WebSite","@id":"https:\/\/relane.org.mx\/web25\/#website","url":"https:\/\/relane.org.mx\/web25\/","name":"RELANE 2025","description":"","potentialAction":[{"@type":"SearchAction","target":{"@type":"EntryPoint","urlTemplate":"https:\/\/relane.org.mx\/web25\/?s={search_term_string}"},"query-input":{"@type":"PropertyValueSpecification","valueRequired":true,"valueName":"search_term_string"}}],"inLanguage":"es"}]}},"_links":{"self":[{"href":"https:\/\/relane.org.mx\/web25\/index.php\/wp-json\/wp\/v2\/pages\/234","targetHints":{"allow":["GET"]}}],"collection":[{"href":"https:\/\/relane.org.mx\/web25\/index.php\/wp-json\/wp\/v2\/pages"}],"about":[{"href":"https:\/\/relane.org.mx\/web25\/index.php\/wp-json\/wp\/v2\/types\/page"}],"author":[{"embeddable":true,"href":"https:\/\/relane.org.mx\/web25\/index.php\/wp-json\/wp\/v2\/users\/1"}],"replies":[{"embeddable":true,"href":"https:\/\/relane.org.mx\/web25\/index.php\/wp-json\/wp\/v2\/comments?post=234"}],"version-history":[{"count":10,"href":"https:\/\/relane.org.mx\/web25\/index.php\/wp-json\/wp\/v2\/pages\/234\/revisions"}],"predecessor-version":[{"id":330,"href":"https:\/\/relane.org.mx\/web25\/index.php\/wp-json\/wp\/v2\/pages\/234\/revisions\/330"}],"wp:attachment":[{"href":"https:\/\/relane.org.mx\/web25\/index.php\/wp-json\/wp\/v2\/media?parent=234"}],"curies":[{"name":"wp","href":"https:\/\/api.w.org\/{rel}","templated":true}]}}