{"id":301,"date":"2025-08-14T16:46:46","date_gmt":"2025-08-14T16:46:46","guid":{"rendered":"https:\/\/relane.org.mx\/web25\/?page_id=301"},"modified":"2025-08-14T17:17:17","modified_gmt":"2025-08-14T17:17:17","slug":"dr-carlos-barragan-vazquez","status":"publish","type":"page","link":"https:\/\/relane.org.mx\/web25\/index.php\/dr-carlos-barragan-vazquez\/","title":{"rendered":"Dr. Carlos Barrag\u00e1n V\u00e1zquez"},"content":{"rendered":"\t\t<div data-elementor-type=\"wp-page\" data-elementor-id=\"301\" class=\"elementor elementor-301\">\n\t\t\t\t<div class=\"elementor-element elementor-element-839c6bd e-flex e-con-boxed e-con e-parent\" data-id=\"839c6bd\" data-element_type=\"container\">\n\t\t\t\t\t<div class=\"e-con-inner\">\n\t\t\t\t<div class=\"elementor-element elementor-element-e74eaf5 elementor-widget elementor-widget-image\" data-id=\"e74eaf5\" data-element_type=\"widget\" data-widget_type=\"image.default\">\n\t\t\t\t<div class=\"elementor-widget-container\">\n\t\t\t\t\t\t\t\t\t\t\t\t\t\t\t<img decoding=\"async\" width=\"150\" height=\"150\" src=\"https:\/\/relane.org.mx\/web25\/wp-content\/uploads\/2025\/08\/Barrangan_limpio-150x150.png\" class=\"attachment-thumbnail size-thumbnail wp-image-309\" alt=\"\" \/>\t\t\t\t\t\t\t\t\t\t\t\t\t\t\t<\/div>\n\t\t\t\t<\/div>\n\t\t\t\t\t<\/div>\n\t\t\t\t<\/div>\n\t\t<div class=\"elementor-element elementor-element-2d39eff e-flex e-con-boxed e-con e-parent\" data-id=\"2d39eff\" data-element_type=\"container\">\n\t\t\t\t\t<div class=\"e-con-inner\">\n\t\t\t\t<div class=\"elementor-element elementor-element-ad2dc87 elementor-widget elementor-widget-text-editor\" data-id=\"ad2dc87\" data-element_type=\"widget\" data-widget_type=\"text-editor.default\">\n\t\t\t\t<div class=\"elementor-widget-container\">\n\t\t\t\t\t\t\t\t\t<p>El Dr. Carlos Hugo Barrag\u00e1n V\u00e1zquez es un destacado acad\u00e9mico e investigador vinculado a la&nbsp;<strong>Facultad de Contabilidad y Administraci\u00f3n de la Universidad de Colima (FCAC)<\/strong>. Su formaci\u00f3n profesional lo ha llevado a especializarse en \u00e1reas clave como la administraci\u00f3n p\u00fablica, la contadur\u00eda, la eficiencia organizacional y el emprendimiento.<\/p>\n<p>A lo largo de su carrera, ha participado activamente en diversos&nbsp;<strong>proyectos de investigaci\u00f3n multidisciplinarios<\/strong>, entre los que destacan:<\/p>\n<ul>\n<li><strong>La eficiencia y la productividad en las MiPyMEs<\/strong>, donde se analizan variables como la percepci\u00f3n de oportunidades, capacidades emprendedoras y miedo al fracaso.<\/li>\n<li><strong>Los factores de \u00e9xito y la competitividad del sector p\u00fablico en M\u00e9xico<\/strong>, enfocado en el desarrollo de indicadores de gesti\u00f3n para mejorar la toma de decisiones en entidades gubernamentales.<\/li>\n<li><strong>G\u00e9nero y organizaci\u00f3n<\/strong>, que estudia las din\u00e1micas simb\u00f3licas y pr\u00e1cticas organizacionales desde una perspectiva de equidad de g\u00e9nero.<\/li>\n<li><strong>Acciones de emprendimiento en la FCAC<\/strong>, orientado a evaluar el impacto de la cultura emprendedora en estudiantes universitarios.<\/li>\n<\/ul>\n<p>Su participaci\u00f3n en estos proyectos refleja un compromiso profundo con la&nbsp;<strong>mejora continua de los programas educativos<\/strong>, la&nbsp;<strong>generaci\u00f3n de conocimiento aplicado<\/strong>&nbsp;y el&nbsp;<strong>fortalecimiento del tejido empresarial y p\u00fablico<\/strong>&nbsp;en M\u00e9xico<\/p>\n<p>El Dr. Barrag\u00e1n V\u00e1zquez es reconocido por su capacidad anal\u00edtica, su enfoque colaborativo y su vocaci\u00f3n por la ense\u00f1anza, lo que lo convierte en una figura influyente dentro de la comunidad acad\u00e9mica colimense<\/p>\t\t\t\t\t\t\t\t<\/div>\n\t\t\t\t<\/div>\n\t\t\t\t\t<\/div>\n\t\t\t\t<\/div>\n\t\t\t\t<\/div>\n\t\t","protected":false},"excerpt":{"rendered":"<p>El Dr. Carlos Hugo Barrag\u00e1n V\u00e1zquez es un destacado acad\u00e9mico e investigador vinculado a la&nbsp;Facultad de Contabilidad y Administraci\u00f3n de la Universidad de Colima (FCAC). Su formaci\u00f3n profesional lo ha llevado a especializarse en \u00e1reas clave como la administraci\u00f3n p\u00fablica, la contadur\u00eda, la eficiencia organizacional y el emprendimiento. A lo largo de su carrera, ha&hellip;&nbsp;<a href=\"https:\/\/relane.org.mx\/web25\/index.php\/dr-carlos-barragan-vazquez\/\" rel=\"bookmark\"><span class=\"screen-reader-text\">Dr. Carlos Barrag\u00e1n V\u00e1zquez<\/span><\/a><\/p>\n","protected":false},"author":1,"featured_media":0,"parent":0,"menu_order":0,"comment_status":"closed","ping_status":"closed","template":"","meta":{"neve_meta_sidebar":"","neve_meta_container":"","neve_meta_enable_content_width":"","neve_meta_content_width":0,"neve_meta_title_alignment":"","neve_meta_author_avatar":"","neve_post_elements_order":"","neve_meta_disable_header":"","neve_meta_disable_footer":"","neve_meta_disable_title":"","footnotes":""},"class_list":["post-301","page","type-page","status-publish","hentry"],"yoast_head":"<!-- This site is optimized with the Yoast SEO plugin v24.7 - https:\/\/yoast.com\/wordpress\/plugins\/seo\/ -->\n<title>Dr. Carlos Barrag\u00e1n V\u00e1zquez - RELANE 2025<\/title>\n<meta name=\"robots\" content=\"index, follow, max-snippet:-1, max-image-preview:large, max-video-preview:-1\" \/>\n<link rel=\"canonical\" href=\"https:\/\/relane.org.mx\/web25\/index.php\/dr-carlos-barragan-vazquez\/\" \/>\n<meta property=\"og:locale\" content=\"es_ES\" \/>\n<meta property=\"og:type\" content=\"article\" \/>\n<meta property=\"og:title\" content=\"Dr. Carlos Barrag\u00e1n V\u00e1zquez - RELANE 2025\" \/>\n<meta property=\"og:description\" content=\"El Dr. Carlos Hugo Barrag\u00e1n V\u00e1zquez es un destacado acad\u00e9mico e investigador vinculado a la&nbsp;Facultad de Contabilidad y Administraci\u00f3n de la Universidad de Colima (FCAC). Su formaci\u00f3n profesional lo ha llevado a especializarse en \u00e1reas clave como la administraci\u00f3n p\u00fablica, la contadur\u00eda, la eficiencia organizacional y el emprendimiento. A lo largo de su carrera, ha&hellip;&nbsp;Dr. Carlos Barrag\u00e1n V\u00e1zquez\" \/>\n<meta property=\"og:url\" content=\"https:\/\/relane.org.mx\/web25\/index.php\/dr-carlos-barragan-vazquez\/\" \/>\n<meta property=\"og:site_name\" content=\"RELANE 2025\" \/>\n<meta property=\"article:modified_time\" content=\"2025-08-14T17:17:17+00:00\" \/>\n<meta property=\"og:image\" content=\"https:\/\/relane.org.mx\/web25\/wp-content\/uploads\/2025\/08\/Barrangan_limpio.png\" \/>\n\t<meta property=\"og:image:width\" content=\"1211\" \/>\n\t<meta property=\"og:image:height\" content=\"1127\" \/>\n\t<meta property=\"og:image:type\" content=\"image\/png\" \/>\n<meta name=\"twitter:card\" content=\"summary_large_image\" \/>\n<meta name=\"twitter:label1\" content=\"Tiempo de lectura\" \/>\n\t<meta name=\"twitter:data1\" content=\"2 minutos\" \/>\n<script type=\"application\/ld+json\" class=\"yoast-schema-graph\">{\"@context\":\"https:\/\/schema.org\",\"@graph\":[{\"@type\":\"WebPage\",\"@id\":\"https:\/\/relane.org.mx\/web25\/index.php\/dr-carlos-barragan-vazquez\/\",\"url\":\"https:\/\/relane.org.mx\/web25\/index.php\/dr-carlos-barragan-vazquez\/\",\"name\":\"Dr. Carlos Barrag\u00e1n V\u00e1zquez - RELANE 2025\",\"isPartOf\":{\"@id\":\"https:\/\/relane.org.mx\/web25\/#website\"},\"primaryImageOfPage\":{\"@id\":\"https:\/\/relane.org.mx\/web25\/index.php\/dr-carlos-barragan-vazquez\/#primaryimage\"},\"image\":{\"@id\":\"https:\/\/relane.org.mx\/web25\/index.php\/dr-carlos-barragan-vazquez\/#primaryimage\"},\"thumbnailUrl\":\"https:\/\/relane.org.mx\/web25\/wp-content\/uploads\/2025\/08\/Barrangan_limpio-150x150.png\",\"datePublished\":\"2025-08-14T16:46:46+00:00\",\"dateModified\":\"2025-08-14T17:17:17+00:00\",\"breadcrumb\":{\"@id\":\"https:\/\/relane.org.mx\/web25\/index.php\/dr-carlos-barragan-vazquez\/#breadcrumb\"},\"inLanguage\":\"es\",\"potentialAction\":[{\"@type\":\"ReadAction\",\"target\":[\"https:\/\/relane.org.mx\/web25\/index.php\/dr-carlos-barragan-vazquez\/\"]}]},{\"@type\":\"ImageObject\",\"inLanguage\":\"es\",\"@id\":\"https:\/\/relane.org.mx\/web25\/index.php\/dr-carlos-barragan-vazquez\/#primaryimage\",\"url\":\"https:\/\/relane.org.mx\/web25\/wp-content\/uploads\/2025\/08\/Barrangan_limpio.png\",\"contentUrl\":\"https:\/\/relane.org.mx\/web25\/wp-content\/uploads\/2025\/08\/Barrangan_limpio.png\",\"width\":1211,\"height\":1127},{\"@type\":\"BreadcrumbList\",\"@id\":\"https:\/\/relane.org.mx\/web25\/index.php\/dr-carlos-barragan-vazquez\/#breadcrumb\",\"itemListElement\":[{\"@type\":\"ListItem\",\"position\":1,\"name\":\"Portada\",\"item\":\"https:\/\/relane.org.mx\/web25\/\"},{\"@type\":\"ListItem\",\"position\":2,\"name\":\"Dr. Carlos Barrag\u00e1n V\u00e1zquez\"}]},{\"@type\":\"WebSite\",\"@id\":\"https:\/\/relane.org.mx\/web25\/#website\",\"url\":\"https:\/\/relane.org.mx\/web25\/\",\"name\":\"RELANE 2025\",\"description\":\"\",\"potentialAction\":[{\"@type\":\"SearchAction\",\"target\":{\"@type\":\"EntryPoint\",\"urlTemplate\":\"https:\/\/relane.org.mx\/web25\/?s={search_term_string}\"},\"query-input\":{\"@type\":\"PropertyValueSpecification\",\"valueRequired\":true,\"valueName\":\"search_term_string\"}}],\"inLanguage\":\"es\"}]}<\/script>\n<!-- \/ Yoast SEO plugin. -->","yoast_head_json":{"title":"Dr. Carlos Barrag\u00e1n V\u00e1zquez - RELANE 2025","robots":{"index":"index","follow":"follow","max-snippet":"max-snippet:-1","max-image-preview":"max-image-preview:large","max-video-preview":"max-video-preview:-1"},"canonical":"https:\/\/relane.org.mx\/web25\/index.php\/dr-carlos-barragan-vazquez\/","og_locale":"es_ES","og_type":"article","og_title":"Dr. Carlos Barrag\u00e1n V\u00e1zquez - RELANE 2025","og_description":"El Dr. Carlos Hugo Barrag\u00e1n V\u00e1zquez es un destacado acad\u00e9mico e investigador vinculado a la&nbsp;Facultad de Contabilidad y Administraci\u00f3n de la Universidad de Colima (FCAC). Su formaci\u00f3n profesional lo ha llevado a especializarse en \u00e1reas clave como la administraci\u00f3n p\u00fablica, la contadur\u00eda, la eficiencia organizacional y el emprendimiento. A lo largo de su carrera, ha&hellip;&nbsp;Dr. Carlos Barrag\u00e1n V\u00e1zquez","og_url":"https:\/\/relane.org.mx\/web25\/index.php\/dr-carlos-barragan-vazquez\/","og_site_name":"RELANE 2025","article_modified_time":"2025-08-14T17:17:17+00:00","og_image":[{"width":1211,"height":1127,"url":"https:\/\/relane.org.mx\/web25\/wp-content\/uploads\/2025\/08\/Barrangan_limpio.png","type":"image\/png"}],"twitter_card":"summary_large_image","twitter_misc":{"Tiempo de lectura":"2 minutos"},"schema":{"@context":"https:\/\/schema.org","@graph":[{"@type":"WebPage","@id":"https:\/\/relane.org.mx\/web25\/index.php\/dr-carlos-barragan-vazquez\/","url":"https:\/\/relane.org.mx\/web25\/index.php\/dr-carlos-barragan-vazquez\/","name":"Dr. Carlos Barrag\u00e1n V\u00e1zquez - RELANE 2025","isPartOf":{"@id":"https:\/\/relane.org.mx\/web25\/#website"},"primaryImageOfPage":{"@id":"https:\/\/relane.org.mx\/web25\/index.php\/dr-carlos-barragan-vazquez\/#primaryimage"},"image":{"@id":"https:\/\/relane.org.mx\/web25\/index.php\/dr-carlos-barragan-vazquez\/#primaryimage"},"thumbnailUrl":"https:\/\/relane.org.mx\/web25\/wp-content\/uploads\/2025\/08\/Barrangan_limpio-150x150.png","datePublished":"2025-08-14T16:46:46+00:00","dateModified":"2025-08-14T17:17:17+00:00","breadcrumb":{"@id":"https:\/\/relane.org.mx\/web25\/index.php\/dr-carlos-barragan-vazquez\/#breadcrumb"},"inLanguage":"es","potentialAction":[{"@type":"ReadAction","target":["https:\/\/relane.org.mx\/web25\/index.php\/dr-carlos-barragan-vazquez\/"]}]},{"@type":"ImageObject","inLanguage":"es","@id":"https:\/\/relane.org.mx\/web25\/index.php\/dr-carlos-barragan-vazquez\/#primaryimage","url":"https:\/\/relane.org.mx\/web25\/wp-content\/uploads\/2025\/08\/Barrangan_limpio.png","contentUrl":"https:\/\/relane.org.mx\/web25\/wp-content\/uploads\/2025\/08\/Barrangan_limpio.png","width":1211,"height":1127},{"@type":"BreadcrumbList","@id":"https:\/\/relane.org.mx\/web25\/index.php\/dr-carlos-barragan-vazquez\/#breadcrumb","itemListElement":[{"@type":"ListItem","position":1,"name":"Portada","item":"https:\/\/relane.org.mx\/web25\/"},{"@type":"ListItem","position":2,"name":"Dr. Carlos Barrag\u00e1n V\u00e1zquez"}]},{"@type":"WebSite","@id":"https:\/\/relane.org.mx\/web25\/#website","url":"https:\/\/relane.org.mx\/web25\/","name":"RELANE 2025","description":"","potentialAction":[{"@type":"SearchAction","target":{"@type":"EntryPoint","urlTemplate":"https:\/\/relane.org.mx\/web25\/?s={search_term_string}"},"query-input":{"@type":"PropertyValueSpecification","valueRequired":true,"valueName":"search_term_string"}}],"inLanguage":"es"}]}},"_links":{"self":[{"href":"https:\/\/relane.org.mx\/web25\/index.php\/wp-json\/wp\/v2\/pages\/301","targetHints":{"allow":["GET"]}}],"collection":[{"href":"https:\/\/relane.org.mx\/web25\/index.php\/wp-json\/wp\/v2\/pages"}],"about":[{"href":"https:\/\/relane.org.mx\/web25\/index.php\/wp-json\/wp\/v2\/types\/page"}],"author":[{"embeddable":true,"href":"https:\/\/relane.org.mx\/web25\/index.php\/wp-json\/wp\/v2\/users\/1"}],"replies":[{"embeddable":true,"href":"https:\/\/relane.org.mx\/web25\/index.php\/wp-json\/wp\/v2\/comments?post=301"}],"version-history":[{"count":9,"href":"https:\/\/relane.org.mx\/web25\/index.php\/wp-json\/wp\/v2\/pages\/301\/revisions"}],"predecessor-version":[{"id":312,"href":"https:\/\/relane.org.mx\/web25\/index.php\/wp-json\/wp\/v2\/pages\/301\/revisions\/312"}],"wp:attachment":[{"href":"https:\/\/relane.org.mx\/web25\/index.php\/wp-json\/wp\/v2\/media?parent=301"}],"curies":[{"name":"wp","href":"https:\/\/api.w.org\/{rel}","templated":true}]}}