{"id":313,"date":"2025-08-14T17:53:34","date_gmt":"2025-08-14T17:53:34","guid":{"rendered":"https:\/\/relane.org.mx\/web25\/?page_id=313"},"modified":"2025-08-14T17:55:57","modified_gmt":"2025-08-14T17:55:57","slug":"dra-albania","status":"publish","type":"page","link":"https:\/\/relane.org.mx\/web25\/index.php\/dra-albania\/","title":{"rendered":"Dra. Albania"},"content":{"rendered":"\t\t<div data-elementor-type=\"wp-page\" data-elementor-id=\"313\" class=\"elementor elementor-313\">\n\t\t\t\t<div class=\"elementor-element elementor-element-d2d5af7 e-flex e-con-boxed e-con e-parent\" data-id=\"d2d5af7\" data-element_type=\"container\">\n\t\t\t\t\t<div class=\"e-con-inner\">\n\t\t\t\t<div class=\"elementor-element elementor-element-413fd6f elementor-widget elementor-widget-heading\" data-id=\"413fd6f\" data-element_type=\"widget\" data-widget_type=\"heading.default\">\n\t\t\t\t<div class=\"elementor-widget-container\">\n\t\t\t\t\t<h2 class=\"elementor-heading-title elementor-size-default\">Dra. Albania Padilla Mart\u00ednez<br><\/h2>\t\t\t\t<\/div>\n\t\t\t\t<\/div>\n\t\t\t\t<div class=\"elementor-element elementor-element-8d79dc1 elementor-widget elementor-widget-image\" data-id=\"8d79dc1\" data-element_type=\"widget\" data-widget_type=\"image.default\">\n\t\t\t\t<div class=\"elementor-widget-container\">\n\t\t\t\t\t\t\t\t\t\t\t\t\t\t\t<img decoding=\"async\" width=\"150\" height=\"150\" src=\"https:\/\/relane.org.mx\/web25\/wp-content\/uploads\/2025\/08\/Albania-2-150x150.png\" class=\"attachment-thumbnail size-thumbnail wp-image-314\" alt=\"\" \/>\t\t\t\t\t\t\t\t\t\t\t\t\t\t\t<\/div>\n\t\t\t\t<\/div>\n\t\t\t\t\t<\/div>\n\t\t\t\t<\/div>\n\t\t<div class=\"elementor-element elementor-element-2f03767 e-flex e-con-boxed e-con e-parent\" data-id=\"2f03767\" data-element_type=\"container\">\n\t\t\t\t\t<div class=\"e-con-inner\">\n\t\t\t\t<div class=\"elementor-element elementor-element-9c52b4d elementor-widget elementor-widget-text-editor\" data-id=\"9c52b4d\" data-element_type=\"widget\" data-widget_type=\"text-editor.default\">\n\t\t\t\t<div class=\"elementor-widget-container\">\n\t\t\t\t\t\t\t\t\t<h2 style=\"margin-top: 8px; margin-bottom: 4px; overflow-wrap: break-word; color: #424242; font-family: 'Segoe Sans', 'Segoe UI', 'Segoe UI Web (West European)', -apple-system, BlinkMacSystemFont, Roboto, 'Helvetica Neue', sans-serif; background-color: #fafafa;\"><span style=\"font-weight: 600;\">Semblanza profesional<\/span><\/h2><p style=\"margin-top: 8px; margin-bottom: 4px; overflow-wrap: break-word; color: #424242; font-family: 'Segoe Sans', 'Segoe UI', 'Segoe UI Web (West European)', -apple-system, BlinkMacSystemFont, Roboto, 'Helvetica Neue', sans-serif; background-color: #fafafa;\">La Dra. Albania Padilla Mart\u00ednez es\u00a0<span style=\"font-weight: 600;\">Doctora en Estudios Organizacionales<\/span>\u00a0por la\u00a0<span style=\"font-weight: 600;\">Universidad Aut\u00f3noma Metropolitana<\/span>, donde obtuvo el grado en noviembre de 2018 con la tesis titulada\u00a0<em>\u201cLa identidad de la mujer empresaria: narrativas, performance y resistencia. An\u00e1lisis en una organizaci\u00f3n femenina\u201d<\/em>. Es tambi\u00e9n\u00a0<span style=\"font-weight: 600;\">Maestra en Administraci\u00f3n de Organizaciones<\/span>\u00a0por la\u00a0<span style=\"font-weight: 600;\">Universidad Nacional Aut\u00f3noma de M\u00e9xico<\/span>\u00a0y\u00a0<span style=\"font-weight: 600;\">Licenciada en Administraci\u00f3n<\/span>\u00a0por la\u00a0<span style=\"font-weight: 600;\">UAM Azcapotzalco<\/span>.<\/p><h3 style=\"font-weight: 600; margin-top: 13px; margin-bottom: 3px; max-width: 590px; font-size: 20px; line-height: 28px; color: #424242; font-family: 'Segoe Sans', 'Segoe UI', 'Segoe UI Web (West European)', -apple-system, BlinkMacSystemFont, Roboto, 'Helvetica Neue', sans-serif; letter-spacing: normal; text-transform: none; background-color: #fafafa;\">Trayectoria acad\u00e9mica y de investigaci\u00f3n<\/h3><p style=\"margin-top: 8px; margin-bottom: 4px; overflow-wrap: break-word; color: #424242; font-family: 'Segoe Sans', 'Segoe UI', 'Segoe UI Web (West European)', -apple-system, BlinkMacSystemFont, Roboto, 'Helvetica Neue', sans-serif; background-color: #fafafa;\">Actualmente se desempe\u00f1a como docente en la\u00a0<span style=\"font-weight: 600;\">Facultad de Turismo<\/span>\u00a0de la Universidad de Colima, tras haber formado parte durante dos d\u00e9cadas de la comunidad acad\u00e9mica de la\u00a0<span style=\"font-weight: 600;\">Facultad de Contabilidad y Administraci\u00f3n<\/span>, donde fue Profesora Investigadora de Tiempo Completo en programas de Licenciatura y Posgrado.<\/p><p style=\"margin-top: 8px; margin-bottom: 4px; overflow-wrap: break-word; color: #424242; font-family: 'Segoe Sans', 'Segoe UI', 'Segoe UI Web (West European)', -apple-system, BlinkMacSystemFont, Roboto, 'Helvetica Neue', sans-serif; background-color: #fafafa;\">Es integrante y representante del\u00a0<span style=\"font-weight: 600;\">Cuerpo Acad\u00e9mico 76-UCol \u201cGesti\u00f3n y Desarrollo Empresarial\u201d<\/span>, participando en las l\u00edneas de investigaci\u00f3n:<\/p><ul style=\"list-style: disc; margin-top: 4px; margin-bottom: 4px; padding-left: 0px; padding-inline: 24px 0px; color: #424242; font-family: 'Segoe Sans', 'Segoe UI', 'Segoe UI Web (West European)', -apple-system, BlinkMacSystemFont, Roboto, 'Helvetica Neue', sans-serif; background-color: #fafafa;\"><li style=\"padding-inline-start: 4px;\"><span style=\"font-weight: 600;\">Competitividad y Estrategia para la Gesti\u00f3n Empresarial<\/span><\/li><li style=\"padding-inline-start: 4px;\"><span style=\"font-weight: 600;\">La Administraci\u00f3n y las Ciencias Sociales<\/span><\/li><\/ul><p style=\"margin-top: 8px; margin-bottom: 4px; overflow-wrap: break-word; color: #424242; font-family: 'Segoe Sans', 'Segoe UI', 'Segoe UI Web (West European)', -apple-system, BlinkMacSystemFont, Roboto, 'Helvetica Neue', sans-serif; background-color: #fafafa;\">Cuenta con el\u00a0<span style=\"font-weight: 600;\">perfil deseable PRODEP-SEP<\/span>\u00a0y es\u00a0<span style=\"font-weight: 600;\">Candidata en el Sistema Nacional de Investigadores e Investigadoras (SNI)<\/span>.<\/p><p style=\"margin-top: 8px; margin-bottom: 4px; overflow-wrap: break-word; color: #424242; font-family: 'Segoe Sans', 'Segoe UI', 'Segoe UI Web (West European)', -apple-system, BlinkMacSystemFont, Roboto, 'Helvetica Neue', sans-serif; background-color: #fafafa;\">Ha impartido diversas asignaturas en \u00e1reas como econom\u00eda, pol\u00edtica econ\u00f3mica, administraci\u00f3n estrat\u00e9gica, desarrollo organizacional, gesti\u00f3n de calidad y seminarios de investigaci\u00f3n, tanto en licenciaturas como en la\u00a0<span style=\"font-weight: 600;\">Maestr\u00eda en Alta Direcci\u00f3n<\/span>.<\/p><h3 style=\"font-weight: 600; margin-top: 13px; margin-bottom: 3px; max-width: 590px; font-size: 20px; line-height: 28px; color: #424242; font-family: 'Segoe Sans', 'Segoe UI', 'Segoe UI Web (West European)', -apple-system, BlinkMacSystemFont, Roboto, 'Helvetica Neue', sans-serif; letter-spacing: normal; text-transform: none; background-color: #fafafa;\">L\u00edneas de investigaci\u00f3n y publicaciones recientes<\/h3><p style=\"margin-top: 8px; margin-bottom: 4px; overflow-wrap: break-word; color: #424242; font-family: 'Segoe Sans', 'Segoe UI', 'Segoe UI Web (West European)', -apple-system, BlinkMacSystemFont, Roboto, 'Helvetica Neue', sans-serif; background-color: #fafafa;\">Su trabajo se ha centrado en el estudio de\u00a0<span style=\"font-weight: 600;\">g\u00e9nero en las organizaciones<\/span>, con participaci\u00f3n en seminarios y diplomados especializados, como el impartido por el\u00a0<span style=\"font-weight: 600;\">PUEG-UNAM<\/span>\u00a0y el\u00a0<span style=\"font-weight: 600;\">Centro de Pol\u00edticas de G\u00e9nero de la Universidad de Sinaloa<\/span>.<\/p><p style=\"margin-top: 8px; margin-bottom: 4px; overflow-wrap: break-word; color: #424242; font-family: 'Segoe Sans', 'Segoe UI', 'Segoe UI Web (West European)', -apple-system, BlinkMacSystemFont, Roboto, 'Helvetica Neue', sans-serif; background-color: #fafafa;\">Entre sus publicaciones m\u00e1s destacadas se encuentran:<\/p><ul style=\"list-style: disc; margin-top: 4px; margin-bottom: 4px; padding-left: 0px; padding-inline: 24px 0px; color: #424242; font-family: 'Segoe Sans', 'Segoe UI', 'Segoe UI Web (West European)', -apple-system, BlinkMacSystemFont, Roboto, 'Helvetica Neue', sans-serif; background-color: #fafafa;\"><li style=\"padding-inline-start: 4px;\"><em>Las emociones en la actividad empresarial femenina: un an\u00e1lisis sobre la inteligencia emocional<\/em>\u00a0(2024)<\/li><li style=\"padding-inline-start: 4px;\"><em>La ense\u00f1anza de la investigaci\u00f3n: percepci\u00f3n estudiantil con base en la ense\u00f1anza activa<\/em>\u00a0(2023)<\/li><li style=\"padding-inline-start: 4px;\"><em>La perspectiva de los estudiantes para la actualizaci\u00f3n de los planes de estudio en las carreras de Contabilidad y Administraci\u00f3n<\/em>\u00a0(2023)<\/li><li style=\"padding-inline-start: 4px;\"><em>La discriminaci\u00f3n de g\u00e9nero a trav\u00e9s de las met\u00e1foras del cristal<\/em>\u00a0(2023)<\/li><li style=\"padding-inline-start: 4px;\"><em>El camino en el quehacer empresarial femenino desde la narrativa de las mujeres empresarias en dos grupos de edad<\/em>\u00a0(2022)<\/li><\/ul><h3 style=\"font-weight: 600; margin-top: 13px; margin-bottom: 3px; max-width: 590px; font-size: 20px; line-height: 28px; color: #424242; font-family: 'Segoe Sans', 'Segoe UI', 'Segoe UI Web (West European)', -apple-system, BlinkMacSystemFont, Roboto, 'Helvetica Neue', sans-serif; letter-spacing: normal; text-transform: none; background-color: #fafafa;\">Participaci\u00f3n en redes y asociaciones<\/h3><p style=\"margin-top: 8px; margin-bottom: 4px; overflow-wrap: break-word; color: #424242; font-family: 'Segoe Sans', 'Segoe UI', 'Segoe UI Web (West European)', -apple-system, BlinkMacSystemFont, Roboto, 'Helvetica Neue', sans-serif; background-color: #fafafa;\">La Dra. Padilla Mart\u00ednez es integrante de\u00a0<span style=\"font-weight: 600;\">Huika Mexihco<\/span>, Red Internacional de Investigadores en Ciencias Sociales y Humanidades, y ha colaborado con la\u00a0<span style=\"font-weight: 600;\">AMMEEC<\/span>\u00a0(Asociaci\u00f3n Mexicana de Mujeres Empresarias del Estado de Colima) y la\u00a0<span style=\"font-weight: 600;\">ACU<\/span>\u00a0(Asociaci\u00f3n Colimense de Universitarias).<\/p>\t\t\t\t\t\t\t\t<\/div>\n\t\t\t\t<\/div>\n\t\t\t\t\t<\/div>\n\t\t\t\t<\/div>\n\t\t\t\t<\/div>\n\t\t","protected":false},"excerpt":{"rendered":"<p>Dra. Albania Padilla Mart\u00ednez Semblanza profesional La Dra. Albania Padilla Mart\u00ednez es\u00a0Doctora en Estudios Organizacionales\u00a0por la\u00a0Universidad Aut\u00f3noma Metropolitana, donde obtuvo el grado en noviembre de 2018 con la tesis titulada\u00a0\u201cLa identidad de la mujer empresaria: narrativas, performance y resistencia. An\u00e1lisis en una organizaci\u00f3n femenina\u201d. Es tambi\u00e9n\u00a0Maestra en Administraci\u00f3n de Organizaciones\u00a0por la\u00a0Universidad Nacional Aut\u00f3noma de M\u00e9xico\u00a0y\u00a0Licenciada&hellip;&nbsp;<a href=\"https:\/\/relane.org.mx\/web25\/index.php\/dra-albania\/\" rel=\"bookmark\"><span class=\"screen-reader-text\">Dra. Albania<\/span><\/a><\/p>\n","protected":false},"author":1,"featured_media":0,"parent":0,"menu_order":0,"comment_status":"closed","ping_status":"closed","template":"page-templates\/template-pagebuilder-full-width.php","meta":{"neve_meta_sidebar":"","neve_meta_container":"","neve_meta_enable_content_width":"off","neve_meta_content_width":100,"neve_meta_title_alignment":"","neve_meta_author_avatar":"","neve_post_elements_order":"","neve_meta_disable_header":"","neve_meta_disable_footer":"","neve_meta_disable_title":"","footnotes":""},"class_list":["post-313","page","type-page","status-publish","hentry"],"yoast_head":"<!-- This site is optimized with the Yoast SEO plugin v24.7 - https:\/\/yoast.com\/wordpress\/plugins\/seo\/ -->\n<title>Dra. Albania - RELANE 2025<\/title>\n<meta name=\"robots\" content=\"index, follow, max-snippet:-1, max-image-preview:large, max-video-preview:-1\" \/>\n<link rel=\"canonical\" href=\"https:\/\/relane.org.mx\/web25\/index.php\/dra-albania\/\" \/>\n<meta property=\"og:locale\" content=\"es_ES\" \/>\n<meta property=\"og:type\" content=\"article\" \/>\n<meta property=\"og:title\" content=\"Dra. Albania - RELANE 2025\" \/>\n<meta property=\"og:description\" content=\"Dra. Albania Padilla Mart\u00ednez Semblanza profesional La Dra. Albania Padilla Mart\u00ednez es\u00a0Doctora en Estudios Organizacionales\u00a0por la\u00a0Universidad Aut\u00f3noma Metropolitana, donde obtuvo el grado en noviembre de 2018 con la tesis titulada\u00a0\u201cLa identidad de la mujer empresaria: narrativas, performance y resistencia. An\u00e1lisis en una organizaci\u00f3n femenina\u201d. Es tambi\u00e9n\u00a0Maestra en Administraci\u00f3n de Organizaciones\u00a0por la\u00a0Universidad Nacional Aut\u00f3noma de M\u00e9xico\u00a0y\u00a0Licenciada&hellip;&nbsp;Dra. Albania\" \/>\n<meta property=\"og:url\" content=\"https:\/\/relane.org.mx\/web25\/index.php\/dra-albania\/\" \/>\n<meta property=\"og:site_name\" content=\"RELANE 2025\" \/>\n<meta property=\"article:modified_time\" content=\"2025-08-14T17:55:57+00:00\" \/>\n<meta property=\"og:image\" content=\"https:\/\/relane.org.mx\/web25\/wp-content\/uploads\/2025\/08\/Albania-2-150x150.png\" \/>\n<meta name=\"twitter:card\" content=\"summary_large_image\" \/>\n<meta name=\"twitter:label1\" content=\"Tiempo de lectura\" \/>\n\t<meta name=\"twitter:data1\" content=\"2 minutos\" \/>\n<script type=\"application\/ld+json\" class=\"yoast-schema-graph\">{\"@context\":\"https:\/\/schema.org\",\"@graph\":[{\"@type\":\"WebPage\",\"@id\":\"https:\/\/relane.org.mx\/web25\/index.php\/dra-albania\/\",\"url\":\"https:\/\/relane.org.mx\/web25\/index.php\/dra-albania\/\",\"name\":\"Dra. Albania - RELANE 2025\",\"isPartOf\":{\"@id\":\"https:\/\/relane.org.mx\/web25\/#website\"},\"primaryImageOfPage\":{\"@id\":\"https:\/\/relane.org.mx\/web25\/index.php\/dra-albania\/#primaryimage\"},\"image\":{\"@id\":\"https:\/\/relane.org.mx\/web25\/index.php\/dra-albania\/#primaryimage\"},\"thumbnailUrl\":\"https:\/\/relane.org.mx\/web25\/wp-content\/uploads\/2025\/08\/Albania-2-150x150.png\",\"datePublished\":\"2025-08-14T17:53:34+00:00\",\"dateModified\":\"2025-08-14T17:55:57+00:00\",\"breadcrumb\":{\"@id\":\"https:\/\/relane.org.mx\/web25\/index.php\/dra-albania\/#breadcrumb\"},\"inLanguage\":\"es\",\"potentialAction\":[{\"@type\":\"ReadAction\",\"target\":[\"https:\/\/relane.org.mx\/web25\/index.php\/dra-albania\/\"]}]},{\"@type\":\"ImageObject\",\"inLanguage\":\"es\",\"@id\":\"https:\/\/relane.org.mx\/web25\/index.php\/dra-albania\/#primaryimage\",\"url\":\"https:\/\/relane.org.mx\/web25\/wp-content\/uploads\/2025\/08\/Albania-2.png\",\"contentUrl\":\"https:\/\/relane.org.mx\/web25\/wp-content\/uploads\/2025\/08\/Albania-2.png\",\"width\":447,\"height\":387},{\"@type\":\"BreadcrumbList\",\"@id\":\"https:\/\/relane.org.mx\/web25\/index.php\/dra-albania\/#breadcrumb\",\"itemListElement\":[{\"@type\":\"ListItem\",\"position\":1,\"name\":\"Portada\",\"item\":\"https:\/\/relane.org.mx\/web25\/\"},{\"@type\":\"ListItem\",\"position\":2,\"name\":\"Dra. Albania\"}]},{\"@type\":\"WebSite\",\"@id\":\"https:\/\/relane.org.mx\/web25\/#website\",\"url\":\"https:\/\/relane.org.mx\/web25\/\",\"name\":\"RELANE 2025\",\"description\":\"\",\"potentialAction\":[{\"@type\":\"SearchAction\",\"target\":{\"@type\":\"EntryPoint\",\"urlTemplate\":\"https:\/\/relane.org.mx\/web25\/?s={search_term_string}\"},\"query-input\":{\"@type\":\"PropertyValueSpecification\",\"valueRequired\":true,\"valueName\":\"search_term_string\"}}],\"inLanguage\":\"es\"}]}<\/script>\n<!-- \/ Yoast SEO plugin. -->","yoast_head_json":{"title":"Dra. Albania - RELANE 2025","robots":{"index":"index","follow":"follow","max-snippet":"max-snippet:-1","max-image-preview":"max-image-preview:large","max-video-preview":"max-video-preview:-1"},"canonical":"https:\/\/relane.org.mx\/web25\/index.php\/dra-albania\/","og_locale":"es_ES","og_type":"article","og_title":"Dra. Albania - RELANE 2025","og_description":"Dra. Albania Padilla Mart\u00ednez Semblanza profesional La Dra. Albania Padilla Mart\u00ednez es\u00a0Doctora en Estudios Organizacionales\u00a0por la\u00a0Universidad Aut\u00f3noma Metropolitana, donde obtuvo el grado en noviembre de 2018 con la tesis titulada\u00a0\u201cLa identidad de la mujer empresaria: narrativas, performance y resistencia. An\u00e1lisis en una organizaci\u00f3n femenina\u201d. Es tambi\u00e9n\u00a0Maestra en Administraci\u00f3n de Organizaciones\u00a0por la\u00a0Universidad Nacional Aut\u00f3noma de M\u00e9xico\u00a0y\u00a0Licenciada&hellip;&nbsp;Dra. Albania","og_url":"https:\/\/relane.org.mx\/web25\/index.php\/dra-albania\/","og_site_name":"RELANE 2025","article_modified_time":"2025-08-14T17:55:57+00:00","og_image":[{"url":"https:\/\/relane.org.mx\/web25\/wp-content\/uploads\/2025\/08\/Albania-2-150x150.png","type":"","width":"","height":""}],"twitter_card":"summary_large_image","twitter_misc":{"Tiempo de lectura":"2 minutos"},"schema":{"@context":"https:\/\/schema.org","@graph":[{"@type":"WebPage","@id":"https:\/\/relane.org.mx\/web25\/index.php\/dra-albania\/","url":"https:\/\/relane.org.mx\/web25\/index.php\/dra-albania\/","name":"Dra. Albania - RELANE 2025","isPartOf":{"@id":"https:\/\/relane.org.mx\/web25\/#website"},"primaryImageOfPage":{"@id":"https:\/\/relane.org.mx\/web25\/index.php\/dra-albania\/#primaryimage"},"image":{"@id":"https:\/\/relane.org.mx\/web25\/index.php\/dra-albania\/#primaryimage"},"thumbnailUrl":"https:\/\/relane.org.mx\/web25\/wp-content\/uploads\/2025\/08\/Albania-2-150x150.png","datePublished":"2025-08-14T17:53:34+00:00","dateModified":"2025-08-14T17:55:57+00:00","breadcrumb":{"@id":"https:\/\/relane.org.mx\/web25\/index.php\/dra-albania\/#breadcrumb"},"inLanguage":"es","potentialAction":[{"@type":"ReadAction","target":["https:\/\/relane.org.mx\/web25\/index.php\/dra-albania\/"]}]},{"@type":"ImageObject","inLanguage":"es","@id":"https:\/\/relane.org.mx\/web25\/index.php\/dra-albania\/#primaryimage","url":"https:\/\/relane.org.mx\/web25\/wp-content\/uploads\/2025\/08\/Albania-2.png","contentUrl":"https:\/\/relane.org.mx\/web25\/wp-content\/uploads\/2025\/08\/Albania-2.png","width":447,"height":387},{"@type":"BreadcrumbList","@id":"https:\/\/relane.org.mx\/web25\/index.php\/dra-albania\/#breadcrumb","itemListElement":[{"@type":"ListItem","position":1,"name":"Portada","item":"https:\/\/relane.org.mx\/web25\/"},{"@type":"ListItem","position":2,"name":"Dra. Albania"}]},{"@type":"WebSite","@id":"https:\/\/relane.org.mx\/web25\/#website","url":"https:\/\/relane.org.mx\/web25\/","name":"RELANE 2025","description":"","potentialAction":[{"@type":"SearchAction","target":{"@type":"EntryPoint","urlTemplate":"https:\/\/relane.org.mx\/web25\/?s={search_term_string}"},"query-input":{"@type":"PropertyValueSpecification","valueRequired":true,"valueName":"search_term_string"}}],"inLanguage":"es"}]}},"_links":{"self":[{"href":"https:\/\/relane.org.mx\/web25\/index.php\/wp-json\/wp\/v2\/pages\/313","targetHints":{"allow":["GET"]}}],"collection":[{"href":"https:\/\/relane.org.mx\/web25\/index.php\/wp-json\/wp\/v2\/pages"}],"about":[{"href":"https:\/\/relane.org.mx\/web25\/index.php\/wp-json\/wp\/v2\/types\/page"}],"author":[{"embeddable":true,"href":"https:\/\/relane.org.mx\/web25\/index.php\/wp-json\/wp\/v2\/users\/1"}],"replies":[{"embeddable":true,"href":"https:\/\/relane.org.mx\/web25\/index.php\/wp-json\/wp\/v2\/comments?post=313"}],"version-history":[{"count":4,"href":"https:\/\/relane.org.mx\/web25\/index.php\/wp-json\/wp\/v2\/pages\/313\/revisions"}],"predecessor-version":[{"id":320,"href":"https:\/\/relane.org.mx\/web25\/index.php\/wp-json\/wp\/v2\/pages\/313\/revisions\/320"}],"wp:attachment":[{"href":"https:\/\/relane.org.mx\/web25\/index.php\/wp-json\/wp\/v2\/media?parent=313"}],"curies":[{"name":"wp","href":"https:\/\/api.w.org\/{rel}","templated":true}]}}