{"id":64,"date":"2025-06-12T16:49:48","date_gmt":"2025-06-12T16:49:48","guid":{"rendered":"https:\/\/relane.org.mx\/web25\/?page_id=64"},"modified":"2025-06-12T16:58:40","modified_gmt":"2025-06-12T16:58:40","slug":"dr-juan-alfredo-lino-gamino","status":"publish","type":"page","link":"https:\/\/relane.org.mx\/web25\/index.php\/dr-juan-alfredo-lino-gamino\/","title":{"rendered":"Dr. Juan Alfredo Lino Gami\u00f1o"},"content":{"rendered":"<p>&nbsp;<\/p>\n<p><a href=\"https:\/\/relane.org.mx\/web25\/wp-content\/uploads\/2025\/06\/JLINO.bmp\"><img fetchpriority=\"high\" decoding=\"async\" class=\"wp-image-67 aligncenter\" src=\"https:\/\/relane.org.mx\/web25\/wp-content\/uploads\/2025\/06\/JLINO.bmp\" alt=\"\" width=\"205\" height=\"277\" \/><\/a><\/p>\n<h3>\ud83c\udf93 Formaci\u00f3n y trayectoria<\/h3>\n<ul>\n<li><strong>Docente e investigador de tiempo completo<\/strong> en la Facultad de Contabilidad y Administraci\u00f3n de Tecom\u00e1n, Universidad de Colima desde 2003.<\/li>\n<li>Doctorado en <strong>Planeaci\u00f3n Estrat\u00e9gica y Direcci\u00f3n de Tecnolog\u00eda<\/strong> por la UPAEP; adem\u00e1s es ingeniero en sistemas computacionales y maestro en ciencias computacionales por el ITNM Le\u00f3n.<\/li>\n<\/ul>\n<h3>\ud83d\udd2c L\u00edneas de investigaci\u00f3n<\/h3>\n<ul>\n<li>Estrategia y transformaci\u00f3n digital, planeaci\u00f3n estrat\u00e9gica, TIC en PYMEs, gesti\u00f3n del conocimiento, innovaci\u00f3n y log\u00edstica.<\/li>\n<\/ul>\n<h3>\ud83d\udee0 Contribuciones acad\u00e9micas y proyectos destacados<\/h3>\n<ul>\n<li>Desarroll\u00f3 un modelo de gesti\u00f3n de servicios de c\u00f3mputo en la nube para empresas de consumo.<\/li>\n<li>Investig\u00f3 la aplicaci\u00f3n de las TIC en pymes mexicanas desde una perspectiva de gesti\u00f3n del conocimiento.<\/li>\n<li>Propuso un modelo seguro de voto electr\u00f3nico presencial en el Estado de Colima.<\/li>\n<li>Lider\u00f3 estudios sobre precios de servicios log\u00edsticos en el Puerto de Manzanillo en 2023.<\/li>\n<li>Ha publicado extensamente en \u00e1reas como IA aplicada a la contabilidad p\u00fablica, valoraci\u00f3n financiera de PYMEs, spin-offs universitarios, ruteo de transporte y m\u00e1s.<\/li>\n<\/ul>\n<h3>\ud83c\udfa4 Actividad profesional y difusi\u00f3n<\/h3>\n<ul>\n<li>Ponente en foros internacionales, como el VI Foro Internacional Unilibrista (2020), abordando temas de globalizaci\u00f3n y cooperaci\u00f3n regional.<\/li>\n<li>Coordinador acad\u00e9mico y cient\u00edfico en el Segundo Congreso de la Red Latinoamericana de Negocios (2022), con m\u00e1s de 20 ponencias especializadas .<\/li>\n<\/ul>\n<h3><\/h3>\n<p>&nbsp;<\/p>\n","protected":false},"excerpt":{"rendered":"<p>&nbsp; \ud83c\udf93 Formaci\u00f3n y trayectoria Docente e investigador de tiempo completo en la Facultad de Contabilidad y Administraci\u00f3n de Tecom\u00e1n, Universidad de Colima desde 2003. Doctorado en Planeaci\u00f3n Estrat\u00e9gica y Direcci\u00f3n de Tecnolog\u00eda por la UPAEP; adem\u00e1s es ingeniero en sistemas computacionales y maestro en ciencias computacionales por el ITNM Le\u00f3n. \ud83d\udd2c L\u00edneas de investigaci\u00f3n&hellip;&nbsp;<a href=\"https:\/\/relane.org.mx\/web25\/index.php\/dr-juan-alfredo-lino-gamino\/\" rel=\"bookmark\"><span class=\"screen-reader-text\">Dr. Juan Alfredo Lino Gami\u00f1o<\/span><\/a><\/p>\n","protected":false},"author":1,"featured_media":0,"parent":0,"menu_order":0,"comment_status":"closed","ping_status":"closed","template":"","meta":{"neve_meta_sidebar":"","neve_meta_container":"","neve_meta_enable_content_width":"off","neve_meta_content_width":100,"neve_meta_title_alignment":"","neve_meta_author_avatar":"","neve_post_elements_order":"","neve_meta_disable_header":"","neve_meta_disable_footer":"","neve_meta_disable_title":"","footnotes":""},"class_list":["post-64","page","type-page","status-publish","hentry"],"yoast_head":"<!-- This site is optimized with the Yoast SEO plugin v24.7 - https:\/\/yoast.com\/wordpress\/plugins\/seo\/ -->\n<title>Dr. Juan Alfredo Lino Gami\u00f1o - RELANE 2025<\/title>\n<meta name=\"robots\" content=\"index, follow, max-snippet:-1, max-image-preview:large, max-video-preview:-1\" \/>\n<link rel=\"canonical\" href=\"https:\/\/relane.org.mx\/web25\/index.php\/dr-juan-alfredo-lino-gamino\/\" \/>\n<meta property=\"og:locale\" content=\"es_ES\" \/>\n<meta property=\"og:type\" content=\"article\" \/>\n<meta property=\"og:title\" content=\"Dr. Juan Alfredo Lino Gami\u00f1o - RELANE 2025\" \/>\n<meta property=\"og:description\" content=\"&nbsp; \ud83c\udf93 Formaci\u00f3n y trayectoria Docente e investigador de tiempo completo en la Facultad de Contabilidad y Administraci\u00f3n de Tecom\u00e1n, Universidad de Colima desde 2003. Doctorado en Planeaci\u00f3n Estrat\u00e9gica y Direcci\u00f3n de Tecnolog\u00eda por la UPAEP; adem\u00e1s es ingeniero en sistemas computacionales y maestro en ciencias computacionales por el ITNM Le\u00f3n. \ud83d\udd2c L\u00edneas de investigaci\u00f3n&hellip;&nbsp;Dr. Juan Alfredo Lino Gami\u00f1o\" \/>\n<meta property=\"og:url\" content=\"https:\/\/relane.org.mx\/web25\/index.php\/dr-juan-alfredo-lino-gamino\/\" \/>\n<meta property=\"og:site_name\" content=\"RELANE 2025\" \/>\n<meta property=\"article:modified_time\" content=\"2025-06-12T16:58:40+00:00\" \/>\n<meta name=\"twitter:card\" content=\"summary_large_image\" \/>\n<meta name=\"twitter:label1\" content=\"Tiempo de lectura\" \/>\n\t<meta name=\"twitter:data1\" content=\"2 minutos\" \/>\n<script type=\"application\/ld+json\" class=\"yoast-schema-graph\">{\"@context\":\"https:\/\/schema.org\",\"@graph\":[{\"@type\":\"WebPage\",\"@id\":\"https:\/\/relane.org.mx\/web25\/index.php\/dr-juan-alfredo-lino-gamino\/\",\"url\":\"https:\/\/relane.org.mx\/web25\/index.php\/dr-juan-alfredo-lino-gamino\/\",\"name\":\"Dr. Juan Alfredo Lino Gami\u00f1o - RELANE 2025\",\"isPartOf\":{\"@id\":\"https:\/\/relane.org.mx\/web25\/#website\"},\"primaryImageOfPage\":{\"@id\":\"https:\/\/relane.org.mx\/web25\/index.php\/dr-juan-alfredo-lino-gamino\/#primaryimage\"},\"image\":{\"@id\":\"https:\/\/relane.org.mx\/web25\/index.php\/dr-juan-alfredo-lino-gamino\/#primaryimage\"},\"thumbnailUrl\":\"https:\/\/relane.org.mx\/web25\/wp-content\/uploads\/2025\/06\/JLINO.bmp\",\"datePublished\":\"2025-06-12T16:49:48+00:00\",\"dateModified\":\"2025-06-12T16:58:40+00:00\",\"breadcrumb\":{\"@id\":\"https:\/\/relane.org.mx\/web25\/index.php\/dr-juan-alfredo-lino-gamino\/#breadcrumb\"},\"inLanguage\":\"es\",\"potentialAction\":[{\"@type\":\"ReadAction\",\"target\":[\"https:\/\/relane.org.mx\/web25\/index.php\/dr-juan-alfredo-lino-gamino\/\"]}]},{\"@type\":\"ImageObject\",\"inLanguage\":\"es\",\"@id\":\"https:\/\/relane.org.mx\/web25\/index.php\/dr-juan-alfredo-lino-gamino\/#primaryimage\",\"url\":\"https:\/\/relane.org.mx\/web25\/wp-content\/uploads\/2025\/06\/JLINO.bmp\",\"contentUrl\":\"https:\/\/relane.org.mx\/web25\/wp-content\/uploads\/2025\/06\/JLINO.bmp\"},{\"@type\":\"BreadcrumbList\",\"@id\":\"https:\/\/relane.org.mx\/web25\/index.php\/dr-juan-alfredo-lino-gamino\/#breadcrumb\",\"itemListElement\":[{\"@type\":\"ListItem\",\"position\":1,\"name\":\"Portada\",\"item\":\"https:\/\/relane.org.mx\/web25\/\"},{\"@type\":\"ListItem\",\"position\":2,\"name\":\"Dr. Juan Alfredo Lino Gami\u00f1o\"}]},{\"@type\":\"WebSite\",\"@id\":\"https:\/\/relane.org.mx\/web25\/#website\",\"url\":\"https:\/\/relane.org.mx\/web25\/\",\"name\":\"RELANE 2025\",\"description\":\"\",\"potentialAction\":[{\"@type\":\"SearchAction\",\"target\":{\"@type\":\"EntryPoint\",\"urlTemplate\":\"https:\/\/relane.org.mx\/web25\/?s={search_term_string}\"},\"query-input\":{\"@type\":\"PropertyValueSpecification\",\"valueRequired\":true,\"valueName\":\"search_term_string\"}}],\"inLanguage\":\"es\"}]}<\/script>\n<!-- \/ Yoast SEO plugin. -->","yoast_head_json":{"title":"Dr. Juan Alfredo Lino Gami\u00f1o - RELANE 2025","robots":{"index":"index","follow":"follow","max-snippet":"max-snippet:-1","max-image-preview":"max-image-preview:large","max-video-preview":"max-video-preview:-1"},"canonical":"https:\/\/relane.org.mx\/web25\/index.php\/dr-juan-alfredo-lino-gamino\/","og_locale":"es_ES","og_type":"article","og_title":"Dr. Juan Alfredo Lino Gami\u00f1o - RELANE 2025","og_description":"&nbsp; \ud83c\udf93 Formaci\u00f3n y trayectoria Docente e investigador de tiempo completo en la Facultad de Contabilidad y Administraci\u00f3n de Tecom\u00e1n, Universidad de Colima desde 2003. Doctorado en Planeaci\u00f3n Estrat\u00e9gica y Direcci\u00f3n de Tecnolog\u00eda por la UPAEP; adem\u00e1s es ingeniero en sistemas computacionales y maestro en ciencias computacionales por el ITNM Le\u00f3n. \ud83d\udd2c L\u00edneas de investigaci\u00f3n&hellip;&nbsp;Dr. Juan Alfredo Lino Gami\u00f1o","og_url":"https:\/\/relane.org.mx\/web25\/index.php\/dr-juan-alfredo-lino-gamino\/","og_site_name":"RELANE 2025","article_modified_time":"2025-06-12T16:58:40+00:00","twitter_card":"summary_large_image","twitter_misc":{"Tiempo de lectura":"2 minutos"},"schema":{"@context":"https:\/\/schema.org","@graph":[{"@type":"WebPage","@id":"https:\/\/relane.org.mx\/web25\/index.php\/dr-juan-alfredo-lino-gamino\/","url":"https:\/\/relane.org.mx\/web25\/index.php\/dr-juan-alfredo-lino-gamino\/","name":"Dr. Juan Alfredo Lino Gami\u00f1o - RELANE 2025","isPartOf":{"@id":"https:\/\/relane.org.mx\/web25\/#website"},"primaryImageOfPage":{"@id":"https:\/\/relane.org.mx\/web25\/index.php\/dr-juan-alfredo-lino-gamino\/#primaryimage"},"image":{"@id":"https:\/\/relane.org.mx\/web25\/index.php\/dr-juan-alfredo-lino-gamino\/#primaryimage"},"thumbnailUrl":"https:\/\/relane.org.mx\/web25\/wp-content\/uploads\/2025\/06\/JLINO.bmp","datePublished":"2025-06-12T16:49:48+00:00","dateModified":"2025-06-12T16:58:40+00:00","breadcrumb":{"@id":"https:\/\/relane.org.mx\/web25\/index.php\/dr-juan-alfredo-lino-gamino\/#breadcrumb"},"inLanguage":"es","potentialAction":[{"@type":"ReadAction","target":["https:\/\/relane.org.mx\/web25\/index.php\/dr-juan-alfredo-lino-gamino\/"]}]},{"@type":"ImageObject","inLanguage":"es","@id":"https:\/\/relane.org.mx\/web25\/index.php\/dr-juan-alfredo-lino-gamino\/#primaryimage","url":"https:\/\/relane.org.mx\/web25\/wp-content\/uploads\/2025\/06\/JLINO.bmp","contentUrl":"https:\/\/relane.org.mx\/web25\/wp-content\/uploads\/2025\/06\/JLINO.bmp"},{"@type":"BreadcrumbList","@id":"https:\/\/relane.org.mx\/web25\/index.php\/dr-juan-alfredo-lino-gamino\/#breadcrumb","itemListElement":[{"@type":"ListItem","position":1,"name":"Portada","item":"https:\/\/relane.org.mx\/web25\/"},{"@type":"ListItem","position":2,"name":"Dr. Juan Alfredo Lino Gami\u00f1o"}]},{"@type":"WebSite","@id":"https:\/\/relane.org.mx\/web25\/#website","url":"https:\/\/relane.org.mx\/web25\/","name":"RELANE 2025","description":"","potentialAction":[{"@type":"SearchAction","target":{"@type":"EntryPoint","urlTemplate":"https:\/\/relane.org.mx\/web25\/?s={search_term_string}"},"query-input":{"@type":"PropertyValueSpecification","valueRequired":true,"valueName":"search_term_string"}}],"inLanguage":"es"}]}},"_links":{"self":[{"href":"https:\/\/relane.org.mx\/web25\/index.php\/wp-json\/wp\/v2\/pages\/64","targetHints":{"allow":["GET"]}}],"collection":[{"href":"https:\/\/relane.org.mx\/web25\/index.php\/wp-json\/wp\/v2\/pages"}],"about":[{"href":"https:\/\/relane.org.mx\/web25\/index.php\/wp-json\/wp\/v2\/types\/page"}],"author":[{"embeddable":true,"href":"https:\/\/relane.org.mx\/web25\/index.php\/wp-json\/wp\/v2\/users\/1"}],"replies":[{"embeddable":true,"href":"https:\/\/relane.org.mx\/web25\/index.php\/wp-json\/wp\/v2\/comments?post=64"}],"version-history":[{"count":3,"href":"https:\/\/relane.org.mx\/web25\/index.php\/wp-json\/wp\/v2\/pages\/64\/revisions"}],"predecessor-version":[{"id":68,"href":"https:\/\/relane.org.mx\/web25\/index.php\/wp-json\/wp\/v2\/pages\/64\/revisions\/68"}],"wp:attachment":[{"href":"https:\/\/relane.org.mx\/web25\/index.php\/wp-json\/wp\/v2\/media?parent=64"}],"curies":[{"name":"wp","href":"https:\/\/api.w.org\/{rel}","templated":true}]}}