{"id":70,"date":"2025-06-12T17:44:57","date_gmt":"2025-06-12T17:44:57","guid":{"rendered":"https:\/\/relane.org.mx\/web25\/?page_id=70"},"modified":"2025-06-12T18:21:54","modified_gmt":"2025-06-12T18:21:54","slug":"dr-sergio-ivan-ramirez-cacho","status":"publish","type":"page","link":"https:\/\/relane.org.mx\/web25\/index.php\/dr-sergio-ivan-ramirez-cacho\/","title":{"rendered":"Dr. Sergio Iv\u00e1n Ram\u00edrez Cacho"},"content":{"rendered":"\t\t<div data-elementor-type=\"wp-page\" data-elementor-id=\"70\" class=\"elementor elementor-70\">\n\t\t\t\t<div class=\"elementor-element elementor-element-bce1555 e-flex e-con-boxed e-con e-parent\" data-id=\"bce1555\" data-element_type=\"container\">\n\t\t\t\t\t<div class=\"e-con-inner\">\n\t\t\t\t<div class=\"elementor-element elementor-element-602a436 elementor-widget elementor-widget-image\" data-id=\"602a436\" data-element_type=\"widget\" data-widget_type=\"image.default\">\n\t\t\t\t<div class=\"elementor-widget-container\">\n\t\t\t\t\t\t\t\t\t\t\t\t\t\t\t<img decoding=\"async\" width=\"200\" height=\"200\" src=\"https:\/\/relane.org.mx\/web25\/wp-content\/uploads\/2025\/06\/Cacho.jpg\" class=\"attachment-large size-large wp-image-79\" alt=\"\" srcset=\"https:\/\/relane.org.mx\/web25\/wp-content\/uploads\/2025\/06\/Cacho.jpg 200w, https:\/\/relane.org.mx\/web25\/wp-content\/uploads\/2025\/06\/Cacho-150x150.jpg 150w\" sizes=\"(max-width: 200px) 100vw, 200px\" \/>\t\t\t\t\t\t\t\t\t\t\t\t\t\t\t<\/div>\n\t\t\t\t<\/div>\n\t\t\t\t\t<\/div>\n\t\t\t\t<\/div>\n\t\t<div class=\"elementor-element elementor-element-0d9f668 e-flex e-con-boxed e-con e-parent\" data-id=\"0d9f668\" data-element_type=\"container\">\n\t\t\t\t\t<div class=\"e-con-inner\">\n\t\t\t\t<div class=\"elementor-element elementor-element-9d2c649 elementor-widget elementor-widget-text-editor\" data-id=\"9d2c649\" data-element_type=\"widget\" data-widget_type=\"text-editor.default\">\n\t\t\t\t<div class=\"elementor-widget-container\">\n\t\t\t\t\t\t\t\t\t<h1><span style=\"font-size: 32px;\">\ud83c\udf93 Formaci\u00f3n Acad\u00e9mica<\/span><\/h1>\n<ul>\n<li>\n<p><strong>Doctor en Contabilidad y Auditor\u00eda<\/strong> por la Universidad de Cantabria, Espa\u00f1a (<a title=\"[PDF] Sergio Iv\u00e1n Ram\u00edrez Cacho - Audytax\" href=\"https:\/\/www.audytax.mx\/wp-content\/uploads\/2017\/11\/CV-SIRC-29nov2017.pdf?utm_source=chatgpt.com\">audytax.mx<\/a>).<\/p>\n<\/li>\n<li>\n<p><strong>Maestro en Ciencias (\u00e1rea fiscal)<\/strong> y <strong>Licenciado en Contadur\u00eda P\u00fablica<\/strong> por la Universidad de Colima (<a title=\"[PDF] Sergio Iv\u00e1n Ram\u00edrez Cacho - Audytax\" href=\"https:\/\/www.audytax.mx\/wp-content\/uploads\/2017\/11\/CV-SIRC-29nov2017.pdf?utm_source=chatgpt.com\">audytax.mx<\/a>).<\/p>\n<\/li>\n<li>\n<p>Desde 2006, es <strong>Contador P\u00fablico Certificado<\/strong> ante el IMCP, con registro en el SAT para dictaminaci\u00f3n fiscal (<a title=\"[PDF] Sergio Iv\u00e1n Ram\u00edrez Cacho - Audytax\" href=\"https:\/\/www.audytax.mx\/wp-content\/uploads\/2017\/11\/CV-SIRC-29nov2017.pdf?utm_source=chatgpt.com\">audytax.mx<\/a>).<\/p>\n<\/li>\n<\/ul>\n<p><br><\/p>\n<h2>\ud83c\udfdb Trayectoria Profesional<\/h2>\n<ul>\n<li>\n<p><strong>Profesor-investigador titular A<\/strong> en la Facultad de Contabilidad y Administraci\u00f3n de la Universidad de Colima en Manzanillo.<\/p>\n<\/li>\n<li>\n<p><strong>Socio director<\/strong> de Audytax, consultor\u00eda especializada en contabilidad, auditor\u00eda, fiscalizaci\u00f3n, prevenci\u00f3n de lavado de dinero y apoyo a PyMEs.<\/p>\n<\/li>\n<li>\n<p>Ha desempe\u00f1ado roles como <strong>Contralor regional (Manzanillo)<\/strong> y fue <strong>Secretario T\u00e9cnico<\/strong> del Comit\u00e9 Ejecutivo del Sistema Estatal Anticorrupci\u00f3n de Colima.<\/p>\n<\/li>\n<\/ul>\n<p><br><\/p>\n<h2>\ud83d\udd2c Investigaci\u00f3n &amp; Publicaciones<\/h2>\n<ul>\n<li>\n<p>L\u00edder del <strong>cuerpo acad\u00e9mico UCOL\u2011CA\u2011088<\/strong>, enfocado en el impacto de las ciencias econ\u00f3mico\u2011administrativas en la globalizaci\u00f3n.<\/p>\n<\/li>\n<li>\n<p>Ha publicado extensivamente en \u00e1reas como <strong>materialidad de auditor\u00eda<\/strong>, <strong>NIAs<\/strong>, <strong>nominalizaci\u00f3n cualitativa<\/strong> y <strong>modelos forenses<\/strong>, con estudios comparativos M\u00e9xico\u2011Colombia\u2011Espa\u00f1a.<\/p>\n<\/li>\n<li>\n<p>M\u00e1s recientes trabajos incluyen an\u00e1lisis de la <strong>auditor\u00eda forense en Am\u00e9rica Latina (1998\u20132022)<\/strong>, y cap\u00edtulos acad\u00e9micos en temas fiscales y log\u00edsticos que incluyen colaboraci\u00f3n con otros acad\u00e9micos de RELANE.<\/p>\n<\/li>\n<\/ul>\n<p><br><\/p>\n<h2>\ud83d\udce1 Divulgaci\u00f3n y Participaci\u00f3n<\/h2>\n<ul>\n<li>\n<p>Participante activo en congresos cient\u00edficos internacionales (Espa\u00f1a, Francia, Costa Rica, Finlandia, Estados Unidos, entre otros) desde su estancia doctoral europea .<\/p>\n<\/li>\n<li>\n<p>Present\u00f3 varios trabajos en los foros de investigaci\u00f3n organizados por RELANE en Manzanillo (2010\u20132017).<\/p>\n<\/li>\n<li>\n<p>En ResearchGate, cuenta con estudios sobre auditor\u00eda forense en la regi\u00f3n latinoamericana .<\/p>\n<\/li>\n<\/ul>\n<p><br><\/p>\n<h2>\ud83e\udd1d Rol Institucional<\/h2>\n<ul>\n<li>\n<p>Integrante del <strong>Comit\u00e9 Organizador<\/strong> de RELANE 2024, representando a la Facultad de Contabilidad y Administraci\u00f3n de la UCOL.<\/p>\n<\/li>\n<\/ul>\n<p><br><\/p>\t\t\t\t\t\t\t\t<\/div>\n\t\t\t\t<\/div>\n\t\t\t\t\t<\/div>\n\t\t\t\t<\/div>\n\t\t\t\t<\/div>\n\t\t","protected":false},"excerpt":{"rendered":"<p>\ud83c\udf93 Formaci\u00f3n Acad\u00e9mica Doctor en Contabilidad y Auditor\u00eda por la Universidad de Cantabria, Espa\u00f1a (audytax.mx). Maestro en Ciencias (\u00e1rea fiscal) y Licenciado en Contadur\u00eda P\u00fablica por la Universidad de Colima (audytax.mx). Desde 2006, es Contador P\u00fablico Certificado ante el IMCP, con registro en el SAT para dictaminaci\u00f3n fiscal (audytax.mx). \ud83c\udfdb Trayectoria Profesional Profesor-investigador titular A&hellip;&nbsp;<a href=\"https:\/\/relane.org.mx\/web25\/index.php\/dr-sergio-ivan-ramirez-cacho\/\" rel=\"bookmark\"><span class=\"screen-reader-text\">Dr. Sergio Iv\u00e1n Ram\u00edrez Cacho<\/span><\/a><\/p>\n","protected":false},"author":1,"featured_media":0,"parent":0,"menu_order":0,"comment_status":"closed","ping_status":"closed","template":"","meta":{"neve_meta_sidebar":"","neve_meta_container":"","neve_meta_enable_content_width":"off","neve_meta_content_width":100,"neve_meta_title_alignment":"","neve_meta_author_avatar":"","neve_post_elements_order":"","neve_meta_disable_header":"","neve_meta_disable_footer":"","neve_meta_disable_title":"","footnotes":""},"class_list":["post-70","page","type-page","status-publish","hentry"],"yoast_head":"<!-- This site is optimized with the Yoast SEO plugin v24.7 - https:\/\/yoast.com\/wordpress\/plugins\/seo\/ -->\n<title>Dr. Sergio Iv\u00e1n Ram\u00edrez Cacho - RELANE 2025<\/title>\n<meta name=\"robots\" content=\"index, follow, max-snippet:-1, max-image-preview:large, max-video-preview:-1\" \/>\n<link rel=\"canonical\" href=\"https:\/\/relane.org.mx\/web25\/index.php\/dr-sergio-ivan-ramirez-cacho\/\" \/>\n<meta property=\"og:locale\" content=\"es_ES\" \/>\n<meta property=\"og:type\" content=\"article\" \/>\n<meta property=\"og:title\" content=\"Dr. Sergio Iv\u00e1n Ram\u00edrez Cacho - RELANE 2025\" \/>\n<meta property=\"og:description\" content=\"\ud83c\udf93 Formaci\u00f3n Acad\u00e9mica Doctor en Contabilidad y Auditor\u00eda por la Universidad de Cantabria, Espa\u00f1a (audytax.mx). Maestro en Ciencias (\u00e1rea fiscal) y Licenciado en Contadur\u00eda P\u00fablica por la Universidad de Colima (audytax.mx). Desde 2006, es Contador P\u00fablico Certificado ante el IMCP, con registro en el SAT para dictaminaci\u00f3n fiscal (audytax.mx). \ud83c\udfdb Trayectoria Profesional Profesor-investigador titular A&hellip;&nbsp;Dr. Sergio Iv\u00e1n Ram\u00edrez Cacho\" \/>\n<meta property=\"og:url\" content=\"https:\/\/relane.org.mx\/web25\/index.php\/dr-sergio-ivan-ramirez-cacho\/\" \/>\n<meta property=\"og:site_name\" content=\"RELANE 2025\" \/>\n<meta property=\"article:modified_time\" content=\"2025-06-12T18:21:54+00:00\" \/>\n<meta property=\"og:image\" content=\"https:\/\/relane.org.mx\/web25\/wp-content\/uploads\/2025\/06\/Cacho.jpg\" \/>\n\t<meta property=\"og:image:width\" content=\"200\" \/>\n\t<meta property=\"og:image:height\" content=\"200\" \/>\n\t<meta property=\"og:image:type\" content=\"image\/jpeg\" \/>\n<meta name=\"twitter:card\" content=\"summary_large_image\" \/>\n<meta name=\"twitter:label1\" content=\"Tiempo de lectura\" \/>\n\t<meta name=\"twitter:data1\" content=\"2 minutos\" \/>\n<script type=\"application\/ld+json\" class=\"yoast-schema-graph\">{\"@context\":\"https:\/\/schema.org\",\"@graph\":[{\"@type\":\"WebPage\",\"@id\":\"https:\/\/relane.org.mx\/web25\/index.php\/dr-sergio-ivan-ramirez-cacho\/\",\"url\":\"https:\/\/relane.org.mx\/web25\/index.php\/dr-sergio-ivan-ramirez-cacho\/\",\"name\":\"Dr. Sergio Iv\u00e1n Ram\u00edrez Cacho - RELANE 2025\",\"isPartOf\":{\"@id\":\"https:\/\/relane.org.mx\/web25\/#website\"},\"primaryImageOfPage\":{\"@id\":\"https:\/\/relane.org.mx\/web25\/index.php\/dr-sergio-ivan-ramirez-cacho\/#primaryimage\"},\"image\":{\"@id\":\"https:\/\/relane.org.mx\/web25\/index.php\/dr-sergio-ivan-ramirez-cacho\/#primaryimage\"},\"thumbnailUrl\":\"https:\/\/relane.org.mx\/web25\/wp-content\/uploads\/2025\/06\/Cacho.jpg\",\"datePublished\":\"2025-06-12T17:44:57+00:00\",\"dateModified\":\"2025-06-12T18:21:54+00:00\",\"breadcrumb\":{\"@id\":\"https:\/\/relane.org.mx\/web25\/index.php\/dr-sergio-ivan-ramirez-cacho\/#breadcrumb\"},\"inLanguage\":\"es\",\"potentialAction\":[{\"@type\":\"ReadAction\",\"target\":[\"https:\/\/relane.org.mx\/web25\/index.php\/dr-sergio-ivan-ramirez-cacho\/\"]}]},{\"@type\":\"ImageObject\",\"inLanguage\":\"es\",\"@id\":\"https:\/\/relane.org.mx\/web25\/index.php\/dr-sergio-ivan-ramirez-cacho\/#primaryimage\",\"url\":\"https:\/\/relane.org.mx\/web25\/wp-content\/uploads\/2025\/06\/Cacho.jpg\",\"contentUrl\":\"https:\/\/relane.org.mx\/web25\/wp-content\/uploads\/2025\/06\/Cacho.jpg\",\"width\":200,\"height\":200},{\"@type\":\"BreadcrumbList\",\"@id\":\"https:\/\/relane.org.mx\/web25\/index.php\/dr-sergio-ivan-ramirez-cacho\/#breadcrumb\",\"itemListElement\":[{\"@type\":\"ListItem\",\"position\":1,\"name\":\"Portada\",\"item\":\"https:\/\/relane.org.mx\/web25\/\"},{\"@type\":\"ListItem\",\"position\":2,\"name\":\"Dr. Sergio Iv\u00e1n Ram\u00edrez Cacho\"}]},{\"@type\":\"WebSite\",\"@id\":\"https:\/\/relane.org.mx\/web25\/#website\",\"url\":\"https:\/\/relane.org.mx\/web25\/\",\"name\":\"RELANE 2025\",\"description\":\"\",\"potentialAction\":[{\"@type\":\"SearchAction\",\"target\":{\"@type\":\"EntryPoint\",\"urlTemplate\":\"https:\/\/relane.org.mx\/web25\/?s={search_term_string}\"},\"query-input\":{\"@type\":\"PropertyValueSpecification\",\"valueRequired\":true,\"valueName\":\"search_term_string\"}}],\"inLanguage\":\"es\"}]}<\/script>\n<!-- \/ Yoast SEO plugin. -->","yoast_head_json":{"title":"Dr. Sergio Iv\u00e1n Ram\u00edrez Cacho - RELANE 2025","robots":{"index":"index","follow":"follow","max-snippet":"max-snippet:-1","max-image-preview":"max-image-preview:large","max-video-preview":"max-video-preview:-1"},"canonical":"https:\/\/relane.org.mx\/web25\/index.php\/dr-sergio-ivan-ramirez-cacho\/","og_locale":"es_ES","og_type":"article","og_title":"Dr. Sergio Iv\u00e1n Ram\u00edrez Cacho - RELANE 2025","og_description":"\ud83c\udf93 Formaci\u00f3n Acad\u00e9mica Doctor en Contabilidad y Auditor\u00eda por la Universidad de Cantabria, Espa\u00f1a (audytax.mx). Maestro en Ciencias (\u00e1rea fiscal) y Licenciado en Contadur\u00eda P\u00fablica por la Universidad de Colima (audytax.mx). Desde 2006, es Contador P\u00fablico Certificado ante el IMCP, con registro en el SAT para dictaminaci\u00f3n fiscal (audytax.mx). \ud83c\udfdb Trayectoria Profesional Profesor-investigador titular A&hellip;&nbsp;Dr. Sergio Iv\u00e1n Ram\u00edrez Cacho","og_url":"https:\/\/relane.org.mx\/web25\/index.php\/dr-sergio-ivan-ramirez-cacho\/","og_site_name":"RELANE 2025","article_modified_time":"2025-06-12T18:21:54+00:00","og_image":[{"width":200,"height":200,"url":"https:\/\/relane.org.mx\/web25\/wp-content\/uploads\/2025\/06\/Cacho.jpg","type":"image\/jpeg"}],"twitter_card":"summary_large_image","twitter_misc":{"Tiempo de lectura":"2 minutos"},"schema":{"@context":"https:\/\/schema.org","@graph":[{"@type":"WebPage","@id":"https:\/\/relane.org.mx\/web25\/index.php\/dr-sergio-ivan-ramirez-cacho\/","url":"https:\/\/relane.org.mx\/web25\/index.php\/dr-sergio-ivan-ramirez-cacho\/","name":"Dr. Sergio Iv\u00e1n Ram\u00edrez Cacho - RELANE 2025","isPartOf":{"@id":"https:\/\/relane.org.mx\/web25\/#website"},"primaryImageOfPage":{"@id":"https:\/\/relane.org.mx\/web25\/index.php\/dr-sergio-ivan-ramirez-cacho\/#primaryimage"},"image":{"@id":"https:\/\/relane.org.mx\/web25\/index.php\/dr-sergio-ivan-ramirez-cacho\/#primaryimage"},"thumbnailUrl":"https:\/\/relane.org.mx\/web25\/wp-content\/uploads\/2025\/06\/Cacho.jpg","datePublished":"2025-06-12T17:44:57+00:00","dateModified":"2025-06-12T18:21:54+00:00","breadcrumb":{"@id":"https:\/\/relane.org.mx\/web25\/index.php\/dr-sergio-ivan-ramirez-cacho\/#breadcrumb"},"inLanguage":"es","potentialAction":[{"@type":"ReadAction","target":["https:\/\/relane.org.mx\/web25\/index.php\/dr-sergio-ivan-ramirez-cacho\/"]}]},{"@type":"ImageObject","inLanguage":"es","@id":"https:\/\/relane.org.mx\/web25\/index.php\/dr-sergio-ivan-ramirez-cacho\/#primaryimage","url":"https:\/\/relane.org.mx\/web25\/wp-content\/uploads\/2025\/06\/Cacho.jpg","contentUrl":"https:\/\/relane.org.mx\/web25\/wp-content\/uploads\/2025\/06\/Cacho.jpg","width":200,"height":200},{"@type":"BreadcrumbList","@id":"https:\/\/relane.org.mx\/web25\/index.php\/dr-sergio-ivan-ramirez-cacho\/#breadcrumb","itemListElement":[{"@type":"ListItem","position":1,"name":"Portada","item":"https:\/\/relane.org.mx\/web25\/"},{"@type":"ListItem","position":2,"name":"Dr. Sergio Iv\u00e1n Ram\u00edrez Cacho"}]},{"@type":"WebSite","@id":"https:\/\/relane.org.mx\/web25\/#website","url":"https:\/\/relane.org.mx\/web25\/","name":"RELANE 2025","description":"","potentialAction":[{"@type":"SearchAction","target":{"@type":"EntryPoint","urlTemplate":"https:\/\/relane.org.mx\/web25\/?s={search_term_string}"},"query-input":{"@type":"PropertyValueSpecification","valueRequired":true,"valueName":"search_term_string"}}],"inLanguage":"es"}]}},"_links":{"self":[{"href":"https:\/\/relane.org.mx\/web25\/index.php\/wp-json\/wp\/v2\/pages\/70","targetHints":{"allow":["GET"]}}],"collection":[{"href":"https:\/\/relane.org.mx\/web25\/index.php\/wp-json\/wp\/v2\/pages"}],"about":[{"href":"https:\/\/relane.org.mx\/web25\/index.php\/wp-json\/wp\/v2\/types\/page"}],"author":[{"embeddable":true,"href":"https:\/\/relane.org.mx\/web25\/index.php\/wp-json\/wp\/v2\/users\/1"}],"replies":[{"embeddable":true,"href":"https:\/\/relane.org.mx\/web25\/index.php\/wp-json\/wp\/v2\/comments?post=70"}],"version-history":[{"count":7,"href":"https:\/\/relane.org.mx\/web25\/index.php\/wp-json\/wp\/v2\/pages\/70\/revisions"}],"predecessor-version":[{"id":97,"href":"https:\/\/relane.org.mx\/web25\/index.php\/wp-json\/wp\/v2\/pages\/70\/revisions\/97"}],"wp:attachment":[{"href":"https:\/\/relane.org.mx\/web25\/index.php\/wp-json\/wp\/v2\/media?parent=70"}],"curies":[{"name":"wp","href":"https:\/\/api.w.org\/{rel}","templated":true}]}}