{"id":76,"date":"2025-06-12T18:02:46","date_gmt":"2025-06-12T18:02:46","guid":{"rendered":"https:\/\/relane.org.mx\/web25\/?page_id=76"},"modified":"2025-06-12T18:12:52","modified_gmt":"2025-06-12T18:12:52","slug":"dr-carlos-mendez-gonzalez","status":"publish","type":"page","link":"https:\/\/relane.org.mx\/web25\/index.php\/dr-carlos-mendez-gonzalez\/","title":{"rendered":"Dr. Carlos M\u00e9ndez Gonz\u00e1lez"},"content":{"rendered":"<p><img decoding=\"async\" class=\"wp-image-80 aligncenter\" src=\"https:\/\/relane.org.mx\/web25\/wp-content\/uploads\/2025\/06\/Carlos-Mendez-Gonzalez-700x933-1-225x300.jpg\" alt=\"\" width=\"152\" height=\"203\" srcset=\"https:\/\/relane.org.mx\/web25\/wp-content\/uploads\/2025\/06\/Carlos-Mendez-Gonzalez-700x933-1-225x300.jpg 225w, https:\/\/relane.org.mx\/web25\/wp-content\/uploads\/2025\/06\/Carlos-Mendez-Gonzalez-700x933-1.jpg 700w\" sizes=\"(max-width: 152px) 100vw, 152px\" \/><\/p>\n<p data-start=\"0\" data-end=\"37\"><span class=\"relative -mx-px my-[-0.2rem] rounded px-px py-[0.2rem] transition-colors duration-100 ease-in-out\"><strong data-start=\"38\" data-end=\"68\">Dr. Carlos M\u00e9ndez Gonz\u00e1lez<\/strong>, basado en fuentes oficiales:<\/span><\/p>\n<h2 data-start=\"44\" data-end=\"71\">\ud83c\udf93 Formaci\u00f3n acad\u00e9mica<\/h2>\n<ul data-start=\"72\" data-end=\"312\">\n<li data-start=\"72\" data-end=\"152\">\n<p data-start=\"74\" data-end=\"152\"><span class=\"relative -mx-px my-[-0.2rem] rounded px-px py-[0.2rem] transition-colors duration-100 ease-in-out\">Doctor en Ciencias en Negocios Internacionales por el Instituto de Investigaciones en Negocios Internacionales y Econom\u00eda Empresarial (ININEE\u2013UMSNH, 2011\u20132015).<\/span><\/p>\n<\/li>\n<li data-start=\"153\" data-end=\"233\">\n<p data-start=\"155\" data-end=\"233\"><span class=\"relative -mx-px my-[-0.2rem] rounded px-px py-[0.2rem] transition-colors duration-100 ease-in-out\">Maestro en Econom\u00eda Aplicada por El Colegio de la Frontera Norte (Tijuana)<\/span> <span class=\"\" data-state=\"closed\"><span class=\"ms-1 inline-flex max-w-full items-center relative top-[-0.094rem] animate-[show_150ms_ease-in]\"><a class=\"flex h-4.5 overflow-hidden rounded-xl px-2 text-[0.5625em] font-medium text-token-text-secondary! bg-[#F4F4F4]! dark:bg-[#303030]! transition-colors duration-150 ease-in-out\" href=\"https:\/\/editorialcirculorojo.com\/autores\/carlos-mendez-gonzalez\/?utm_source=chatgpt.com\" target=\"_blank\" rel=\"noopener\"><span class=\"relative start-0 bottom-0 flex h-full w-full items-center\"><span class=\"flex h-4 w-full items-center justify-between absolute\"><span class=\"max-w-full grow truncate overflow-hidden text-center\">researchgate.net<\/span><span class=\"-me-1 flex h-full items-center rounded-full px-1 text-[#8F8F8F]\">+3<\/span><\/span><span class=\"flex h-4 w-full items-center justify-between\"><span class=\"max-w-full grow truncate overflow-hidden text-center\">editorialcirculorojo.com<\/span><span class=\"-me-1 flex h-full items-center rounded-full px-1 text-[#8F8F8F]\">+3<\/span><\/span><span class=\"flex h-4 w-full items-center justify-between absolute\"><span class=\"max-w-full grow truncate overflow-hidden text-center\">relane.org.mx<\/span><span class=\"-me-1 flex h-full items-center rounded-full px-1 text-[#8F8F8F]\">+3<\/span><\/span><\/span><\/a><\/span><\/span>.<\/p>\n<\/li>\n<li data-start=\"234\" data-end=\"312\">\n<p data-start=\"236\" data-end=\"312\"><span class=\"relative -mx-px my-[-0.2rem] rounded px-px py-[0.2rem] transition-colors duration-100 ease-in-out\">Licenciado en Negocios Internacionales por la UABC (Mexicali), con promedio de 9.3<\/span> <span class=\"\" data-state=\"closed\"><span class=\"ms-1 inline-flex max-w-full items-center relative top-[-0.094rem] animate-[show_150ms_ease-in]\"><a class=\"flex h-4.5 overflow-hidden rounded-xl px-2 text-[0.5625em] font-medium text-token-text-secondary! bg-[#F4F4F4]! dark:bg-[#303030]! transition-colors duration-150 ease-in-out\" href=\"https:\/\/relane.org.mx\/wp\/?page_id=100&amp;utm_source=chatgpt.com\" target=\"_blank\" rel=\"noopener\"><span class=\"relative start-0 bottom-0 flex h-full w-full items-center\"><span class=\"flex h-4 w-full items-center justify-between absolute\"><span class=\"max-w-full grow truncate overflow-hidden text-center\">facebook.com<\/span><span class=\"-me-1 flex h-full items-center rounded-full px-1 text-[#8F8F8F]\">+15<\/span><\/span><span class=\"flex h-4 w-full items-center justify-between\"><span class=\"max-w-full grow truncate overflow-hidden text-center\">relane.org.mx<\/span><span class=\"-me-1 flex h-full items-center rounded-full px-1 text-[#8F8F8F]\">+15<\/span><\/span><span class=\"flex h-4 w-full items-center justify-between absolute\"><span class=\"max-w-full grow truncate overflow-hidden text-center\">ucol.academia.edu<\/span><span class=\"-me-1 flex h-full items-center rounded-full px-1 text-[#8F8F8F]\">+15<\/span><\/span><\/span><\/a><\/span><\/span>.<\/p>\n<\/li>\n<\/ul>\n<hr data-start=\"314\" data-end=\"317\" \/>\n<h2 data-start=\"319\" data-end=\"350\">\ud83c\udfeb Trayectoria profesional<\/h2>\n<ul data-start=\"351\" data-end=\"682\">\n<li data-start=\"351\" data-end=\"431\">\n<p data-start=\"353\" data-end=\"431\"><span class=\"relative -mx-px my-[-0.2rem] rounded px-px py-[0.2rem] transition-colors duration-100 ease-in-out\">Profesor\u2011investigador titular en la Facultad de Comercio Exterior de la Universidad de Colima desde febrero de 2016, con perfil deseable en la SEP y miembro del Sistema Nacional de Investigadores, nivel C<\/span> <span class=\"\" data-state=\"closed\"><span class=\"ms-1 inline-flex max-w-full items-center relative top-[-0.094rem] animate-[show_150ms_ease-in]\"><a class=\"flex h-4.5 overflow-hidden rounded-xl px-2 text-[0.5625em] font-medium text-token-text-secondary! bg-[#F4F4F4]! dark:bg-[#303030]! transition-colors duration-150 ease-in-out\" href=\"https:\/\/editorialcirculorojo.com\/autores\/carlos-mendez-gonzalez\/?utm_source=chatgpt.com\" target=\"_blank\" rel=\"noopener\"><span class=\"relative start-0 bottom-0 flex h-full w-full items-center\"><span class=\"flex h-4 w-full items-center justify-between absolute\"><span class=\"max-w-full grow truncate overflow-hidden text-center\">researchgate.net<\/span><span class=\"-me-1 flex h-full items-center rounded-full px-1 text-[#8F8F8F]\">+8<\/span><\/span><span class=\"flex h-4 w-full items-center justify-between\"><span class=\"max-w-full grow truncate overflow-hidden text-center\">editorialcirculorojo.com<\/span><span class=\"-me-1 flex h-full items-center rounded-full px-1 text-[#8F8F8F]\">+8<\/span><\/span><span class=\"flex h-4 w-full items-center justify-between absolute\"><span class=\"max-w-full grow truncate overflow-hidden text-center\">mx.linkedin.com<\/span><span class=\"-me-1 flex h-full items-center rounded-full px-1 text-[#8F8F8F]\">+8<\/span><\/span><\/span><\/a><\/span><\/span>.<\/p>\n<\/li>\n<li data-start=\"432\" data-end=\"514\">\n<p data-start=\"434\" data-end=\"514\"><span class=\"relative -mx-px my-[-0.2rem] rounded px-px py-[0.2rem] transition-colors duration-100 ease-in-out\">Ha impartido clases en otras universidades (UNID, UNIVA, UVM, UCLA), abarcando licenciatura, posgrado y diplomados<\/span> <span class=\"\" data-state=\"closed\"><span class=\"ms-1 inline-flex max-w-full items-center relative top-[-0.094rem] animate-[show_150ms_ease-in]\"><a class=\"flex h-4.5 overflow-hidden rounded-xl px-2 text-[0.5625em] font-medium text-token-text-secondary! bg-[#F4F4F4]! dark:bg-[#303030]! transition-colors duration-150 ease-in-out\" href=\"https:\/\/ucol.academia.edu\/CarlosMendez\/CurriculumVitae?utm_source=chatgpt.com\" target=\"_blank\" rel=\"noopener\"><span class=\"relative start-0 bottom-0 flex h-full w-full items-center\"><span class=\"flex h-4 w-full items-center justify-between absolute\"><span class=\"max-w-full grow truncate overflow-hidden text-center\">relane.org.mx<\/span><span class=\"-me-1 flex h-full items-center rounded-full px-1 text-[#8F8F8F]\">+11<\/span><\/span><span class=\"flex h-4 w-full items-center justify-between\"><span class=\"max-w-full grow truncate overflow-hidden text-center\">ucol.academia.edu<\/span><span class=\"-me-1 flex h-full items-center rounded-full px-1 text-[#8F8F8F]\">+11<\/span><\/span><span class=\"flex h-4 w-full items-center justify-between absolute\"><span class=\"max-w-full grow truncate overflow-hidden text-center\">editorialcirculorojo.com<\/span><span class=\"-me-1 flex h-full items-center rounded-full px-1 text-[#8F8F8F]\">+11<\/span><\/span><\/span><\/a><\/span><\/span>.<\/p>\n<\/li>\n<li data-start=\"515\" data-end=\"599\">\n<p data-start=\"517\" data-end=\"599\"><span class=\"relative -mx-px my-[-0.2rem] rounded px-px py-[0.2rem] transition-colors duration-100 ease-in-out\">En el sector p\u00fablico, fungi\u00f3 como l\u00edder de \u00e1rea y planeador en el proyecto M\u00e9xico Conectado de la SCT en Michoac\u00e1n<\/span> <span class=\"\" data-state=\"closed\"><span class=\"ms-1 inline-flex max-w-full items-center relative top-[-0.094rem] animate-[show_150ms_ease-in]\"><a class=\"flex h-4.5 overflow-hidden rounded-xl px-2 text-[0.5625em] font-medium text-token-text-secondary! bg-[#F4F4F4]! dark:bg-[#303030]! transition-colors duration-150 ease-in-out\" href=\"https:\/\/ucol.academia.edu\/CarlosMendez\/CurriculumVitae?utm_source=chatgpt.com\" target=\"_blank\" rel=\"noopener\"><span class=\"relative start-0 bottom-0 flex h-full w-full items-center\"><span class=\"flex h-4 w-full items-center justify-between absolute\"><span class=\"max-w-full grow truncate overflow-hidden text-center\">scholar.google.com.mx<\/span><span class=\"-me-1 flex h-full items-center rounded-full px-1 text-[#8F8F8F]\">+2<\/span><\/span><span class=\"flex h-4 w-full items-center justify-between\"><span class=\"max-w-full grow truncate overflow-hidden text-center\">ucol.academia.edu<\/span><span class=\"-me-1 flex h-full items-center rounded-full px-1 text-[#8F8F8F]\">+2<\/span><\/span><span class=\"flex h-4 w-full items-center justify-between absolute\"><span class=\"max-w-full grow truncate overflow-hidden text-center\">relane.org.mx<\/span><span class=\"-me-1 flex h-full items-center rounded-full px-1 text-[#8F8F8F]\">+2<\/span><\/span><\/span><\/a><\/span><\/span>.<\/p>\n<\/li>\n<li data-start=\"600\" data-end=\"682\">\n<p data-start=\"602\" data-end=\"682\"><span class=\"relative -mx-px my-[-0.2rem] rounded px-px py-[0.2rem] transition-colors duration-100 ease-in-out\">En el sector privado, trabaj\u00f3 en ventas corporativas en Kitchen Kraft (Mexicali)<\/span> <span class=\"\" data-state=\"closed\"><span class=\"ms-1 inline-flex max-w-full items-center relative top-[-0.094rem] animate-[show_150ms_ease-in]\"><a class=\"flex h-4.5 overflow-hidden rounded-xl px-2 text-[0.5625em] font-medium text-token-text-secondary! bg-[#F4F4F4]! dark:bg-[#303030]! transition-colors duration-150 ease-in-out\" href=\"https:\/\/ucol.academia.edu\/CarlosMendez\/CurriculumVitae?utm_source=chatgpt.com\" target=\"_blank\" rel=\"noopener\"><span class=\"relative start-0 bottom-0 flex h-full w-full items-center\"><span class=\"flex h-4 w-full items-center justify-between\"><span class=\"max-w-full grow truncate overflow-hidden text-center\">ucol.academia.edu<\/span><span class=\"-me-1 flex h-full items-center rounded-full px-1 text-[#8F8F8F]\">+1<\/span><\/span><span class=\"flex h-4 w-full items-center justify-between absolute\"><span class=\"max-w-full grow truncate overflow-hidden text-center\">relane.org.mx<\/span><span class=\"-me-1 flex h-full items-center rounded-full px-1 text-[#8F8F8F]\">+1<\/span><\/span><\/span><\/a><\/span><\/span>.<\/p>\n<\/li>\n<\/ul>\n<hr data-start=\"684\" data-end=\"687\" \/>\n<h2 data-start=\"689\" data-end=\"726\">\ud83c\udf10 Investigaci\u00f3n y publicaciones<\/h2>\n<ul data-start=\"727\" data-end=\"1124\">\n<li data-start=\"727\" data-end=\"811\">\n<p data-start=\"729\" data-end=\"811\"><span class=\"relative -mx-px my-[-0.2rem] rounded px-px py-[0.2rem] transition-colors duration-100 ease-in-out\">Cuenta con al menos 37 publicaciones acad\u00e9micas, cargadas en ResearchGate, en \u00e1reas como an\u00e1lisis econ\u00f3mico aplicado, log\u00edstica, internacionalizaci\u00f3n empresarial y gesti\u00f3n aduanera<\/span> <span class=\"\" data-state=\"closed\"><span class=\"ms-1 inline-flex max-w-full items-center relative top-[-0.094rem] animate-[show_150ms_ease-in]\"><a class=\"flex h-4.5 overflow-hidden rounded-xl px-2 text-[0.5625em] font-medium text-token-text-secondary! bg-[#F4F4F4]! dark:bg-[#303030]! transition-colors duration-150 ease-in-out\" href=\"https:\/\/www.researchgate.net\/profile\/Carlos-Mendez-Gonzalez?utm_source=chatgpt.com\" target=\"_blank\" rel=\"noopener\"><span class=\"relative start-0 bottom-0 flex h-full w-full items-center\"><span class=\"flex h-4 w-full items-center justify-between overflow-hidden\"><span class=\"max-w-full grow truncate overflow-hidden text-center\">researchgate.net<\/span><\/span><\/span><\/a><\/span><\/span>.<\/p>\n<\/li>\n<li data-start=\"812\" data-end=\"1124\">\n<p data-start=\"814\" data-end=\"855\"><span class=\"relative -mx-px my-[-0.2rem] rounded px-px py-[0.2rem] transition-colors duration-100 ease-in-out\">Ha trabajado en temas como:<\/span><\/p>\n<ul data-start=\"858\" data-end=\"1124\">\n<li data-start=\"858\" data-end=\"901\">\n<p data-start=\"860\" data-end=\"901\"><span class=\"relative -mx-px my-[-0.2rem] rounded px-px py-[0.2rem] transition-colors duration-100 ease-in-out\">Desempe\u00f1o log\u00edstico y exportaciones mundiales.<\/span><\/p>\n<\/li>\n<li data-start=\"904\" data-end=\"947\">\n<p data-start=\"906\" data-end=\"947\"><span class=\"relative -mx-px my-[-0.2rem] rounded px-px py-[0.2rem] transition-colors duration-100 ease-in-out\">Capital humano y exportaciones mexicanas (2020).<\/span><\/p>\n<\/li>\n<li data-start=\"950\" data-end=\"993\">\n<p data-start=\"952\" data-end=\"993\"><span class=\"relative -mx-px my-[-0.2rem] rounded px-px py-[0.2rem] transition-colors duration-100 ease-in-out\">Modelos de productividad y costos en la industria manufacturera.<\/span><\/p>\n<\/li>\n<li data-start=\"996\" data-end=\"1039\">\n<p data-start=\"998\" data-end=\"1039\"><span class=\"relative -mx-px my-[-0.2rem] rounded px-px py-[0.2rem] transition-colors duration-100 ease-in-out\">Competitividad de franquicias mexicanas.<\/span><\/p>\n<\/li>\n<li data-start=\"1042\" data-end=\"1124\">\n<p data-start=\"1044\" data-end=\"1124\"><span class=\"relative -mx-px my-[-0.2rem] rounded px-px py-[0.2rem] transition-colors duration-100 ease-in-out\">Log\u00edstica portuaria y servicios integrados en Manzanillo (2023\u20132024)<\/span> <span class=\"\" data-state=\"closed\"><span class=\"ms-1 inline-flex max-w-full items-center relative top-[-0.094rem] animate-[show_150ms_ease-in]\"><a class=\"flex h-4.5 overflow-hidden rounded-xl px-2 text-[0.5625em] font-medium text-token-text-secondary! bg-[#F4F4F4]! dark:bg-[#303030]! transition-colors duration-150 ease-in-out\" href=\"https:\/\/www.researchgate.net\/profile\/Carlos-Mendez-Gonzalez?utm_source=chatgpt.com\" target=\"_blank\" rel=\"noopener\"><span class=\"relative start-0 bottom-0 flex h-full w-full items-center\"><span class=\"flex h-4 w-full items-center justify-between absolute\"><span class=\"max-w-full grow truncate overflow-hidden text-center\">facebook.com<\/span><span class=\"-me-1 flex h-full items-center rounded-full px-1 text-[#8F8F8F]\">+15<\/span><\/span><span class=\"flex h-4 w-full items-center justify-between\"><span class=\"max-w-full grow truncate overflow-hidden text-center\">researchgate.net<\/span><span class=\"-me-1 flex h-full items-center rounded-full px-1 text-[#8F8F8F]\">+15<\/span><\/span><span class=\"flex h-4 w-full items-center justify-between absolute\"><span class=\"max-w-full grow truncate overflow-hidden text-center\">relane.org.mx<\/span><span class=\"-me-1 flex h-full items-center rounded-full px-1 text-[#8F8F8F]\">+15<\/span><\/span><\/span><\/a><\/span><\/span>.<\/p>\n<\/li>\n<\/ul>\n<\/li>\n<\/ul>\n","protected":false},"excerpt":{"rendered":"<p>Dr. Carlos M\u00e9ndez Gonz\u00e1lez, basado en fuentes oficiales: \ud83c\udf93 Formaci\u00f3n acad\u00e9mica Doctor en Ciencias en Negocios Internacionales por el Instituto de Investigaciones en Negocios Internacionales y Econom\u00eda Empresarial (ININEE\u2013UMSNH, 2011\u20132015). Maestro en Econom\u00eda Aplicada por El Colegio de la Frontera Norte (Tijuana) researchgate.net+3editorialcirculorojo.com+3relane.org.mx+3. Licenciado en Negocios Internacionales por la UABC (Mexicali), con promedio de 9.3&hellip;&nbsp;<a href=\"https:\/\/relane.org.mx\/web25\/index.php\/dr-carlos-mendez-gonzalez\/\" rel=\"bookmark\"><span class=\"screen-reader-text\">Dr. Carlos M\u00e9ndez Gonz\u00e1lez<\/span><\/a><\/p>\n","protected":false},"author":1,"featured_media":0,"parent":0,"menu_order":0,"comment_status":"closed","ping_status":"closed","template":"","meta":{"neve_meta_sidebar":"","neve_meta_container":"","neve_meta_enable_content_width":"off","neve_meta_content_width":100,"neve_meta_title_alignment":"","neve_meta_author_avatar":"","neve_post_elements_order":"","neve_meta_disable_header":"","neve_meta_disable_footer":"","neve_meta_disable_title":"","footnotes":""},"class_list":["post-76","page","type-page","status-publish","hentry"],"yoast_head":"<!-- This site is optimized with the Yoast SEO plugin v24.7 - https:\/\/yoast.com\/wordpress\/plugins\/seo\/ -->\n<title>Dr. Carlos M\u00e9ndez Gonz\u00e1lez - RELANE 2025<\/title>\n<meta name=\"robots\" content=\"index, follow, max-snippet:-1, max-image-preview:large, max-video-preview:-1\" \/>\n<link rel=\"canonical\" href=\"https:\/\/relane.org.mx\/web25\/index.php\/dr-carlos-mendez-gonzalez\/\" \/>\n<meta property=\"og:locale\" content=\"es_ES\" \/>\n<meta property=\"og:type\" content=\"article\" \/>\n<meta property=\"og:title\" content=\"Dr. Carlos M\u00e9ndez Gonz\u00e1lez - RELANE 2025\" \/>\n<meta property=\"og:description\" content=\"Dr. Carlos M\u00e9ndez Gonz\u00e1lez, basado en fuentes oficiales: \ud83c\udf93 Formaci\u00f3n acad\u00e9mica Doctor en Ciencias en Negocios Internacionales por el Instituto de Investigaciones en Negocios Internacionales y Econom\u00eda Empresarial (ININEE\u2013UMSNH, 2011\u20132015). Maestro en Econom\u00eda Aplicada por El Colegio de la Frontera Norte (Tijuana) researchgate.net+3editorialcirculorojo.com+3relane.org.mx+3. Licenciado en Negocios Internacionales por la UABC (Mexicali), con promedio de 9.3&hellip;&nbsp;Dr. Carlos M\u00e9ndez Gonz\u00e1lez\" \/>\n<meta property=\"og:url\" content=\"https:\/\/relane.org.mx\/web25\/index.php\/dr-carlos-mendez-gonzalez\/\" \/>\n<meta property=\"og:site_name\" content=\"RELANE 2025\" \/>\n<meta property=\"article:modified_time\" content=\"2025-06-12T18:12:52+00:00\" \/>\n<meta property=\"og:image\" content=\"https:\/\/relane.org.mx\/web25\/wp-content\/uploads\/2025\/06\/Carlos-Mendez-Gonzalez-700x933-1.jpg\" \/>\n\t<meta property=\"og:image:width\" content=\"700\" \/>\n\t<meta property=\"og:image:height\" content=\"933\" \/>\n\t<meta property=\"og:image:type\" content=\"image\/jpeg\" \/>\n<meta name=\"twitter:card\" content=\"summary_large_image\" \/>\n<meta name=\"twitter:label1\" content=\"Tiempo de lectura\" \/>\n\t<meta name=\"twitter:data1\" content=\"2 minutos\" \/>\n<script type=\"application\/ld+json\" class=\"yoast-schema-graph\">{\"@context\":\"https:\/\/schema.org\",\"@graph\":[{\"@type\":\"WebPage\",\"@id\":\"https:\/\/relane.org.mx\/web25\/index.php\/dr-carlos-mendez-gonzalez\/\",\"url\":\"https:\/\/relane.org.mx\/web25\/index.php\/dr-carlos-mendez-gonzalez\/\",\"name\":\"Dr. Carlos M\u00e9ndez Gonz\u00e1lez - RELANE 2025\",\"isPartOf\":{\"@id\":\"https:\/\/relane.org.mx\/web25\/#website\"},\"primaryImageOfPage\":{\"@id\":\"https:\/\/relane.org.mx\/web25\/index.php\/dr-carlos-mendez-gonzalez\/#primaryimage\"},\"image\":{\"@id\":\"https:\/\/relane.org.mx\/web25\/index.php\/dr-carlos-mendez-gonzalez\/#primaryimage\"},\"thumbnailUrl\":\"https:\/\/relane.org.mx\/web25\/wp-content\/uploads\/2025\/06\/Carlos-Mendez-Gonzalez-700x933-1-225x300.jpg\",\"datePublished\":\"2025-06-12T18:02:46+00:00\",\"dateModified\":\"2025-06-12T18:12:52+00:00\",\"breadcrumb\":{\"@id\":\"https:\/\/relane.org.mx\/web25\/index.php\/dr-carlos-mendez-gonzalez\/#breadcrumb\"},\"inLanguage\":\"es\",\"potentialAction\":[{\"@type\":\"ReadAction\",\"target\":[\"https:\/\/relane.org.mx\/web25\/index.php\/dr-carlos-mendez-gonzalez\/\"]}]},{\"@type\":\"ImageObject\",\"inLanguage\":\"es\",\"@id\":\"https:\/\/relane.org.mx\/web25\/index.php\/dr-carlos-mendez-gonzalez\/#primaryimage\",\"url\":\"https:\/\/relane.org.mx\/web25\/wp-content\/uploads\/2025\/06\/Carlos-Mendez-Gonzalez-700x933-1.jpg\",\"contentUrl\":\"https:\/\/relane.org.mx\/web25\/wp-content\/uploads\/2025\/06\/Carlos-Mendez-Gonzalez-700x933-1.jpg\",\"width\":700,\"height\":933},{\"@type\":\"BreadcrumbList\",\"@id\":\"https:\/\/relane.org.mx\/web25\/index.php\/dr-carlos-mendez-gonzalez\/#breadcrumb\",\"itemListElement\":[{\"@type\":\"ListItem\",\"position\":1,\"name\":\"Portada\",\"item\":\"https:\/\/relane.org.mx\/web25\/\"},{\"@type\":\"ListItem\",\"position\":2,\"name\":\"Dr. Carlos M\u00e9ndez Gonz\u00e1lez\"}]},{\"@type\":\"WebSite\",\"@id\":\"https:\/\/relane.org.mx\/web25\/#website\",\"url\":\"https:\/\/relane.org.mx\/web25\/\",\"name\":\"RELANE 2025\",\"description\":\"\",\"potentialAction\":[{\"@type\":\"SearchAction\",\"target\":{\"@type\":\"EntryPoint\",\"urlTemplate\":\"https:\/\/relane.org.mx\/web25\/?s={search_term_string}\"},\"query-input\":{\"@type\":\"PropertyValueSpecification\",\"valueRequired\":true,\"valueName\":\"search_term_string\"}}],\"inLanguage\":\"es\"}]}<\/script>\n<!-- \/ Yoast SEO plugin. -->","yoast_head_json":{"title":"Dr. Carlos M\u00e9ndez Gonz\u00e1lez - RELANE 2025","robots":{"index":"index","follow":"follow","max-snippet":"max-snippet:-1","max-image-preview":"max-image-preview:large","max-video-preview":"max-video-preview:-1"},"canonical":"https:\/\/relane.org.mx\/web25\/index.php\/dr-carlos-mendez-gonzalez\/","og_locale":"es_ES","og_type":"article","og_title":"Dr. Carlos M\u00e9ndez Gonz\u00e1lez - RELANE 2025","og_description":"Dr. Carlos M\u00e9ndez Gonz\u00e1lez, basado en fuentes oficiales: \ud83c\udf93 Formaci\u00f3n acad\u00e9mica Doctor en Ciencias en Negocios Internacionales por el Instituto de Investigaciones en Negocios Internacionales y Econom\u00eda Empresarial (ININEE\u2013UMSNH, 2011\u20132015). Maestro en Econom\u00eda Aplicada por El Colegio de la Frontera Norte (Tijuana) researchgate.net+3editorialcirculorojo.com+3relane.org.mx+3. Licenciado en Negocios Internacionales por la UABC (Mexicali), con promedio de 9.3&hellip;&nbsp;Dr. Carlos M\u00e9ndez Gonz\u00e1lez","og_url":"https:\/\/relane.org.mx\/web25\/index.php\/dr-carlos-mendez-gonzalez\/","og_site_name":"RELANE 2025","article_modified_time":"2025-06-12T18:12:52+00:00","og_image":[{"width":700,"height":933,"url":"https:\/\/relane.org.mx\/web25\/wp-content\/uploads\/2025\/06\/Carlos-Mendez-Gonzalez-700x933-1.jpg","type":"image\/jpeg"}],"twitter_card":"summary_large_image","twitter_misc":{"Tiempo de lectura":"2 minutos"},"schema":{"@context":"https:\/\/schema.org","@graph":[{"@type":"WebPage","@id":"https:\/\/relane.org.mx\/web25\/index.php\/dr-carlos-mendez-gonzalez\/","url":"https:\/\/relane.org.mx\/web25\/index.php\/dr-carlos-mendez-gonzalez\/","name":"Dr. Carlos M\u00e9ndez Gonz\u00e1lez - RELANE 2025","isPartOf":{"@id":"https:\/\/relane.org.mx\/web25\/#website"},"primaryImageOfPage":{"@id":"https:\/\/relane.org.mx\/web25\/index.php\/dr-carlos-mendez-gonzalez\/#primaryimage"},"image":{"@id":"https:\/\/relane.org.mx\/web25\/index.php\/dr-carlos-mendez-gonzalez\/#primaryimage"},"thumbnailUrl":"https:\/\/relane.org.mx\/web25\/wp-content\/uploads\/2025\/06\/Carlos-Mendez-Gonzalez-700x933-1-225x300.jpg","datePublished":"2025-06-12T18:02:46+00:00","dateModified":"2025-06-12T18:12:52+00:00","breadcrumb":{"@id":"https:\/\/relane.org.mx\/web25\/index.php\/dr-carlos-mendez-gonzalez\/#breadcrumb"},"inLanguage":"es","potentialAction":[{"@type":"ReadAction","target":["https:\/\/relane.org.mx\/web25\/index.php\/dr-carlos-mendez-gonzalez\/"]}]},{"@type":"ImageObject","inLanguage":"es","@id":"https:\/\/relane.org.mx\/web25\/index.php\/dr-carlos-mendez-gonzalez\/#primaryimage","url":"https:\/\/relane.org.mx\/web25\/wp-content\/uploads\/2025\/06\/Carlos-Mendez-Gonzalez-700x933-1.jpg","contentUrl":"https:\/\/relane.org.mx\/web25\/wp-content\/uploads\/2025\/06\/Carlos-Mendez-Gonzalez-700x933-1.jpg","width":700,"height":933},{"@type":"BreadcrumbList","@id":"https:\/\/relane.org.mx\/web25\/index.php\/dr-carlos-mendez-gonzalez\/#breadcrumb","itemListElement":[{"@type":"ListItem","position":1,"name":"Portada","item":"https:\/\/relane.org.mx\/web25\/"},{"@type":"ListItem","position":2,"name":"Dr. Carlos M\u00e9ndez Gonz\u00e1lez"}]},{"@type":"WebSite","@id":"https:\/\/relane.org.mx\/web25\/#website","url":"https:\/\/relane.org.mx\/web25\/","name":"RELANE 2025","description":"","potentialAction":[{"@type":"SearchAction","target":{"@type":"EntryPoint","urlTemplate":"https:\/\/relane.org.mx\/web25\/?s={search_term_string}"},"query-input":{"@type":"PropertyValueSpecification","valueRequired":true,"valueName":"search_term_string"}}],"inLanguage":"es"}]}},"_links":{"self":[{"href":"https:\/\/relane.org.mx\/web25\/index.php\/wp-json\/wp\/v2\/pages\/76","targetHints":{"allow":["GET"]}}],"collection":[{"href":"https:\/\/relane.org.mx\/web25\/index.php\/wp-json\/wp\/v2\/pages"}],"about":[{"href":"https:\/\/relane.org.mx\/web25\/index.php\/wp-json\/wp\/v2\/types\/page"}],"author":[{"embeddable":true,"href":"https:\/\/relane.org.mx\/web25\/index.php\/wp-json\/wp\/v2\/users\/1"}],"replies":[{"embeddable":true,"href":"https:\/\/relane.org.mx\/web25\/index.php\/wp-json\/wp\/v2\/comments?post=76"}],"version-history":[{"count":3,"href":"https:\/\/relane.org.mx\/web25\/index.php\/wp-json\/wp\/v2\/pages\/76\/revisions"}],"predecessor-version":[{"id":91,"href":"https:\/\/relane.org.mx\/web25\/index.php\/wp-json\/wp\/v2\/pages\/76\/revisions\/91"}],"wp:attachment":[{"href":"https:\/\/relane.org.mx\/web25\/index.php\/wp-json\/wp\/v2\/media?parent=76"}],"curies":[{"name":"wp","href":"https:\/\/api.w.org\/{rel}","templated":true}]}}